{"id":1016,"date":"2013-02-02T14:17:48","date_gmt":"2013-02-02T13:17:48","guid":{"rendered":"http:\/\/www.norweger.at\/?page_id=1016"},"modified":"2013-12-27T13:19:00","modified_gmt":"2013-12-27T12:19:00","slug":"medienberichte","status":"publish","type":"page","link":"http:\/\/www.norweger.at\/no\/causa-koberl-3\/medienberichte\/","title":{"rendered":"Medienberichte"},"content":{"rendered":"<p>Aus: Drammens Tidende &#8211; Buskeruds Blad Nr. 23; Freitag, 28. Januar 1994 &#8211; 4.Woche<\/p>\n<p>\u00c5l: Katrin Esepgard (33), verheiratet und wohnhaft in \u00c5l, hatte eine brutale Religionsverfolgung am eigenen Leib erlebt. 1987 wurde sie in ihrem Heimatland \u00d6sterreich f\u00fcr vier Tage gekidnappt, geknebelt und psychisch terrorisiert, weil sie Kontakt mit der Glaubensgemeinschaft Smiths Freunde hatte. Schlie\u00dflich konnte sie fliehen.<\/p>\n<p>In \u00c5l bekam sie sp\u00e4ter von zwei deutschsprechenden M\u00e4nnern Besuch. Dieses Mal reagierte sie jedoch schneller und ging &laquo;in Deckung&raquo;. Katrin und ihr Mann Oddvar Espegard kontaktierten die Polizei, diese wiederum warnte die Interpol. Die Sache endete damit, dass das Au\u00dfenministerium genug Druck auf die \u00f6sterreichischen Beh\u00f6rden machen konnte, sodass die Causa &#8211; die bereits weggelegt war &#8211; wieder aufgenommen wurde. Neulich wurde ihre Mutter aufgrund des Kidnappings vom \u00f6sterreichischen H\u00f6chstgericht f\u00fcr schuldig befunden .<\/p>\n<p><a href=\"http:\/\/www.norweger.at\/wp-content\/uploads\/2013\/01\/katrin_zeitung.jpg\"><img decoding=\"async\" class=\"alignleft  wp-image-1009\" alt=\"katrin_zeitung\" src=\"http:\/\/www.norweger.at\/wp-content\/uploads\/2013\/01\/katrin_zeitung-300x212.jpg\" width=\"700\" srcset=\"http:\/\/www.norweger.at\/wp-content\/uploads\/2013\/01\/katrin_zeitung-300x212.jpg 300w, http:\/\/www.norweger.at\/wp-content\/uploads\/2013\/01\/katrin_zeitung.jpg 700w\" sizes=\"(max-width: 300px) 100vw, 300px\" \/><\/a><\/p>\n","protected":false},"excerpt":{"rendered":"<p>Aus: Drammens Tidende &#8211; Buskeruds Blad Nr. 23; Freitag, 28. Januar 1994 &#8211; 4.Woche \u00c5l: Katrin Esepgard (33), verheiratet und wohnhaft in \u00c5l, hatte eine brutale Religionsverfolgung am eigenen Leib erlebt. 1987 wurde sie in ihrem Heimatland \u00d6sterreich f\u00fcr vier Tage gekidnappt, geknebelt und psychisch terrorisiert, weil sie Kontakt mit der Glaubensgemeinschaft Smiths Freunde hatte. [&hellip;]<\/p>\n","protected":false},"author":1,"featured_media":0,"parent":807,"menu_order":6,"comment_status":"open","ping_status":"closed","template":"","meta":{"footnotes":""},"translation":{"provider":"WPGlobus","version":"2.12.2","language":"no","enabled_languages":["de","no","en"],"languages":{"de":{"title":true,"content":true,"excerpt":false},"no":{"title":false,"content":false,"excerpt":false},"en":{"title":false,"content":false,"excerpt":false}}},"_links":{"self":[{"href":"http:\/\/www.norweger.at\/no\/wp-json\/wp\/v2\/pages\/1016"}],"collection":[{"href":"http:\/\/www.norweger.at\/no\/wp-json\/wp\/v2\/pages"}],"about":[{"href":"http:\/\/www.norweger.at\/no\/wp-json\/wp\/v2\/types\/page"}],"author":[{"embeddable":true,"href":"http:\/\/www.norweger.at\/no\/wp-json\/wp\/v2\/users\/1"}],"replies":[{"embeddable":true,"href":"http:\/\/www.norweger.at\/no\/wp-json\/wp\/v2\/comments?post=1016"}],"version-history":[{"count":7,"href":"http:\/\/www.norweger.at\/no\/wp-json\/wp\/v2\/pages\/1016\/revisions"}],"predecessor-version":[{"id":2580,"href":"http:\/\/www.norweger.at\/no\/wp-json\/wp\/v2\/pages\/1016\/revisions\/2580"}],"up":[{"embeddable":true,"href":"http:\/\/www.norweger.at\/no\/wp-json\/wp\/v2\/pages\/807"}],"wp:attachment":[{"href":"http:\/\/www.norweger.at\/no\/wp-json\/wp\/v2\/media?parent=1016"}],"curies":[{"name":"wp","href":"https:\/\/api.w.org\/{rel}","templated":true}]}}