{"id":1029,"date":"2013-02-02T14:53:54","date_gmt":"2013-02-02T13:53:54","guid":{"rendered":"http:\/\/www.norweger.at\/?page_id=1029"},"modified":"2013-03-23T11:48:05","modified_gmt":"2013-03-23T10:48:05","slug":"griess-und-das-tv","status":"publish","type":"page","link":"http:\/\/www.norweger.at\/no\/causa-griess-6\/griess-und-das-tv\/","title":{"rendered":"Griess und das TV"},"content":{"rendered":"<div id=\"attachment_2057\" style=\"width: 290px\" class=\"wp-caption alignleft\"><img aria-describedby=\"caption-attachment-2057\" decoding=\"async\" class=\" wp-image-2057  \" alt=\"wilhelm_hofer\" src=\"http:\/\/www.norweger.at\/wp-content\/uploads\/2013\/03\/wilhelm_hofer-253x300.jpg\" width=\"280\" srcset=\"http:\/\/www.norweger.at\/wp-content\/uploads\/2013\/03\/wilhelm_hofer-253x300.jpg 253w, http:\/\/www.norweger.at\/wp-content\/uploads\/2013\/03\/wilhelm_hofer.jpg 700w\" sizes=\"(max-width: 253px) 100vw, 253px\" \/><p id=\"caption-attachment-2057\" class=\"wp-caption-text\">Friedrich Griess erz\u00e4hlt unter falschem Namen im deutschen Fernsehen wieder einmal seine L\u00fcgenm\u00e4rchen \u00fcber die &laquo;Norweger&raquo;.<br \/>3 Fragen an den selbst ernannten Experten:<br \/>Wer ist Wilhelm Hofer?<br \/>Warum diese Feigheit und Heuchelei? (jeder &laquo;Norweger&raquo; ist bisher im TV mit seinem vollen Namen aufgetreten!)<br \/>Denken Sie doch ab und zu daran, dass Sie sich vor Gericht in 5 Prozessen verpflichtet haben, ihre L\u00fcgen \u00fcber die Norweger in Zukunft zu unterlassen?<\/p><\/div>\n<p>Zahlreiche Dokumente,\u00a0unter anderem das \u00c4rztekammer-Urteil mit der <a title=\"Erkenntnis der \u00c4rztekammer\" href=\"http:\/\/www.norweger.at\/wp-content\/uploads\/2013\/02\/aek_erkenntnis.pdf\" target=\"_blank\"><i class=\"icon-file-alt\"><\/i> Gesch\u00e4ftszahl Dk 50\/85 W [PDF]<\/a> beweisen eindeutig, dass Wiltrud Griess zum Zeitpunkt Ihrer Bekanntschaft mit der Norweger-Bewegung depressiv und selbstmordgef\u00e4hrdet war und sich in einer gro\u00dfen inneren Notlage befand, die wiederum von bestimmten Personen schamlos ausgenutzt wurde, sodass die Studentin als Opfer sexueller Ausn\u00fctzung und Erniedrigung bezeichnet werden muss.<\/p>\n<p>Wir wir gesehen haben<strong>,<\/strong>\u00a0nennt Wiltrud Griess als tiefere Ursache und eigentliche Wurzeln f\u00fcr Ihr gest\u00f6rtes Verh\u00e4ltnis zur Sexualit\u00e4t und M\u00e4nnerwelt bzw. f\u00fcr ihre psychischen Probleme am 17.10.1996 in der Fernsehsendung &laquo;VERA&raquo; \u00f6ffentlich vor ca. 900.000 Zusehern &laquo;inzestu\u00f6se Erlebnisse in ihrer Familie&raquo;.<\/p>\n<p>Eine Woche vorher hatte Vater Griess in derselben Sendung wieder einmal seine Schauergeschichte \u00fcber den angeblich negativen Einfluss der Norweger auf die Psyche seiner Tochter erz\u00e4hlt.<\/p>\n<p>Daraufhin entschloss sich unsere Gemeinschaft durch Einschaltung unseres Anwaltes eine den Tatsachen entsprechende Berichtigung bzw. Gegendarstellung in der Sendung VERA zu verlangen, andernfalls wir gegen den ORF und die zust\u00e4ndige Redaktion Klage gef\u00fchrt h\u00e4tten. Nach dem Einschreiten unseres Anwaltes bei der VERA-Redaktion und Rechtsabteilung des ORF wurde unserem Begehren stattgegeben und sowohl ein Vertreter der Norweger als auch die Griess-Tochter eine Woche sp\u00e4ter dazu eingeladen, den Sachverhalt aus ihrer Sicht darzustellen.<\/p>\n<p>W\u00e4hrend der Sprecher der Norweger die unwahren Aussagen des Herrn Griess bez\u00fcglich der Glaubensgemeinschaft berichtigen konnte, wollte Wiltrud Griess endlich die wahre Ursache ihrer psychischen Krankheit ans Licht bringen.<\/p>\n<p>Hier muss erw\u00e4hnt werden<strong>,<\/strong>\u00a0dass wir Norweger aus R\u00fccksichtnahme, insbesondere auf das mi\u00dfbrauchte Opfer, ca. 12 Jahre lang zu den w\u00fcsten Anschuldigungen des Herrn Griess geschwiegen und in keiner Weise reagiert haben. <\/p>\n<p>Obwohl unserer Glaubensgemeinschaft das wahre Martyrium der Wiltrud Griess in allen Einzelheiten bekannt war, da die Studentin unmittelbar nach Ihrem Anschluss an die Norweger einzelnen Vertrauenspersonen von ihrem Leid erz\u00e4hlt hatte, sind wir mit unserm Wissen nicht an die \u00d6ffentlichkeit gegangen. Erst die dreisten und immer frecher werdenden Fernsehauftritte, Vortr\u00e4ge und Hetzbriefe des Herrn Griess haben uns f\u00f6rmlich dazu gezwungen, die Wahrheit zu verteidigen und Herrn Griess in die Schranken zu weisen, sowie bei den Gerichten Rechtshilfe in Anspruch zu nehmen.<\/p>\n<p>Immer war es jedoch Herr Griess selbst, der zuerst mit seinen Verleumdungen und Anklagen gegen die Norweger aufgetreten ist und jeweils einen &laquo;heiligen Krieg&raquo; gegen uns begonnen hat. Speziell im Internet hat Griess durch seine frechen, gerichtlich l\u00e4ngst untersagten L\u00fcgen und Anschuldigungen neuerlich eine Schlacht er\u00f6fffnet, auf die wir ganz einfach reagieren m\u00fcssen, schon aus Gr\u00fcnden der Selbstachtung und zum Schutz tausender unbescholtener Familien im In- und Ausland.<\/p>\n<p>Um so erboster reagierte er jeweils, wenn seine Anklagen nicht den gew\u00fcnschten Erfolg zeigten, oder sich sogar als Bumerang erwiesen. So auch im vorliegenden Fall der &laquo;VERA-Sendung&raquo;.<\/p>\n<p>Da sich die von Herrn Griess inszenierte und geplante Kampagne gegen die Norweger bei der &laquo;VERA-Sendung&raquo; doch in eine andere Richtung entwickelte, als er sich erhofft hatte, folgte die typische Reaktion in Form einer neuerlichen Flut verleumderischer Briefe an alle m\u00f6glichen Stellen und Personen, die sich in ihrer Fairness und Objektivit\u00e4t nicht daf\u00fcr hergeben wollten, unsere Glaubensgemeinschaft &#8211; auf Wunsch des Herrn Griess &#8211; einseitig in den Schmutz zu ziehen.<\/p>\n","protected":false},"excerpt":{"rendered":"<p>Zahlreiche Dokumente,\u00a0unter anderem das \u00c4rztekammer-Urteil mit der Gesch\u00e4ftszahl Dk 50\/85 W [PDF] beweisen eindeutig, dass Wiltrud Griess zum Zeitpunkt Ihrer Bekanntschaft mit der Norweger-Bewegung depressiv und selbstmordgef\u00e4hrdet war und sich in einer gro\u00dfen inneren Notlage befand, die wiederum von bestimmten Personen schamlos ausgenutzt wurde, sodass die Studentin als Opfer sexueller Ausn\u00fctzung und Erniedrigung bezeichnet werden [&hellip;]<\/p>\n","protected":false},"author":1,"featured_media":0,"parent":804,"menu_order":9,"comment_status":"open","ping_status":"closed","template":"","meta":{"footnotes":""},"translation":{"provider":"WPGlobus","version":"2.12.2","language":"no","enabled_languages":["de","no","en"],"languages":{"de":{"title":true,"content":true,"excerpt":false},"no":{"title":false,"content":false,"excerpt":false},"en":{"title":false,"content":false,"excerpt":false}}},"_links":{"self":[{"href":"http:\/\/www.norweger.at\/no\/wp-json\/wp\/v2\/pages\/1029"}],"collection":[{"href":"http:\/\/www.norweger.at\/no\/wp-json\/wp\/v2\/pages"}],"about":[{"href":"http:\/\/www.norweger.at\/no\/wp-json\/wp\/v2\/types\/page"}],"author":[{"embeddable":true,"href":"http:\/\/www.norweger.at\/no\/wp-json\/wp\/v2\/users\/1"}],"replies":[{"embeddable":true,"href":"http:\/\/www.norweger.at\/no\/wp-json\/wp\/v2\/comments?post=1029"}],"version-history":[{"count":10,"href":"http:\/\/www.norweger.at\/no\/wp-json\/wp\/v2\/pages\/1029\/revisions"}],"predecessor-version":[{"id":1255,"href":"http:\/\/www.norweger.at\/no\/wp-json\/wp\/v2\/pages\/1029\/revisions\/1255"}],"up":[{"embeddable":true,"href":"http:\/\/www.norweger.at\/no\/wp-json\/wp\/v2\/pages\/804"}],"wp:attachment":[{"href":"http:\/\/www.norweger.at\/no\/wp-json\/wp\/v2\/media?parent=1029"}],"curies":[{"name":"wp","href":"https:\/\/api.w.org\/{rel}","templated":true}]}}