{"id":1098,"date":"2013-02-02T17:10:19","date_gmt":"2013-02-02T16:10:19","guid":{"rendered":"http:\/\/www.norweger.at\/?page_id=1098"},"modified":"2021-04-30T10:30:49","modified_gmt":"2021-04-30T08:30:49","slug":"theologische-aspekte","status":"publish","type":"page","link":"http:\/\/www.norweger.at\/no\/was-wir-glauben\/theologische-aspekte\/","title":{"rendered":"Menigheten er Kristi legeme"},"content":{"rendered":"<p><strong>I flere brev<\/strong> sammenlikner Paulus menigheten med et legeme, som har mange forskjellige lemmer. &laquo;S\u00e5ledes er vi mange ett legeme i Kristus, men hver for seg er vi hverandres lemmer&raquo; (Rom. 12,5). Vi legger stor vekt p\u00e5 at menigheten fungerer som et legeme. Derfor blir det gitt stor frihet p\u00e5 sammenkomstene v\u00e5re til \u00e5 oppbygge hverandre, og de aller fleste deltar med en tale, et vitnespyrd, en b\u00f8nn eller en sang.<\/p>\n<p><strong>Vi tror<\/strong> at de som vandrer i &laquo;Bibelens lys&raquo;, danner Kristi legeme, uavhengig av tid, sted, kultur eller tradisjon. Det er de som lever et &laquo;korsfestet liv&raquo; med Kristus, som det st\u00e5r s\u00e5 tydelig i Galaterne 5,28. Disse tilh\u00f8rer Krisus og hans legeme. Det betyr at man ikke lever etter sin egen vilje, men etter Guds vilje, fornekter det onde som man blir fristet til og gj\u00f8r det gode alle vegne.<\/p>\n<p><strong>I v\u00e5rt trossamfunn<\/strong> finnes det ingen l\u00f8nnet forstander eller predikant, og alle gaver til menighetens virksomhet er frivillige og for en stor del anonyme<span style=\"font-size: inherit;\">. Vi har ikke som praksis \u00e5 gi &laquo;tienden&raquo;, som noen andre religi\u00f8se grupper gj\u00f8r. Alt baserer p\u00e5 frivillighet.<\/span><\/p>\n<p><img decoding=\"async\" loading=\"lazy\" class=\"aligncenter size-medium wp-image-1246\" src=\"http:\/\/www.norweger.at\/wp-content\/uploads\/2013\/02\/youth1-300x200.jpg\" alt=\"youth\" width=\"300\" height=\"200\" srcset=\"http:\/\/www.norweger.at\/wp-content\/uploads\/2013\/02\/youth1-300x200.jpg 300w, http:\/\/www.norweger.at\/wp-content\/uploads\/2013\/02\/youth1.jpg 1024w\" sizes=\"(max-width: 300px) 100vw, 300px\" \/><\/p>\n","protected":false},"excerpt":{"rendered":"<p>I flere brev sammenlikner Paulus menigheten med et legeme, som har mange forskjellige lemmer. &laquo;S\u00e5ledes er vi mange ett legeme i Kristus, men hver for seg er vi hverandres lemmer&raquo; (Rom. 12,5). Vi legger stor vekt p\u00e5 at menigheten fungerer som et legeme. Derfor blir det gitt stor frihet p\u00e5 sammenkomstene v\u00e5re til \u00e5 oppbygge [&hellip;]<\/p>\n","protected":false},"author":1,"featured_media":0,"parent":799,"menu_order":0,"comment_status":"open","ping_status":"closed","template":"","meta":{"footnotes":""},"translation":{"provider":"WPGlobus","version":"2.12.2","language":"no","enabled_languages":["de","no","en"],"languages":{"de":{"title":true,"content":true,"excerpt":false},"no":{"title":true,"content":true,"excerpt":false},"en":{"title":true,"content":true,"excerpt":false}}},"_links":{"self":[{"href":"http:\/\/www.norweger.at\/no\/wp-json\/wp\/v2\/pages\/1098"}],"collection":[{"href":"http:\/\/www.norweger.at\/no\/wp-json\/wp\/v2\/pages"}],"about":[{"href":"http:\/\/www.norweger.at\/no\/wp-json\/wp\/v2\/types\/page"}],"author":[{"embeddable":true,"href":"http:\/\/www.norweger.at\/no\/wp-json\/wp\/v2\/users\/1"}],"replies":[{"embeddable":true,"href":"http:\/\/www.norweger.at\/no\/wp-json\/wp\/v2\/comments?post=1098"}],"version-history":[{"count":10,"href":"http:\/\/www.norweger.at\/no\/wp-json\/wp\/v2\/pages\/1098\/revisions"}],"predecessor-version":[{"id":2771,"href":"http:\/\/www.norweger.at\/no\/wp-json\/wp\/v2\/pages\/1098\/revisions\/2771"}],"up":[{"embeddable":true,"href":"http:\/\/www.norweger.at\/no\/wp-json\/wp\/v2\/pages\/799"}],"wp:attachment":[{"href":"http:\/\/www.norweger.at\/no\/wp-json\/wp\/v2\/media?parent=1098"}],"curies":[{"name":"wp","href":"https:\/\/api.w.org\/{rel}","templated":true}]}}