{"id":1306,"date":"2013-02-02T23:14:02","date_gmt":"2013-02-02T22:14:02","guid":{"rendered":"http:\/\/www.norweger.at\/?page_id=1306"},"modified":"2013-12-27T13:10:54","modified_gmt":"2013-12-27T12:10:54","slug":"die-lebensluge","status":"publish","type":"page","link":"http:\/\/www.norweger.at\/no\/causa-griess-6\/die-lebensluge\/","title":{"rendered":"Die Lebensl\u00fcge"},"content":{"rendered":"<p><a href=\"http:\/\/www.norweger.at\/wp-content\/uploads\/2013\/01\/griess.jpg\"><img decoding=\"async\" loading=\"lazy\" class=\"alignleft size-full wp-image-874\" alt=\"griess\" src=\"http:\/\/www.norweger.at\/wp-content\/uploads\/2013\/01\/griess.jpg\" width=\"167\" height=\"244\" \/><\/a>Die Lebensl\u00fcge des Herrn Griess besteht darin, dass seine Tochter Wiltrud durch die Glaubensinhalte der &laquo;Smiths Freunde&raquo; angeblich psychisch krank gemacht und bis zum Selbstmord getrieben worden sei.<br \/>\nAbgesehen davon, dass sich Herr Griess im Zuge eines Verfahrens vor dem Handelsgericht Wien selbst dazu verpflichtet hat, diese Behauptung in Zukunft zu unterlassen (<a title=\"Vergleichsurteil des Handelsgerichts Wien vom 3. Dezember 1996\" href=\"http:\/\/www.norweger.at\/wp-content\/uploads\/2013\/01\/hg_vgl_ut_031296.pdf\" target=\"_blank\"><i class=\"icon-file-alt\"><\/i> Akt des HG Wien zur GZ 17 Cg 15\/96d [PDF]<\/a>), wei\u00df Herr Griess ganz genau, dass das Gegenteil der Fall ist:<\/p>\n<p>Seine Tochter war bereits in schwer krankem, depressivem, ja sogar suizidgef\u00e4hrdetem Zustand, als sie zum ersten Mal mit unserer Glaubensgemeinschaft in Kontakt kam.<\/p>\n<p>Sogar der Disziplinarrat der \u00f6sterreichischen \u00c4rztekammer f\u00fcr Wien, Nieder\u00f6sterreich und Burgenland, der sich aufgrund einer b\u00f6swilligen Anzeige des Herrn Griess gegen Dr. Alexander Koller, einen Arzt der &laquo;Smiths Freunde&raquo;, mit diesem Fall besch\u00e4ftigen musste, stellte am 21.5.1986 in einem &laquo;Erkenntnis&raquo;, das einem Gerichtsurteil gleichkommt, unter der Gesch\u00e4ftszahl <a title=\"Erkenntnis der \u00c4rztekammer\" href=\"http:\/\/www.norweger.at\/wp-content\/uploads\/2013\/02\/aek_erkenntnis.pdf\" target=\"_blank\"><i class=\"icon-file-alt\"><\/i> Dk50\/85 W [PDF]<\/a> eindeutig fest, dass sich die Tochter des Herrn Griess<\/p>\n<blockquote><p><em>&laquo;in einem seelischen Notstand&raquo; befand, als sie mit den &laquo;Smiths Freunden&raquo; in Kontakt kam, &laquo;sie hatte eine Affaire mit einem verheirateten Mann, litt an Konzentrationsschw\u00e4che, Antriebslosigkeit und Depressionen. Sie sagte dem Disziplinarbeschuldigten, dass sie verloren sei. Als Wiltrud Griess eines Tages wieder Suicidabsichten \u00e4u\u00dferte, erkannte der Disziplinarbeschuldigte, dass Gefahr im Verzug sei. Er verordnete ihr deshalb ein hom\u00f6opathisches Pr\u00e4parat&#8230;&raquo;Der Disziplinarbeschuldigte weist auf dem Gebiet der Hom\u00f6opathie eine Spezialausbildung auf.&raquo;<\/em><\/p><\/blockquote>\n<p><a href=\"http:\/\/www.norweger.at\/wp-content\/uploads\/2013\/02\/aek_erkenntnis_bild.jpg\"><br \/>\n<img decoding=\"async\" class=\"alignleft urteil\" alt=\"Erkenntnis der \u00c4rztekammer\" src=\"http:\/\/www.norweger.at\/wp-content\/uploads\/2013\/02\/aek_erkenntnis_bild.jpg\" \/><\/a><\/p>\n<blockquote><p><a title=\"Erkenntnis der \u00c4rztekammer\" href=\"http:\/\/www.norweger.at\/wp-content\/uploads\/2013\/02\/aek_erkenntnis.pdf\" target=\"_blank\"><i class=\"icon-file-alt\"><\/i> Erkenntnis der \u00c4rztekammer Dk50\/85 W [PDF]<\/a><\/p><\/blockquote>\n<div class=\"clearfix\"><\/div>\n<p>Im selben Urteil wurde Dr. Koller schlie\u00dflich von den Beschuldigungen freigesprochen, die Herr Griess gegen ihn vorgebracht hatte.<\/p>\n<p>Als tiefere Ursache f\u00fcr ihre psychischen Probleme bzw. f\u00fcr ihr gest\u00f6rtes Verh\u00e4ltnis zur Sexualit\u00e4t und M\u00e4nnerwelt nennt Wiltrud Griess au\u00dferdem am 3.10.1996 in der Fernsehsendung &laquo;VERA&raquo; \u00f6ffentlich vor ca. 900.000 Zusehern <strong>&laquo;inzestu\u00f6se Erlebnisse in ihrer Familie&raquo;.<\/strong><\/p>\n<p>Wir weisen jedoch ausdr\u00fccklich darauf hin, dass die inzestu\u00f6sen Handlungen nicht von Seiten des Vaters ausgegangen sind.<\/p>\n<p>Wiltrud Griess befand sich also zum Zeitpunkt Ihrer Bekanntschaft mit &laquo;Smiths Freunden&raquo; in einer gro\u00dfen inneren Notlage, die wiederum von bestimmten Personen schamlos ausgenutzt wurde, sodass die Studentin als Opfer sexueller Ausn\u00fctzung und Erniedrigung bezeichnet werden muss.<\/p>\n<p>Jeder rechtsstaatlich gesinnte B\u00fcrger, der sich den Gesetzen seines Landes verpflichtet f\u00fchlt, beschreitet den Rechtsweg, wenn er ein vermeintliches Unrecht bzw. eine ernste Gefahr f\u00fcr die Allgemeinheit zu sehen glaubt. Diese rechtsstaatliche Grundgesinnung ist Herrn Griess v\u00f6llig fremd, er beschreitet grunds\u00e4tzlich den Weg des Verunglimpfens, der Verleumdung, der Verhetzung: In D\u00f6rfern Zettelchen mit ungeheuerlichen L\u00fcgen verteilen oder auf Autos kleben, verhetzende Briefe an Beh\u00f6rden und Politiker schicken, die Existenz unbescholtener Familienv\u00e4ter durch umfangreiche Verleumdungskonvolute an Vorgesetzte (zu) zerst\u00f6ren &#8211; so haben wir Herrn Griess kennengelernt.<\/p>\n<p>Gelingt es Herrn Griess nicht, andere f\u00fcr seine &laquo;Kriminalisierung&raquo; der Norweger zu gewinnen, beschimpft er sie nachtr\u00e4glich als inkompetent und schickt sofort wieder seine Brieflein voller L\u00fcgen und Diffamierungen nach Ost und West. Alle, die nicht seine Meinung teilen, sind dumm oder von den Norwegern <em>&laquo;gekauft&raquo;<\/em>.<\/p>\n<p><strong>Die zwei aktuellsten Urteile:<\/strong><\/p>\n<ol>\n<ol>\n<li>Das rechtskr\u00e4ftige ENDURTEIL des Landesgerichtes Korneuburg: Griess muss die Briefkorrespondenz zwischen Gj\u00f6sund und Sigurd Johan Bratlie von seiner Webseite entfernen.<\/li>\n<li>Rechtskr\u00e4ftiges TEILURTEIL des &laquo;Obersten Gerichtshofs&raquo; in Wien: Griess muss Schriften unsrer Gemeinschaft von seiner Webseite entfernen und es unterlassen diese zu bearbeiten oder sonstwie zu gebrauchen.<\/li>\n<\/ol>\n<\/ol>\n<p>Im ENDURTEIL gegen Griess vom 8.4.2009 verlangt das Gericht auf Seite 3 unter Punkt 4 folgende Ver\u00f6ffentlichung des Urteils, das Griess auf seine eigene Homepage hineinstellen muss:<\/p>\n<p><em>&laquo;Die beklagte Partei ist schuldig, die Punkte 1 . und 2 dieses Urteils sowie die Punkte 1.1 und 1.2 des Teilurteiles des Obersten Gerichtshofes vom 11.8.2005, 4 Ob 146\/05g mit Fettdruck\u00fcberschrift, Fettdruckumrahmung sowie fett und gesperrt geschriebenen Prozessparteien unter der Internetadresse http:\/\/griess.st1.at unter dem Textlink &laquo;Smiths Freunde&raquo; zu ver\u00f6ffentlichen.&raquo;<\/em><\/p>\n<p style=\"text-align: center;\"><a href=\"http:\/\/www.norweger.at\/wp-content\/uploads\/2013\/02\/LG_Korneuburg_08042009.jpg\"><img decoding=\"async\" loading=\"lazy\" class=\"size-full wp-image-1289 aligncenter\" alt=\"LG_Korneuburg_08042009\" src=\"http:\/\/www.norweger.at\/wp-content\/uploads\/2013\/02\/LG_Korneuburg_08042009.jpg\" width=\"508\" height=\"765\" srcset=\"http:\/\/www.norweger.at\/wp-content\/uploads\/2013\/02\/LG_Korneuburg_08042009.jpg 508w, http:\/\/www.norweger.at\/wp-content\/uploads\/2013\/02\/LG_Korneuburg_08042009-199x300.jpg 199w\" sizes=\"(max-width: 508px) 100vw, 508px\" \/><\/a><\/p>\n<p><a href=\"http:\/\/www.norweger.at\/wp-content\/uploads\/2013\/02\/OGH_11082005.jpg\"><img decoding=\"async\" loading=\"lazy\" class=\"aligncenter size-full wp-image-1290\" alt=\"OGH_11082005\" src=\"http:\/\/www.norweger.at\/wp-content\/uploads\/2013\/02\/OGH_11082005.jpg\" width=\"511\" height=\"792\" srcset=\"http:\/\/www.norweger.at\/wp-content\/uploads\/2013\/02\/OGH_11082005.jpg 511w, http:\/\/www.norweger.at\/wp-content\/uploads\/2013\/02\/OGH_11082005-193x300.jpg 193w\" sizes=\"(max-width: 511px) 100vw, 511px\" \/><\/a><\/p>\n","protected":false},"excerpt":{"rendered":"<p>Die Lebensl\u00fcge des Herrn Griess besteht darin, dass seine Tochter Wiltrud durch die Glaubensinhalte der &laquo;Smiths Freunde&raquo; angeblich psychisch krank gemacht und bis zum Selbstmord getrieben worden sei. Abgesehen davon, dass sich Herr Griess im Zuge eines Verfahrens vor dem Handelsgericht Wien selbst dazu verpflichtet hat, diese Behauptung in Zukunft zu unterlassen ( Akt des [&hellip;]<\/p>\n","protected":false},"author":1,"featured_media":0,"parent":804,"menu_order":2,"comment_status":"open","ping_status":"closed","template":"","meta":{"footnotes":""},"translation":{"provider":"WPGlobus","version":"2.12.2","language":"no","enabled_languages":["de","no","en"],"languages":{"de":{"title":true,"content":true,"excerpt":false},"no":{"title":false,"content":false,"excerpt":false},"en":{"title":false,"content":false,"excerpt":false}}},"_links":{"self":[{"href":"http:\/\/www.norweger.at\/no\/wp-json\/wp\/v2\/pages\/1306"}],"collection":[{"href":"http:\/\/www.norweger.at\/no\/wp-json\/wp\/v2\/pages"}],"about":[{"href":"http:\/\/www.norweger.at\/no\/wp-json\/wp\/v2\/types\/page"}],"author":[{"embeddable":true,"href":"http:\/\/www.norweger.at\/no\/wp-json\/wp\/v2\/users\/1"}],"replies":[{"embeddable":true,"href":"http:\/\/www.norweger.at\/no\/wp-json\/wp\/v2\/comments?post=1306"}],"version-history":[{"count":10,"href":"http:\/\/www.norweger.at\/no\/wp-json\/wp\/v2\/pages\/1306\/revisions"}],"predecessor-version":[{"id":2575,"href":"http:\/\/www.norweger.at\/no\/wp-json\/wp\/v2\/pages\/1306\/revisions\/2575"}],"up":[{"embeddable":true,"href":"http:\/\/www.norweger.at\/no\/wp-json\/wp\/v2\/pages\/804"}],"wp:attachment":[{"href":"http:\/\/www.norweger.at\/no\/wp-json\/wp\/v2\/media?parent=1306"}],"curies":[{"name":"wp","href":"https:\/\/api.w.org\/{rel}","templated":true}]}}