{"id":1734,"date":"2013-02-04T10:23:34","date_gmt":"2013-02-04T09:23:34","guid":{"rendered":"http:\/\/www.norweger.at\/?page_id=1734"},"modified":"2021-06-28T13:02:13","modified_gmt":"2021-06-28T11:02:13","slug":"about-us","status":"publish","type":"page","link":"http:\/\/www.norweger.at\/no\/","title":{"rendered":"Om oss"},"content":{"rendered":"<p>Vi er en \u00e5pen gruppe som legger vekt p\u00e5 \u00e5 ta vare p\u00e5 familien som institusjon. V\u00e5r l\u00e6re og livsforst\u00e5else bygger p\u00e5 Bibelen og er derfor preget av nestekj\u00e6rlighet, sosialt engasjement og toleranse.<br \/>\n<img decoding=\"async\" loading=\"lazy\" class=\"alignleft size-medium wp-image-1201\" src=\"http:\/\/www.norweger.at\/wp-content\/uploads\/2010\/09\/family1-300x149.jpg\" alt=\"\" width=\"300\" height=\"149\" srcset=\"http:\/\/www.norweger.at\/wp-content\/uploads\/2010\/09\/family1-300x149.jpg 300w, http:\/\/www.norweger.at\/wp-content\/uploads\/2010\/09\/family1.jpg 675w\" sizes=\"(max-width: 300px) 100vw, 300px\" \/><\/p>\n<p>V\u00e5rt m\u00e5l er et liv i de kristelige dydene som f.eks. rettferdighet, barmhjertighet, kj\u00e6rlighet, godhet, t\u00e5lmodighet, vennlighet osv, og \u00e5 overvinne negative menneskelige egenskaper som hat, avind, sinne og liknende.<\/p>\n<p>Alle iblant oss er yrkesut\u00f8vende og \u00f8konomisk uavhengig, vi har ingen l\u00f8nnede predikanter, heller ingen medlemsbidrag eller medlemslister. Vi har ikke noe autorit\u00e6rt styre. P\u00e5 tross av at vi har menigheter i alle verdensdeler (i over 60 land finnes det ca. 30 000 medlemmer ) er de lokale forsamlingene fri og uavhengig av hverandre og er ikke underlagt en sentral ledelse.<\/p>\n\n\t\t<style type=\"text\/css\">\n\t\t\t#gallery-1 {\n\t\t\t\tmargin: auto;\n\t\t\t}\n\t\t\t#gallery-1 .gallery-item {\n\t\t\t\tfloat: left;\n\t\t\t\tmargin-top: 10px;\n\t\t\t\ttext-align: center;\n\t\t\t\twidth: 50%;\n\t\t\t}\n\t\t\t#gallery-1 img {\n\t\t\t\tborder: 2px solid #cfcfcf;\n\t\t\t}\n\t\t\t#gallery-1 .gallery-caption {\n\t\t\t\tmargin-left: 0;\n\t\t\t}\n\t\t\t\/* see gallery_shortcode() in wp-includes\/media.php *\/\n\t\t<\/style>\n\t\t<div id='gallery-1' class='gallery galleryid-1734 gallery-columns-2 gallery-size-medium'><dl class='gallery-item'>\n\t\t\t<dt class='gallery-icon landscape'>\n\t\t\t\t<a href='http:\/\/www.norweger.at\/no\/musikanten\/'><img width=\"300\" height=\"200\" src=\"http:\/\/www.norweger.at\/wp-content\/uploads\/2013\/03\/musikanten-300x200.jpg\" class=\"attachment-medium size-medium\" alt=\"\" decoding=\"async\" loading=\"lazy\" srcset=\"http:\/\/www.norweger.at\/wp-content\/uploads\/2013\/03\/musikanten-300x200.jpg 300w, http:\/\/www.norweger.at\/wp-content\/uploads\/2013\/03\/musikanten.jpg 960w\" sizes=\"(max-width: 300px) 100vw, 300px\" \/><\/a>\n\t\t\t<\/dt><\/dl><dl class='gallery-item'>\n\t\t\t<dt class='gallery-icon landscape'>\n\t\t\t\t<a href='http:\/\/www.norweger.at\/no\/sarah_luca\/'><img width=\"300\" height=\"200\" src=\"http:\/\/www.norweger.at\/wp-content\/uploads\/2013\/03\/sarah_luca-300x200.jpg\" class=\"attachment-medium size-medium\" alt=\"\" decoding=\"async\" loading=\"lazy\" srcset=\"http:\/\/www.norweger.at\/wp-content\/uploads\/2013\/03\/sarah_luca-300x200.jpg 300w, http:\/\/www.norweger.at\/wp-content\/uploads\/2013\/03\/sarah_luca.jpg 960w\" sizes=\"(max-width: 300px) 100vw, 300px\" \/><\/a>\n\t\t\t<\/dt><\/dl><br style=\"clear: both\" \/><dl class='gallery-item'>\n\t\t\t<dt class='gallery-icon landscape'>\n\t\t\t\t<a href='http:\/\/www.norweger.at\/no\/was-wir-glauben\/theologische-aspekte\/youth-2\/'><img width=\"300\" height=\"200\" src=\"http:\/\/www.norweger.at\/wp-content\/uploads\/2013\/02\/youth1-300x200.jpg\" class=\"attachment-medium size-medium\" alt=\"\" decoding=\"async\" loading=\"lazy\" srcset=\"http:\/\/www.norweger.at\/wp-content\/uploads\/2013\/02\/youth1-300x200.jpg 300w, http:\/\/www.norweger.at\/wp-content\/uploads\/2013\/02\/youth1.jpg 1024w\" sizes=\"(max-width: 300px) 100vw, 300px\" \/><\/a>\n\t\t\t<\/dt><\/dl><dl class='gallery-item'>\n\t\t\t<dt class='gallery-icon landscape'>\n\t\t\t\t<a href='http:\/\/www.norweger.at\/no\/about\/barn\/lena_zoe_feature\/'><img width=\"300\" height=\"200\" src=\"http:\/\/www.norweger.at\/wp-content\/uploads\/2013\/01\/lena_zoe_feature-300x200.jpg\" class=\"attachment-medium size-medium\" alt=\"\" decoding=\"async\" loading=\"lazy\" srcset=\"http:\/\/www.norweger.at\/wp-content\/uploads\/2013\/01\/lena_zoe_feature-300x200.jpg 300w, http:\/\/www.norweger.at\/wp-content\/uploads\/2013\/01\/lena_zoe_feature.jpg 675w\" sizes=\"(max-width: 300px) 100vw, 300px\" \/><\/a>\n\t\t\t<\/dt><\/dl><br style=\"clear: both\" \/><dl class='gallery-item'>\n\t\t\t<dt class='gallery-icon portrait'>\n\t\t\t\t<a href='http:\/\/www.norweger.at\/no\/sarah_mira\/'><img width=\"200\" height=\"300\" src=\"http:\/\/www.norweger.at\/wp-content\/uploads\/2013\/03\/sarah_mira-200x300.jpg\" class=\"attachment-medium size-medium\" alt=\"\" decoding=\"async\" loading=\"lazy\" srcset=\"http:\/\/www.norweger.at\/wp-content\/uploads\/2013\/03\/sarah_mira-200x300.jpg 200w, http:\/\/www.norweger.at\/wp-content\/uploads\/2013\/03\/sarah_mira.jpg 640w\" sizes=\"(max-width: 200px) 100vw, 200px\" \/><\/a>\n\t\t\t<\/dt><\/dl>\n\t\t\t<br style='clear: both' \/>\n\t\t<\/div>\n\n","protected":false},"excerpt":{"rendered":"<p>Wir sind eine offene, familienorientierte Gruppe, deren Lehre und Lebensverst\u00e4ndnis auf der Heiligen Schrift basieren und deshalb von N\u00e4chstenliebe, sozialem Engagement und Toleranz gepr\u00e4gt sind.<\/p>\n","protected":false},"author":1,"featured_media":0,"parent":0,"menu_order":0,"comment_status":"closed","ping_status":"closed","template":"","meta":{"footnotes":""},"translation":{"provider":"WPGlobus","version":"2.12.2","language":"no","enabled_languages":["de","no","en"],"languages":{"de":{"title":true,"content":true,"excerpt":false},"no":{"title":true,"content":true,"excerpt":false},"en":{"title":true,"content":true,"excerpt":false}}},"_links":{"self":[{"href":"http:\/\/www.norweger.at\/no\/wp-json\/wp\/v2\/pages\/1734"}],"collection":[{"href":"http:\/\/www.norweger.at\/no\/wp-json\/wp\/v2\/pages"}],"about":[{"href":"http:\/\/www.norweger.at\/no\/wp-json\/wp\/v2\/types\/page"}],"author":[{"embeddable":true,"href":"http:\/\/www.norweger.at\/no\/wp-json\/wp\/v2\/users\/1"}],"replies":[{"embeddable":true,"href":"http:\/\/www.norweger.at\/no\/wp-json\/wp\/v2\/comments?post=1734"}],"version-history":[{"count":10,"href":"http:\/\/www.norweger.at\/no\/wp-json\/wp\/v2\/pages\/1734\/revisions"}],"predecessor-version":[{"id":2791,"href":"http:\/\/www.norweger.at\/no\/wp-json\/wp\/v2\/pages\/1734\/revisions\/2791"}],"wp:attachment":[{"href":"http:\/\/www.norweger.at\/no\/wp-json\/wp\/v2\/media?parent=1734"}],"curies":[{"name":"wp","href":"https:\/\/api.w.org\/{rel}","templated":true}]}}