{"id":1777,"date":"2013-02-09T11:12:45","date_gmt":"2013-02-09T10:12:45","guid":{"rendered":"http:\/\/www.norweger.at\/?page_id=1777"},"modified":"2021-04-29T16:52:49","modified_gmt":"2021-04-29T14:52:49","slug":"ehe-und-familie","status":"publish","type":"page","link":"http:\/\/www.norweger.at\/no\/about\/ehe-und-familie\/","title":{"rendered":"Ekteskap og familie"},"content":{"rendered":"<p><img decoding=\"async\" loading=\"lazy\" src=\"http:\/\/www.norweger.at\/wp-content\/uploads\/2013\/02\/familie10-300x150.jpg\" alt=\"familie10\" width=\"300\" height=\"150\" class=\"alignright size-medium wp-image-1812\" srcset=\"http:\/\/www.norweger.at\/wp-content\/uploads\/2013\/02\/familie10-300x150.jpg 300w, http:\/\/www.norweger.at\/wp-content\/uploads\/2013\/02\/familie10.jpg 700w\" sizes=\"(max-width: 300px) 100vw, 300px\" \/>Der Druck auf die traditionelle Familie nimmt in unserer Zeit deutlich zu. Die Institutionen Ehe und Familie befinden sich seit l\u00e4ngerem in der Defensive. Viele soziale Probleme unter Kindern und Jugendlichen lassen sich wohl auf diese Entwicklung zur\u00fcckf\u00fchren.<br \/>\nDer Glaube an Gottes Wort gibt uns Kraft, in der Ehe und Familie f\u00fcreinander zu leben und das Beste des anderen zu suchen. Dadurch nehmen das Verliebtsein und die gegenseitige Achtung st\u00e4ndig zu, und die gute Atmosph\u00e4re innerhalb der Familie wird eine Quelle der Freude und Kraft f\u00fcr den Alltag.<\/p>\n<p>Kinder betrachten wir als Gabe Gottes und nehmen sie mit Freude an, seien es wenige oder viele. Solange diese noch klein sind, entscheiden sich die M\u00fctter oft f\u00fcr den Beruf &laquo;Hausfrau und Mutter&raquo;. Dadurch ist die f\u00fcr das gesunde Heranwachsen des Kindes so notwendige Mutter-Kind-Beziehung in den ersten Lebensjahren gew\u00e4hrleistet. Es gibt jedoch eine ganze Reihe von Frauen und M\u00fcttern unter uns, die auch in den verschiedensten Berufen &#8211; von der Kinderg\u00e4rtnerin \u00fcber Physiotherapeutin bis zur Universit\u00e4tsprofessorin &#8211; t\u00e4tig sind. Wir verk\u00fcndigen in unsrer Gemeinschaft eine kraftvolle, das Leben revolutionierende Botschaft und verteidigen biblische Wahrheiten, die ein starkes Gegengewicht zu den oft lebensfeindlichen Kr\u00e4ften bilden, die in unsrer Zeit mehr und mehr wirksam werden.<\/p>\n<p>Was sind die Fr\u00fcchte dieser christlich-revolution\u00e4ren Botschaft? Harmonische Ehen ohne Streit und Vorw\u00fcrfe (die Scheidungsrate unter uns ist gleich Null), Verschwinden des Generationenkonflikts, eine herzliche, unzertrennliche Gemeinschaft und Einheit, fr\u00f6hliche Kinderscharen, eine positiv engagierte Jugend u. v. a.<\/p>\n<p><img decoding=\"async\" class=\"alignright  wp-image-2454\" alt=\"Familie\" src=\"http:\/\/www.norweger.at\/wp-content\/uploads\/2013\/02\/Familie.jpg\" width=\"400\" srcset=\"http:\/\/www.norweger.at\/wp-content\/uploads\/2013\/02\/Familie.jpg 960w, http:\/\/www.norweger.at\/wp-content\/uploads\/2013\/02\/Familie-300x265.jpg 300w\" sizes=\"(max-width: 960px) 100vw, 960px\" \/><\/p>\n","protected":false},"excerpt":{"rendered":"<p>Der Druck auf die traditionelle Familie nimmt in unserer Zeit deutlich zu. Die Institutionen Ehe und Familie befinden sich seit l\u00e4ngerem in der Defensive. Viele soziale Probleme unter Kindern und Jugendlichen lassen sich wohl auf diese Entwicklung zur\u00fcckf\u00fchren. Der Glaube an Gottes Wort gibt uns Kraft, in der Ehe und Familie f\u00fcreinander zu leben und [&hellip;]<\/p>\n","protected":false},"author":1,"featured_media":0,"parent":733,"menu_order":2,"comment_status":"open","ping_status":"closed","template":"","meta":{"footnotes":""},"translation":{"provider":"WPGlobus","version":"2.12.2","language":"no","enabled_languages":["de","no","en"],"languages":{"de":{"title":true,"content":true,"excerpt":false},"no":{"title":true,"content":false,"excerpt":false},"en":{"title":true,"content":true,"excerpt":false}}},"_links":{"self":[{"href":"http:\/\/www.norweger.at\/no\/wp-json\/wp\/v2\/pages\/1777"}],"collection":[{"href":"http:\/\/www.norweger.at\/no\/wp-json\/wp\/v2\/pages"}],"about":[{"href":"http:\/\/www.norweger.at\/no\/wp-json\/wp\/v2\/types\/page"}],"author":[{"embeddable":true,"href":"http:\/\/www.norweger.at\/no\/wp-json\/wp\/v2\/users\/1"}],"replies":[{"embeddable":true,"href":"http:\/\/www.norweger.at\/no\/wp-json\/wp\/v2\/comments?post=1777"}],"version-history":[{"count":10,"href":"http:\/\/www.norweger.at\/no\/wp-json\/wp\/v2\/pages\/1777\/revisions"}],"predecessor-version":[{"id":2749,"href":"http:\/\/www.norweger.at\/no\/wp-json\/wp\/v2\/pages\/1777\/revisions\/2749"}],"up":[{"embeddable":true,"href":"http:\/\/www.norweger.at\/no\/wp-json\/wp\/v2\/pages\/733"}],"wp:attachment":[{"href":"http:\/\/www.norweger.at\/no\/wp-json\/wp\/v2\/media?parent=1777"}],"curies":[{"name":"wp","href":"https:\/\/api.w.org\/{rel}","templated":true}]}}