{"id":1782,"date":"2013-02-09T11:46:25","date_gmt":"2013-02-09T10:46:25","guid":{"rendered":"http:\/\/www.norweger.at\/?page_id=1782"},"modified":"2021-04-29T16:37:21","modified_gmt":"2021-04-29T14:37:21","slug":"gemeinschaft","status":"publish","type":"page","link":"http:\/\/www.norweger.at\/no\/about\/gemeinschaft\/","title":{"rendered":"Samfunn"},"content":{"rendered":"<p><a href=\"http:\/\/www.norweger.at\/wp-content\/uploads\/2013\/02\/familie2.jpg\"><img decoding=\"async\" loading=\"lazy\" class=\"alignleft size-medium wp-image-1783\" alt=\"familie2\" src=\"http:\/\/www.norweger.at\/wp-content\/uploads\/2013\/02\/familie2-300x200.jpg\" width=\"300\" height=\"200\" srcset=\"http:\/\/www.norweger.at\/wp-content\/uploads\/2013\/02\/familie2-300x200.jpg 300w, http:\/\/www.norweger.at\/wp-content\/uploads\/2013\/02\/familie2.jpg 700w\" sizes=\"(max-width: 300px) 100vw, 300px\" \/><\/a>I \u00d8sterrike er det hovedsakelig tre foreninger som representerer v\u00e5rt trossamfunn. &laquo;Der Steirische Christliche Familienverein&raquo; i Steiermark, Salzkammergut, foreningen &laquo;Das Leben&raquo; i Mittewald\/K\u00e4rnten og den &laquo;Christliche Familienverein&raquo; i Wolfsgraben ved Wien<br \/>\n. Dessuten finnes det noen familier og venner i Graz, i Lungau og noen enkelte p\u00e5 andre steder. P\u00e5 v\u00e5re lokale sammenkomster deler vi Guds ord med hverandre og synger gode og styrkende sanger, og dessuten tar vi ofte god tid til lek, sport og annen underholdning for barn og ungdom.<\/p>\n<p><a href=\"http:\/\/www.norweger.at\/wp-content\/uploads\/2013\/02\/familie3.jpg\"><img decoding=\"async\" loading=\"lazy\" class=\"alignright size-medium wp-image-1798\" alt=\"familie3\" src=\"http:\/\/www.norweger.at\/wp-content\/uploads\/2013\/02\/familie3-300x200.jpg\" width=\"300\" height=\"200\" srcset=\"http:\/\/www.norweger.at\/wp-content\/uploads\/2013\/02\/familie3-300x200.jpg 300w, http:\/\/www.norweger.at\/wp-content\/uploads\/2013\/02\/familie3.jpg 900w\" sizes=\"(max-width: 300px) 100vw, 300px\" \/><\/a>En familiedag iblant oss ser omtrent slik ut: Om s\u00f8ndagenved middagstid kommer de enkelter venner og familier som det passer for dem (s\u00e6rlig n\u00e5r v\u00e6ret er pent) for \u00e5 grille sammen. Fra kl. tre til kl<br \/>\n. fire er det barnem\u00f8te: En kort tale med tema fra Bibelen&nbsp; (ofte med flanellbilder og tegninger), glade, kristelige barnesanger og personlige bidrag danner programmet. Her kan alle, barn, ungdom og voksne delta fritt og uten tvang. Deretter leker de minste i sandkassa og p\u00e5 lekeplassen, de st\u00f8rre barna spiller fotball og volleyball, mens de eldre koser seg med kaffe og kaker. Om sommeren g\u00e5r man ofte sammen til ett eller annet fint fjellvann for \u00e5 bade, og om vinteren foretar man ofte skiturer eller kj\u00f8rer snowboard.<\/p>\n<p><a href=\"http:\/\/www.norweger.at\/wp-content\/uploads\/2013\/02\/sport1.jpg\"><img decoding=\"async\" loading=\"lazy\" class=\"alignleft size-medium wp-image-1800\" alt=\"sport1\" src=\"http:\/\/www.norweger.at\/wp-content\/uploads\/2013\/02\/sport1-300x199.jpg\" width=\"300\" height=\"199\" srcset=\"http:\/\/www.norweger.at\/wp-content\/uploads\/2013\/02\/sport1-300x199.jpg 300w, http:\/\/www.norweger.at\/wp-content\/uploads\/2013\/02\/sport1.jpg 940w\" sizes=\"(max-width: 300px) 100vw, 300px\" \/><\/a>Foruten denne familiedagen om s\u00f8ndagene inntar gutte- og jenteklubben en viktig plass i v\u00e5r menighet: Turer til utlandet, fjellturer, ridekurs, karting, sykkelturer, laging av sm\u00e5 og st\u00f8rre ting til julebasaren og sketsjgrupper og mye mer binder barnas og de unges hjerter sammen og styrker samfunnet.<\/p>\n","protected":false},"excerpt":{"rendered":"<p>I \u00d8sterrike er det hovedsakelig tre foreninger som representerer v\u00e5rt trossamfunn. &laquo;Der Steirische Christliche Familienverein&raquo; i Steiermark, Salzkammergut, foreningen &laquo;Das Leben&raquo; i Mittewald\/K\u00e4rnten og den &laquo;Christliche Familienverein&raquo; i Wolfsgraben ved Wien . Dessuten finnes det noen familier og venner i Graz, i Lungau og noen enkelte p\u00e5 andre steder. P\u00e5 v\u00e5re lokale sammenkomster deler vi [&hellip;]<\/p>\n","protected":false},"author":1,"featured_media":0,"parent":733,"menu_order":4,"comment_status":"open","ping_status":"closed","template":"","meta":{"footnotes":""},"translation":{"provider":"WPGlobus","version":"2.12.2","language":"no","enabled_languages":["de","no","en"],"languages":{"de":{"title":true,"content":true,"excerpt":false},"no":{"title":true,"content":true,"excerpt":false},"en":{"title":true,"content":true,"excerpt":false}}},"_links":{"self":[{"href":"http:\/\/www.norweger.at\/no\/wp-json\/wp\/v2\/pages\/1782"}],"collection":[{"href":"http:\/\/www.norweger.at\/no\/wp-json\/wp\/v2\/pages"}],"about":[{"href":"http:\/\/www.norweger.at\/no\/wp-json\/wp\/v2\/types\/page"}],"author":[{"embeddable":true,"href":"http:\/\/www.norweger.at\/no\/wp-json\/wp\/v2\/users\/1"}],"replies":[{"embeddable":true,"href":"http:\/\/www.norweger.at\/no\/wp-json\/wp\/v2\/comments?post=1782"}],"version-history":[{"count":9,"href":"http:\/\/www.norweger.at\/no\/wp-json\/wp\/v2\/pages\/1782\/revisions"}],"predecessor-version":[{"id":2745,"href":"http:\/\/www.norweger.at\/no\/wp-json\/wp\/v2\/pages\/1782\/revisions\/2745"}],"up":[{"embeddable":true,"href":"http:\/\/www.norweger.at\/no\/wp-json\/wp\/v2\/pages\/733"}],"wp:attachment":[{"href":"http:\/\/www.norweger.at\/no\/wp-json\/wp\/v2\/media?parent=1782"}],"curies":[{"name":"wp","href":"https:\/\/api.w.org\/{rel}","templated":true}]}}