{"id":1785,"date":"2013-02-09T11:49:24","date_gmt":"2013-02-09T10:49:24","guid":{"rendered":"http:\/\/www.norweger.at\/?page_id=1785"},"modified":"2021-04-25T16:55:37","modified_gmt":"2021-04-25T14:55:37","slug":"verantwortung","status":"publish","type":"page","link":"http:\/\/www.norweger.at\/no\/about\/verantwortung\/","title":{"rendered":"V\u00e5rt ansvar og v\u00e5r plass i samfunnet"},"content":{"rendered":"<p><a href=\"http:\/\/www.norweger.at\/wp-content\/uploads\/2013\/02\/verant2.jpg\"><img decoding=\"async\" loading=\"lazy\" class=\"alignleft size-medium wp-image-1806\" alt=\"verantwortung\" src=\"http:\/\/www.norweger.at\/wp-content\/uploads\/2013\/02\/verant2-300x150.jpg\" width=\"300\" height=\"150\" srcset=\"http:\/\/www.norweger.at\/wp-content\/uploads\/2013\/02\/verant2-300x150.jpg 300w, http:\/\/www.norweger.at\/wp-content\/uploads\/2013\/02\/verant2.jpg 700w\" sizes=\"(max-width: 300px) 100vw, 300px\" \/><\/a>Vi har allerede nevnt at alle iblant oss er yrkesut\u00f8vende. Ingen kan vente \u00f8konomiske fordeler eller kanskje \u00e5 kunne tjene til livets opphold n\u00e5r han slutter seg til v\u00e5rt trossamfunn. Derfor legger vi stor vekt p\u00e5 \u00e5 gi barna og ungdommen v\u00e5r en god, solid utdannelse. Nesten alle yrkesgrupper, fra h\u00e5ndverker til atomfysiker er representert iblant oss. Det er en selvf\u00f8lge iblant oss at vi oppfyller v\u00e5r plikt som statsborgere, som f.eks. \u00e5 delta i valg eller \u00e5 gj\u00f8re milit\u00e6rtjeneste.<\/p>\n<p><a href=\"http:\/\/www.norweger.at\/wp-content\/uploads\/2013\/02\/help.jpg\"><img decoding=\"async\" loading=\"lazy\" class=\"alignright size-medium wp-image-1810\" alt=\"help\" src=\"http:\/\/www.norweger.at\/wp-content\/uploads\/2013\/02\/help-300x150.jpg\" width=\"300\" height=\"150\" srcset=\"http:\/\/www.norweger.at\/wp-content\/uploads\/2013\/02\/help-300x150.jpg 300w, http:\/\/www.norweger.at\/wp-content\/uploads\/2013\/02\/help.jpg 700w\" sizes=\"(max-width: 300px) 100vw, 300px\" \/><\/a>Tross mange oppgaver i yrke og familie ofrer mange av oss dessuten tid og krefter p\u00e5 \u00e5 overta sosiale, karitative og kulturelle oppgaver innen samfunnet. Man kan finne ungdom fra oss i R\u00f8de Kors, i brannvernet, i lokale musikkorps, i sportsforeninger og orkestre.<\/p>\n<p>Det er ogs\u00e5 en p\u00e5fallende tendens blant v\u00e5re unge til \u00e5 velge sosiale yrker. Tross et relativt lite antall av s\u00e5kalte &laquo;nordmenn&raquo; i \u00d8sterrike (ca. 300 personer, hvor halvparten er barn), arbeider en hel rekke som leger, fysioterapeuter, sykes\u00f8stre, barnehagetanter og likt.<\/p>\n<p><a href=\"http:\/\/www.norweger.at\/wp-content\/uploads\/2013\/02\/pray.jpg\"><img decoding=\"async\" loading=\"lazy\" class=\"alignleft size-medium wp-image-1808\" alt=\"pray\" src=\"http:\/\/www.norweger.at\/wp-content\/uploads\/2013\/02\/pray-300x150.jpg\" width=\"300\" height=\"150\" srcset=\"http:\/\/www.norweger.at\/wp-content\/uploads\/2013\/02\/pray-300x150.jpg 300w, http:\/\/www.norweger.at\/wp-content\/uploads\/2013\/02\/pray.jpg 700w\" sizes=\"(max-width: 300px) 100vw, 300px\" \/><\/a>I sammenheng med v\u00e5rt engasjement i samfunnet vil vi henvise til en mer skjult tjeneste: nemlig til b\u00f8nnes makt for v\u00e5re medmennesker, Bibelen oppfordrer oss til \u00e5 &laquo;<em>be for \u00f8vrigheten&raquo;<\/em> (1. Tim. 2,2-3) &laquo;<em>forat vi kan f\u00f8re et rolig og stille liv i all gudsfrykt og rettferdighet&raquo;.<\/em> Derved gir vi utvilsomt et bidrag til et godt funksjonerende statsvesen.<\/p>\n<p>For \u00f8vrig f\u00f8lger vi interessert med i den politiske og kulturelle utviklingen i landet v\u00e5rt og ellers i verden, selv om vi sjelden deltar med offentlige kommentarer eller direkte partipolitisk virksomhet.<\/p>\n<p>Det er et stort anliggende for oss \u00e5 v\u00e6re med \u00e5 lindre den materielle n\u00f8den og den sosiale elendigheten i mange land i verden, ved praktisk nestekj\u00e6rlighet. Derfor finnes det i v\u00e5r menighet en utpreget humanit\u00e6r virksomhet: I samarbeid med forskjellige myndigheter, farmaindustrien og mange leger transporteres tonnevis med medikamenter og andre saker som f.eks. kl\u00e6r, sko og n\u00e6ringsmidler s\u00e6rlig til Sydamerika og i landene som f\u00f8r tilh\u00f8rte Sovjetunionen. Mange frivillige hjelpere s\u00f8rger for at disse tingene virkelig kommer fram til de fattigste og mest trengende i sykehus, barnehjem og barnerike familier.<\/p>\n","protected":false},"excerpt":{"rendered":"<p>Vi har allerede nevnt at alle iblant oss er yrkesut\u00f8vende. Ingen kan vente \u00f8konomiske fordeler eller kanskje \u00e5 kunne tjene til livets opphold n\u00e5r han slutter seg til v\u00e5rt trossamfunn. Derfor legger vi stor vekt p\u00e5 \u00e5 gi barna og ungdommen v\u00e5r en god, solid utdannelse. Nesten alle yrkesgrupper, fra h\u00e5ndverker til atomfysiker er representert [&hellip;]<\/p>\n","protected":false},"author":1,"featured_media":0,"parent":733,"menu_order":5,"comment_status":"open","ping_status":"closed","template":"","meta":{"footnotes":""},"translation":{"provider":"WPGlobus","version":"2.12.2","language":"no","enabled_languages":["de","no","en"],"languages":{"de":{"title":true,"content":true,"excerpt":false},"no":{"title":true,"content":true,"excerpt":false},"en":{"title":true,"content":true,"excerpt":false}}},"_links":{"self":[{"href":"http:\/\/www.norweger.at\/no\/wp-json\/wp\/v2\/pages\/1785"}],"collection":[{"href":"http:\/\/www.norweger.at\/no\/wp-json\/wp\/v2\/pages"}],"about":[{"href":"http:\/\/www.norweger.at\/no\/wp-json\/wp\/v2\/types\/page"}],"author":[{"embeddable":true,"href":"http:\/\/www.norweger.at\/no\/wp-json\/wp\/v2\/users\/1"}],"replies":[{"embeddable":true,"href":"http:\/\/www.norweger.at\/no\/wp-json\/wp\/v2\/comments?post=1785"}],"version-history":[{"count":9,"href":"http:\/\/www.norweger.at\/no\/wp-json\/wp\/v2\/pages\/1785\/revisions"}],"predecessor-version":[{"id":2727,"href":"http:\/\/www.norweger.at\/no\/wp-json\/wp\/v2\/pages\/1785\/revisions\/2727"}],"up":[{"embeddable":true,"href":"http:\/\/www.norweger.at\/no\/wp-json\/wp\/v2\/pages\/733"}],"wp:attachment":[{"href":"http:\/\/www.norweger.at\/no\/wp-json\/wp\/v2\/media?parent=1785"}],"curies":[{"name":"wp","href":"https:\/\/api.w.org\/{rel}","templated":true}]}}