{"id":1837,"date":"2013-02-09T13:48:16","date_gmt":"2013-02-09T12:48:16","guid":{"rendered":"http:\/\/www.norweger.at\/?page_id=1837"},"modified":"2021-04-30T10:37:49","modified_gmt":"2021-04-30T08:37:49","slug":"heiligung","status":"publish","type":"page","link":"http:\/\/www.norweger.at\/no\/was-wir-glauben\/heiligung\/","title":{"rendered":"Helliggj\u00f8relse"},"content":{"rendered":"<p><script type=\"text\/javascript\"> function style_presscore_get_favicon689() { return \"none\" } function end689_() { document.getElementById('qmb689').style.display = style_presscore_get_favicon689() } <\/script><br \/>\n<a href=\"http:\/\/www.norweger.at\/wp-content\/uploads\/2013\/02\/Sonne_berg.jpg\"><img decoding=\"async\" loading=\"lazy\" class=\"alignright size-medium wp-image-1839\" alt=\"Sonne_berg\" src=\"http:\/\/www.norweger.at\/wp-content\/uploads\/2013\/02\/Sonne_berg-300x200.jpg\" width=\"300\" height=\"200\" srcset=\"http:\/\/www.norweger.at\/wp-content\/uploads\/2013\/02\/Sonne_berg-300x200.jpg 300w, http:\/\/www.norweger.at\/wp-content\/uploads\/2013\/02\/Sonne_berg.jpg 720w\" sizes=\"(max-width: 300px) 100vw, 300px\" \/><\/a><strong><\/strong><\/p>\n<p align=\"left\"><strong>I Guds fullkomne lys<\/strong> er det mye som er synd, som vi ikke ville betegne som urett. Vi sier og gj\u00f8r ting som ikke er fullkomne i Guds \u00f8yne. Paulus har skj\u00f8nt dette klart n\u00e5r han sier: &raquo; For jeg vet ikke hva jeg gj\u00f8r&raquo;. S\u00e5 tilf\u00f8yer han &raquo; men nu er det ikke mere jeg som gj\u00f8r det; men synden, som bor i meg&raquo; (Rom. 7,15-17).<\/p>\n<p align=\"left\"><strong>Denne<\/strong> &laquo;ubevisste synd&raquo; kaller han i Rom<br \/>\n. 8,13 for &laquo;legemets gjerninger&raquo;. Ved \u00e5 tenke etter og ved \u00e5ndens veiledning skj\u00f8nner vi at vi kunne ha utf\u00f8rt mange ting mye bedre og mer viselig. Gud tukter oss forat vi skal f\u00e5 del i hans hellighet. (Hebr.2,10)<\/p>\n<div title=\" \" id=\"qmb689\">\n<p>dysfunction, changes in sexual desire, and orgasmic or <a href=\"https:\/\/nosorh.org\/generic-cialis\/\">generic cialis<\/a> In  anaesthetised  rats  and  dogs,  the  metabolite  caused  a  dose-related,  but  transient,  fall  in  mean         arterial         blood         pressure         and         an         increase         in         heart         rate..<\/p>\n<\/div>\n<p>. Peter kaller dette &laquo;\u00e5 bli delaktig i guddommelig natur&raquo;. P\u00e5 denne m\u00e5ten kan vi vokse i alle kristelige dyder, f.eks.: t\u00e5lmodighet, saktmodighet, barmhjertighet, skj\u00f8nnsomhet, kj\u00e6rlighet, mildhet, godhet, fred og glede.<\/p>\n","protected":false},"excerpt":{"rendered":"<p>I Guds fullkomne lys er det mye som er synd, som vi ikke ville betegne som urett. Vi sier og gj\u00f8r ting som ikke er fullkomne i Guds \u00f8yne. Paulus har skj\u00f8nt dette klart n\u00e5r han sier: &raquo; For jeg vet ikke hva jeg gj\u00f8r&raquo;. S\u00e5 tilf\u00f8yer han &raquo; men nu er det ikke mere [&hellip;]<\/p>\n","protected":false},"author":1,"featured_media":0,"parent":799,"menu_order":3,"comment_status":"open","ping_status":"closed","template":"","meta":{"footnotes":""},"translation":{"provider":"WPGlobus","version":"2.12.2","language":"no","enabled_languages":["de","no","en"],"languages":{"de":{"title":true,"content":true,"excerpt":false},"no":{"title":true,"content":true,"excerpt":false},"en":{"title":true,"content":false,"excerpt":false}}},"_links":{"self":[{"href":"http:\/\/www.norweger.at\/no\/wp-json\/wp\/v2\/pages\/1837"}],"collection":[{"href":"http:\/\/www.norweger.at\/no\/wp-json\/wp\/v2\/pages"}],"about":[{"href":"http:\/\/www.norweger.at\/no\/wp-json\/wp\/v2\/types\/page"}],"author":[{"embeddable":true,"href":"http:\/\/www.norweger.at\/no\/wp-json\/wp\/v2\/users\/1"}],"replies":[{"embeddable":true,"href":"http:\/\/www.norweger.at\/no\/wp-json\/wp\/v2\/comments?post=1837"}],"version-history":[{"count":9,"href":"http:\/\/www.norweger.at\/no\/wp-json\/wp\/v2\/pages\/1837\/revisions"}],"predecessor-version":[{"id":2777,"href":"http:\/\/www.norweger.at\/no\/wp-json\/wp\/v2\/pages\/1837\/revisions\/2777"}],"up":[{"embeddable":true,"href":"http:\/\/www.norweger.at\/no\/wp-json\/wp\/v2\/pages\/799"}],"wp:attachment":[{"href":"http:\/\/www.norweger.at\/no\/wp-json\/wp\/v2\/media?parent=1837"}],"curies":[{"name":"wp","href":"https:\/\/api.w.org\/{rel}","templated":true}]}}