{"id":1843,"date":"2013-02-09T14:17:30","date_gmt":"2013-02-09T13:17:30","guid":{"rendered":"http:\/\/www.norweger.at\/?page_id=1843"},"modified":"2021-05-12T10:58:43","modified_gmt":"2021-05-12T08:58:43","slug":"taufe","status":"publish","type":"page","link":"http:\/\/www.norweger.at\/no\/was-wir-glauben\/taufe\/","title":{"rendered":"Trosd\u00e5pen"},"content":{"rendered":"<p><strong>Vi praktiserer trosd\u00e5pen,<\/strong> alts\u00e5 d\u00e5p av voksne, fordi sm\u00e5 barn enn\u00e5 ikke kan bestemme om de vil leve med eller uten Gud. I d\u00e5pen slutter vi en personlig samvittighetspakt med Gud for \u00e5 f\u00f8re et nytt liv (1. Petr<\/p>\n<p>. 3,21 og Rom<br \/>\n. 6,4). Men de sm\u00e5 barna blir velsignet i forsamlingen, slik som ogs\u00e5 Jesus velsignet dem.<\/p>\n<p><a href=\"http:\/\/www.norweger.at\/wp-content\/uploads\/2013\/02\/taufe.jpg\"><img decoding=\"async\" loading=\"lazy\" class=\"alignleft size-full wp-image-1844\" alt=\"taufe\" src=\"http:\/\/www.norweger.at\/wp-content\/uploads\/2013\/02\/taufe.jpg\" width=\"700\" height=\"350\" srcset=\"http:\/\/www.norweger.at\/wp-content\/uploads\/2013\/02\/taufe.jpg 700w, http:\/\/www.norweger.at\/wp-content\/uploads\/2013\/02\/taufe-300x150.jpg 300w\" sizes=\"(max-width: 700px) 100vw, 700px\" \/><\/a><\/p>\n","protected":false},"excerpt":{"rendered":"<p>Vi praktiserer trosd\u00e5pen, alts\u00e5 d\u00e5p av voksne, fordi sm\u00e5 barn enn\u00e5 ikke kan bestemme om de vil leve med eller uten Gud. I d\u00e5pen slutter vi en personlig samvittighetspakt med Gud for \u00e5 f\u00f8re et nytt liv (1. Petr . 3,21 og Rom . 6,4). Men de sm\u00e5 barna blir velsignet i forsamlingen, slik som [&hellip;]<\/p>\n","protected":false},"author":1,"featured_media":0,"parent":799,"menu_order":6,"comment_status":"open","ping_status":"closed","template":"","meta":{"footnotes":""},"translation":{"provider":"WPGlobus","version":"2.12.2","language":"no","enabled_languages":["de","no","en"],"languages":{"de":{"title":true,"content":true,"excerpt":false},"no":{"title":true,"content":true,"excerpt":false},"en":{"title":true,"content":true,"excerpt":false}}},"_links":{"self":[{"href":"http:\/\/www.norweger.at\/no\/wp-json\/wp\/v2\/pages\/1843"}],"collection":[{"href":"http:\/\/www.norweger.at\/no\/wp-json\/wp\/v2\/pages"}],"about":[{"href":"http:\/\/www.norweger.at\/no\/wp-json\/wp\/v2\/types\/page"}],"author":[{"embeddable":true,"href":"http:\/\/www.norweger.at\/no\/wp-json\/wp\/v2\/users\/1"}],"replies":[{"embeddable":true,"href":"http:\/\/www.norweger.at\/no\/wp-json\/wp\/v2\/comments?post=1843"}],"version-history":[{"count":9,"href":"http:\/\/www.norweger.at\/no\/wp-json\/wp\/v2\/pages\/1843\/revisions"}],"predecessor-version":[{"id":2782,"href":"http:\/\/www.norweger.at\/no\/wp-json\/wp\/v2\/pages\/1843\/revisions\/2782"}],"up":[{"embeddable":true,"href":"http:\/\/www.norweger.at\/no\/wp-json\/wp\/v2\/pages\/799"}],"wp:attachment":[{"href":"http:\/\/www.norweger.at\/no\/wp-json\/wp\/v2\/media?parent=1843"}],"curies":[{"name":"wp","href":"https:\/\/api.w.org\/{rel}","templated":true}]}}