{"id":1847,"date":"2013-02-09T14:20:15","date_gmt":"2013-02-09T13:20:15","guid":{"rendered":"http:\/\/www.norweger.at\/?page_id=1847"},"modified":"2021-05-12T10:55:08","modified_gmt":"2021-05-12T08:55:08","slug":"abendmahl","status":"publish","type":"page","link":"http:\/\/www.norweger.at\/no\/was-wir-glauben\/abendmahl\/","title":{"rendered":"Nattverden"},"content":{"rendered":"<p><strong>Nattverden<\/strong> er en h\u00f8ytid til minne om Jesu liv og d\u00f8d. I v\u00e5re menigheter feires den i uregelmessige avstander. Ved \u00e5 delta i den vitner vi om at vi har samfunn med Jesus og med hverandre. Nattverden er ogs\u00e5 en anledning til selvransakelse, samtidig som vi minner hverandre om det store frelsesverket som Jesus har fullf\u00f8rt for oss og helliggj\u00f8relsesverket som han vil utf\u00f8re i oss<br \/>\n.<\/p>\n<p><a href=\"http:\/\/www.norweger.at\/wp-content\/uploads\/2013\/02\/54de1319-7e61-4055-962e-001.jpg\"><img decoding=\"async\" loading=\"lazy\" class=\"aligncenter size-large wp-image-1848\" alt=\"54de1319-7e61-4055-962e-001\" src=\"http:\/\/www.norweger.at\/wp-content\/uploads\/2013\/02\/54de1319-7e61-4055-962e-001-1024x351.jpg\" width=\"1024\" height=\"351\" srcset=\"http:\/\/www.norweger.at\/wp-content\/uploads\/2013\/02\/54de1319-7e61-4055-962e-001-1024x351.jpg 1024w, http:\/\/www.norweger.at\/wp-content\/uploads\/2013\/02\/54de1319-7e61-4055-962e-001-300x102.jpg 300w, http:\/\/www.norweger.at\/wp-content\/uploads\/2013\/02\/54de1319-7e61-4055-962e-001.jpg 1866w\" sizes=\"(max-width: 1024px) 100vw, 1024px\" \/><\/a><\/p>\n","protected":false},"excerpt":{"rendered":"<p>Nattverden er en h\u00f8ytid til minne om Jesu liv og d\u00f8d. I v\u00e5re menigheter feires den i uregelmessige avstander. Ved \u00e5 delta i den vitner vi om at vi har samfunn med Jesus og med hverandre. Nattverden er ogs\u00e5 en anledning til selvransakelse, samtidig som vi minner hverandre om det store frelsesverket som Jesus har [&hellip;]<\/p>\n","protected":false},"author":1,"featured_media":0,"parent":799,"menu_order":5,"comment_status":"open","ping_status":"closed","template":"","meta":{"footnotes":""},"translation":{"provider":"WPGlobus","version":"2.12.2","language":"no","enabled_languages":["de","no","en"],"languages":{"de":{"title":true,"content":true,"excerpt":false},"no":{"title":true,"content":true,"excerpt":false},"en":{"title":true,"content":false,"excerpt":false}}},"_links":{"self":[{"href":"http:\/\/www.norweger.at\/no\/wp-json\/wp\/v2\/pages\/1847"}],"collection":[{"href":"http:\/\/www.norweger.at\/no\/wp-json\/wp\/v2\/pages"}],"about":[{"href":"http:\/\/www.norweger.at\/no\/wp-json\/wp\/v2\/types\/page"}],"author":[{"embeddable":true,"href":"http:\/\/www.norweger.at\/no\/wp-json\/wp\/v2\/users\/1"}],"replies":[{"embeddable":true,"href":"http:\/\/www.norweger.at\/no\/wp-json\/wp\/v2\/comments?post=1847"}],"version-history":[{"count":7,"href":"http:\/\/www.norweger.at\/no\/wp-json\/wp\/v2\/pages\/1847\/revisions"}],"predecessor-version":[{"id":2780,"href":"http:\/\/www.norweger.at\/no\/wp-json\/wp\/v2\/pages\/1847\/revisions\/2780"}],"up":[{"embeddable":true,"href":"http:\/\/www.norweger.at\/no\/wp-json\/wp\/v2\/pages\/799"}],"wp:attachment":[{"href":"http:\/\/www.norweger.at\/no\/wp-json\/wp\/v2\/media?parent=1847"}],"curies":[{"name":"wp","href":"https:\/\/api.w.org\/{rel}","templated":true}]}}