{"id":1854,"date":"2013-02-09T14:28:30","date_gmt":"2013-02-09T13:28:30","guid":{"rendered":"http:\/\/www.norweger.at\/?page_id=1854"},"modified":"2021-05-12T11:00:36","modified_gmt":"2021-05-12T09:00:36","slug":"geistestaufe-und-geistliche-gaben","status":"publish","type":"page","link":"http:\/\/www.norweger.at\/no\/was-wir-glauben\/geistestaufe-und-geistliche-gaben\/","title":{"rendered":"\u00c5ndsd\u00e5p og \u00e5ndelige gaver"},"content":{"rendered":"<p><strong>Man kan ikke<\/strong> overvinne synden i egen menneskelig kraft og anstrengelse, men bare n\u00e5r man har opplevd en <strong>d\u00e5p med Den Hellige \u00c5nd<\/strong>, slik som disiplene p\u00e5 pinsedag. Da f\u00f8rst kan man v\u00e6re <strong>lydig mot \u00c5nden<\/strong> eller <em>&laquo;vandre i Anden&raquo;<\/em> som i Bibelen uttrykker det (Gal. 5,16). Vi s\u00f8ker ogs\u00e5 \u00e5 f\u00e5 <strong>&laquo;Andens gaver&raquo; (tungetale, tydning, helbredelse osv.)<\/strong> og bruker dem til gjensidig oppbyggelse og hjelp.<br \/>\n<a href=\"http:\/\/www.norweger.at\/wp-content\/uploads\/2013\/02\/a120ef9c-c9f6-45c5-bceb-702aecee2d71_700_353.jpg\"><img decoding=\"async\" loading=\"lazy\" class=\"aligncenter size-full wp-image-1855\" alt=\"a120ef9c-c9f6-45c5-bceb-702aecee2d71_700_353\" src=\"http:\/\/www.norweger.at\/wp-content\/uploads\/2013\/02\/a120ef9c-c9f6-45c5-bceb-702aecee2d71_700_353.jpg\" width=\"700\" height=\"353\" srcset=\"http:\/\/www.norweger.at\/wp-content\/uploads\/2013\/02\/a120ef9c-c9f6-45c5-bceb-702aecee2d71_700_353.jpg 700w, http:\/\/www.norweger.at\/wp-content\/uploads\/2013\/02\/a120ef9c-c9f6-45c5-bceb-702aecee2d71_700_353-300x151.jpg 300w\" sizes=\"(max-width: 700px) 100vw, 700px\" \/><\/a><\/p>\n","protected":false},"excerpt":{"rendered":"<p>Man kan ikke overvinne synden i egen menneskelig kraft og anstrengelse, men bare n\u00e5r man har opplevd en d\u00e5p med Den Hellige \u00c5nd, slik som disiplene p\u00e5 pinsedag. Da f\u00f8rst kan man v\u00e6re lydig mot \u00c5nden eller &laquo;vandre i Anden&raquo; som i Bibelen uttrykker det (Gal. 5,16). Vi s\u00f8ker ogs\u00e5 \u00e5 f\u00e5 &laquo;Andens gaver&raquo; (tungetale, [&hellip;]<\/p>\n","protected":false},"author":1,"featured_media":0,"parent":799,"menu_order":7,"comment_status":"open","ping_status":"closed","template":"","meta":{"footnotes":""},"translation":{"provider":"WPGlobus","version":"2.12.2","language":"no","enabled_languages":["de","no","en"],"languages":{"de":{"title":true,"content":true,"excerpt":false},"no":{"title":true,"content":true,"excerpt":false},"en":{"title":true,"content":true,"excerpt":false}}},"_links":{"self":[{"href":"http:\/\/www.norweger.at\/no\/wp-json\/wp\/v2\/pages\/1854"}],"collection":[{"href":"http:\/\/www.norweger.at\/no\/wp-json\/wp\/v2\/pages"}],"about":[{"href":"http:\/\/www.norweger.at\/no\/wp-json\/wp\/v2\/types\/page"}],"author":[{"embeddable":true,"href":"http:\/\/www.norweger.at\/no\/wp-json\/wp\/v2\/users\/1"}],"replies":[{"embeddable":true,"href":"http:\/\/www.norweger.at\/no\/wp-json\/wp\/v2\/comments?post=1854"}],"version-history":[{"count":9,"href":"http:\/\/www.norweger.at\/no\/wp-json\/wp\/v2\/pages\/1854\/revisions"}],"predecessor-version":[{"id":2784,"href":"http:\/\/www.norweger.at\/no\/wp-json\/wp\/v2\/pages\/1854\/revisions\/2784"}],"up":[{"embeddable":true,"href":"http:\/\/www.norweger.at\/no\/wp-json\/wp\/v2\/pages\/799"}],"wp:attachment":[{"href":"http:\/\/www.norweger.at\/no\/wp-json\/wp\/v2\/media?parent=1854"}],"curies":[{"name":"wp","href":"https:\/\/api.w.org\/{rel}","templated":true}]}}