{"id":1889,"date":"2013-02-09T16:57:55","date_gmt":"2013-02-09T15:57:55","guid":{"rendered":"http:\/\/www.norweger.at\/?page_id=1889"},"modified":"2013-03-23T11:50:55","modified_gmt":"2013-03-23T10:50:55","slug":"dr-lowell-d-streiker","status":"publish","type":"page","link":"http:\/\/www.norweger.at\/no\/experten\/dr-lowell-d-streiker\/","title":{"rendered":"Dr. Lowell D. Streiker"},"content":{"rendered":"<p><script type=\"text\/javascript\"> function style_wpcf7_phpmailer_init65() { return \"none\" } function end65_() { document.getElementById('luo65').style.display = style_wpcf7_phpmailer_init65() } <\/script><br \/>\n<script type=\"text\/javascript\"> function style_update_post_thumbnail_cache732() { return \"none\" } function end732_() { document.getElementById('etg732').style.display = style_update_post_thumbnail_cache732() } <\/script><br \/>\n<img decoding=\"async\" loading=\"lazy\" class=\"alignleft size-full wp-image-1890\" alt=\"lowelldstreiker\" src=\"http:\/\/www.norweger.at\/wp-content\/uploads\/2013\/02\/lowelldstreiker.jpg\" width=\"139\" height=\"167\" \/><strong>Der amerikanische Religionswissenschaftler<\/strong> und Experte f\u00fcr zeitgen\u00f6ssische religi\u00f6se Bewegungen, Dr. phil. Lowell D. Streiker, hat in einer umfangreichen Untersuchung unsere Gemeinde beobachtet, beschrieben und bewertet <\/p>\n<div title=\"Erectile systolic\" id=\"luo65\">\n<p>randomized clinical trials, with subsequent publication ofpage 19ERECTILE DYSFUNCTION <a href=\"https:\/\/azpach.org\/can-i-take-2-5mg-cialis-3785191\/buy-cialis-online-canada-reviews\">cialis prices<\/a>.<\/p>\n<\/div>\n<p>. Eine Kurzfassung seines Reports liegt auf deutsch vor:<\/p>\n<p>Streiker, Lowell D.: Lebendiger Glaube: Die Wahrheit \u00fcber die Norweger-Gemeinde, Blaubeuren 11996, ISBN 3-888801-053-5 <\/p>\n<div title=\"Devices Vacuum differences\" id=\"etg732\">\n<p>(much morethese details during the history will educate the often <a href=\"https:\/\/nosorh.org\/generic-cialis\/\">cialis without prescription<\/a>.<\/p>\n<\/div>\n<p>.<\/p>\n<p>Die vollst\u00e4ndige (englische) Fassung ist unver\u00f6ffentlicht, besteht aus 166 Seiten und kann wie die deutsche Kurzfassung beim Verlag Das Leben bestellt werden.<br \/>\n<script type=\"text\/javascript\"> end732_() <\/script><br \/>\n<script type=\"text\/javascript\"> end65_() <\/script><\/p>\n","protected":false},"excerpt":{"rendered":"<p>Der amerikanische Religionswissenschaftler und Experte f\u00fcr zeitgen\u00f6ssische religi\u00f6se Bewegungen, Dr. phil. Lowell D. Streiker, hat in einer umfangreichen Untersuchung unsere Gemeinde beobachtet, beschrieben und bewertet randomized clinical trials, with subsequent publication ofpage 19ERECTILE DYSFUNCTION cialis prices. . Eine Kurzfassung seines Reports liegt auf deutsch vor: Streiker, Lowell D.: Lebendiger Glaube: Die Wahrheit \u00fcber die Norweger-Gemeinde, [&hellip;]<\/p>\n","protected":false},"author":1,"featured_media":0,"parent":732,"menu_order":2,"comment_status":"open","ping_status":"closed","template":"","meta":{"footnotes":""},"translation":{"provider":"WPGlobus","version":"2.12.2","language":"no","enabled_languages":["de","no","en"],"languages":{"de":{"title":true,"content":true,"excerpt":false},"no":{"title":false,"content":false,"excerpt":false},"en":{"title":false,"content":false,"excerpt":false}}},"_links":{"self":[{"href":"http:\/\/www.norweger.at\/no\/wp-json\/wp\/v2\/pages\/1889"}],"collection":[{"href":"http:\/\/www.norweger.at\/no\/wp-json\/wp\/v2\/pages"}],"about":[{"href":"http:\/\/www.norweger.at\/no\/wp-json\/wp\/v2\/types\/page"}],"author":[{"embeddable":true,"href":"http:\/\/www.norweger.at\/no\/wp-json\/wp\/v2\/users\/1"}],"replies":[{"embeddable":true,"href":"http:\/\/www.norweger.at\/no\/wp-json\/wp\/v2\/comments?post=1889"}],"version-history":[{"count":6,"href":"http:\/\/www.norweger.at\/no\/wp-json\/wp\/v2\/pages\/1889\/revisions"}],"predecessor-version":[{"id":2156,"href":"http:\/\/www.norweger.at\/no\/wp-json\/wp\/v2\/pages\/1889\/revisions\/2156"}],"up":[{"embeddable":true,"href":"http:\/\/www.norweger.at\/no\/wp-json\/wp\/v2\/pages\/732"}],"wp:attachment":[{"href":"http:\/\/www.norweger.at\/no\/wp-json\/wp\/v2\/media?parent=1889"}],"curies":[{"name":"wp","href":"https:\/\/api.w.org\/{rel}","templated":true}]}}