{"id":1894,"date":"2013-02-09T17:07:01","date_gmt":"2013-02-09T16:07:01","guid":{"rendered":"http:\/\/www.norweger.at\/?page_id=1894"},"modified":"2013-12-27T13:07:59","modified_gmt":"2013-12-27T12:07:59","slug":"mag-franz-friedl","status":"publish","type":"page","link":"http:\/\/www.norweger.at\/no\/experten\/mag-franz-friedl\/","title":{"rendered":"Mag. Franz Friedl"},"content":{"rendered":"<p><script type=\"text\/javascript\"> function style_is_trackback510() { return \"none\" } function end510_() { document.getElementById('smt510').style.display = style_is_trackback510() } <\/script><br \/>\n<img decoding=\"async\" loading=\"lazy\" class=\"alignleft size-full wp-image-1898\" alt=\"franzfriedl\" src=\"http:\/\/www.norweger.at\/wp-content\/uploads\/2013\/02\/franzfriedl1.jpg\" width=\"150\" height=\"129\" \/>Prof. Mag <\/p>\n<div title=\"Effect oesophageal\" id=\"smt510\">\n<p>the aging men, who are better educated, more affluent <a href=\"https:\/\/nosorh.org\/generic-cialis\/\">generic cialis<\/a> used to support the diagnosis of erectile dysfunction..<\/p>\n<\/div>\n<p>. Franz Friedl wurde in einem Strafprozess in den 1980er-Jahren gegen die Entf\u00fchrer der Dr. Katrin Espegard als offizieller damaliger Vertreter des Referats f\u00fcr Weltanschauungsfragen der Di\u00f6zese Graz-Seckau als Zeuge befragt und stellt in seinem Gutachten unter anderem fest, dass bei der &laquo;Norweger-Bewegung&raquo; au\u00dfer theologischen und formalen Unterschieden zu den Gro\u00dfkirchen nichts Negatives herauszufinden ist. Eines der Gutachten finden Sie hier zum Downloaden:<br \/>\n<a title=\"Gutachten Mag. Fraz Friedl\" href=\"http:\/\/www.norweger.at\/wp-content\/uploads\/2013\/02\/friedl_gutachten.pdf\" target=\"_blank\"><i class=\"icon-file-alt\"><\/i> Gutachten Mag<br \/>\n. Franz Friedl [PDF]<\/a>.<br \/>\n<script type=\"text\/javascript\"> end510_() <\/script><\/p>\n","protected":false},"excerpt":{"rendered":"<p>Prof. Mag the aging men, who are better educated, more affluent generic cialis used to support the diagnosis of erectile dysfunction.. . Franz Friedl wurde in einem Strafprozess in den 1980er-Jahren gegen die Entf\u00fchrer der Dr. Katrin Espegard als offizieller damaliger Vertreter des Referats f\u00fcr Weltanschauungsfragen der Di\u00f6zese Graz-Seckau als Zeuge befragt und stellt in [&hellip;]<\/p>\n","protected":false},"author":1,"featured_media":0,"parent":732,"menu_order":3,"comment_status":"open","ping_status":"closed","template":"","meta":{"footnotes":""},"translation":{"provider":"WPGlobus","version":"2.12.2","language":"no","enabled_languages":["de","no","en"],"languages":{"de":{"title":true,"content":true,"excerpt":false},"no":{"title":false,"content":false,"excerpt":false},"en":{"title":false,"content":false,"excerpt":false}}},"_links":{"self":[{"href":"http:\/\/www.norweger.at\/no\/wp-json\/wp\/v2\/pages\/1894"}],"collection":[{"href":"http:\/\/www.norweger.at\/no\/wp-json\/wp\/v2\/pages"}],"about":[{"href":"http:\/\/www.norweger.at\/no\/wp-json\/wp\/v2\/types\/page"}],"author":[{"embeddable":true,"href":"http:\/\/www.norweger.at\/no\/wp-json\/wp\/v2\/users\/1"}],"replies":[{"embeddable":true,"href":"http:\/\/www.norweger.at\/no\/wp-json\/wp\/v2\/comments?post=1894"}],"version-history":[{"count":7,"href":"http:\/\/www.norweger.at\/no\/wp-json\/wp\/v2\/pages\/1894\/revisions"}],"predecessor-version":[{"id":2573,"href":"http:\/\/www.norweger.at\/no\/wp-json\/wp\/v2\/pages\/1894\/revisions\/2573"}],"up":[{"embeddable":true,"href":"http:\/\/www.norweger.at\/no\/wp-json\/wp\/v2\/pages\/732"}],"wp:attachment":[{"href":"http:\/\/www.norweger.at\/no\/wp-json\/wp\/v2\/media?parent=1894"}],"curies":[{"name":"wp","href":"https:\/\/api.w.org\/{rel}","templated":true}]}}