{"id":1901,"date":"2013-02-09T17:12:19","date_gmt":"2013-02-09T16:12:19","guid":{"rendered":"http:\/\/www.norweger.at\/?page_id=1901"},"modified":"2013-03-23T11:51:13","modified_gmt":"2013-03-23T10:51:13","slug":"dr-steinar-moe","status":"publish","type":"page","link":"http:\/\/www.norweger.at\/no\/experten\/dr-steinar-moe\/","title":{"rendered":"Dr. Steinar Moe"},"content":{"rendered":"<p><img decoding=\"async\" loading=\"lazy\" class=\"alignleft size-full wp-image-1903\" alt=\"steinar_moe\" src=\"http:\/\/www.norweger.at\/wp-content\/uploads\/2013\/02\/steinar_moe.jpg\" width=\"150\" height=\"250\" \/>Dr. teol. Steinar Moe ist einer der f\u00fchrenden Theologen der norwegisch-lutherischen Staatskirche, der sich intensiv mit der Lehre bzw . den theologischen Aspekten von Smiths Freunden besch\u00e4ftigt hat. Sein Buch &laquo;Was lehren Smiths Freunde&raquo; wird zur Zeit ins Deutsche \u00fcbersetzt.<\/p>\n<p>In einem Artikel der norwegischen Tageszeitung &laquo;T\u00f8nsbergs Blad&raquo; ist Dr. Moe unter anderem ausf\u00fchrlich auf das Verst\u00e4ndnis des Christentums von Smiths Freunden eingegangen: <a title=\"Verst\u00e4ndnis der Smiths Freunde\" href=\"http:\/\/www.norweger.at\/wp-content\/uploads\/2013\/02\/smiths_freunde_steinar_moe.pdf\" target=\"_blank\"><i class=\"icon-file-alt\"><\/i> Verst\u00e4ndnis der Smiths Freunde [PDF]<\/a>.<\/p>\n","protected":false},"excerpt":{"rendered":"<p>Dr. teol. Steinar Moe ist einer der f\u00fchrenden Theologen der norwegisch-lutherischen Staatskirche, der sich intensiv mit der Lehre bzw . den theologischen Aspekten von Smiths Freunden besch\u00e4ftigt hat. Sein Buch &laquo;Was lehren Smiths Freunde&raquo; wird zur Zeit ins Deutsche \u00fcbersetzt. In einem Artikel der norwegischen Tageszeitung &laquo;T\u00f8nsbergs Blad&raquo; ist Dr. Moe unter anderem ausf\u00fchrlich auf [&hellip;]<\/p>\n","protected":false},"author":1,"featured_media":0,"parent":732,"menu_order":4,"comment_status":"open","ping_status":"closed","template":"","meta":{"footnotes":""},"translation":{"provider":"WPGlobus","version":"2.12.2","language":"no","enabled_languages":["de","no","en"],"languages":{"de":{"title":true,"content":true,"excerpt":false},"no":{"title":false,"content":false,"excerpt":false},"en":{"title":false,"content":false,"excerpt":false}}},"_links":{"self":[{"href":"http:\/\/www.norweger.at\/no\/wp-json\/wp\/v2\/pages\/1901"}],"collection":[{"href":"http:\/\/www.norweger.at\/no\/wp-json\/wp\/v2\/pages"}],"about":[{"href":"http:\/\/www.norweger.at\/no\/wp-json\/wp\/v2\/types\/page"}],"author":[{"embeddable":true,"href":"http:\/\/www.norweger.at\/no\/wp-json\/wp\/v2\/users\/1"}],"replies":[{"embeddable":true,"href":"http:\/\/www.norweger.at\/no\/wp-json\/wp\/v2\/comments?post=1901"}],"version-history":[{"count":6,"href":"http:\/\/www.norweger.at\/no\/wp-json\/wp\/v2\/pages\/1901\/revisions"}],"predecessor-version":[{"id":2158,"href":"http:\/\/www.norweger.at\/no\/wp-json\/wp\/v2\/pages\/1901\/revisions\/2158"}],"up":[{"embeddable":true,"href":"http:\/\/www.norweger.at\/no\/wp-json\/wp\/v2\/pages\/732"}],"wp:attachment":[{"href":"http:\/\/www.norweger.at\/no\/wp-json\/wp\/v2\/media?parent=1901"}],"curies":[{"name":"wp","href":"https:\/\/api.w.org\/{rel}","templated":true}]}}