{"id":2435,"date":"2013-03-27T23:25:41","date_gmt":"2013-03-27T22:25:41","guid":{"rendered":"http:\/\/www.norweger.at\/?page_id=2435"},"modified":"2021-04-29T17:17:51","modified_gmt":"2021-04-29T15:17:51","slug":"gutachten","status":"publish","type":"page","link":"http:\/\/www.norweger.at\/no\/causa-koberl-3\/gutachten\/","title":{"rendered":"Rapport"},"content":{"rendered":"<p><img decoding=\"async\" loading=\"lazy\" src=\"http:\/\/www.norweger.at\/wp-content\/uploads\/2013\/02\/franzfriedl.jpg\" alt=\"franzfriedl\" width=\"150\" height=\"129\" class=\"alignleft size-full wp-image-1895\" \/>Mag . Franz Friedl wurde seinerzeit im Strafprozess gegen die Entf\u00fchrer der Dr. Katrin Espegard als offizieller damaliger Vertreter des Referats f\u00fcr Weltanschauungsfragen der Di\u00f6zese Graz-Seckau als Zeuge befragt und stellt in seinem Gutachten unter anderem fest, dass bei der &laquo;Norweger-Bewegung&raquo; au\u00dfer theologischen und formalen Unterschieden zu den Gro\u00dfkirchen nichts Negatives herauszufinden ist.<\/p>\n<blockquote><p><a title=\"Gutachten Mag. Fraz Friedl 1\" href=\"http:\/\/www.norweger.at\/wp-content\/uploads\/2013\/02\/friedl_gutachten.pdf\" target=\"_blank\" rel=\"noopener\"><i class=\"icon-file-alt\"><\/i> Gutachten Mag<br \/>\n. Fraz Friedl 1 [PDF]<\/a>.<\/p><\/blockquote>\n<blockquote><p>\n<a title=\"Gutachten Mag. Fraz Friedl 2\" href=\"http:\/\/www.norweger.at\/wp-content\/uploads\/2013\/03\/gutachten_friedl_2.pdf\" target=\"_blank\" rel=\"noopener\"><i class=\"icon-file-alt\"><\/i> Gutachten Mag. Fraz Friedl 2 [PDF]<\/a><\/p><\/blockquote>\n","protected":false},"excerpt":{"rendered":"<p>Mag . Franz Friedl wurde seinerzeit im Strafprozess gegen die Entf\u00fchrer der Dr. Katrin Espegard als offizieller damaliger Vertreter des Referats f\u00fcr Weltanschauungsfragen der Di\u00f6zese Graz-Seckau als Zeuge befragt und stellt in seinem Gutachten unter anderem fest, dass bei der &laquo;Norweger-Bewegung&raquo; au\u00dfer theologischen und formalen Unterschieden zu den Gro\u00dfkirchen nichts Negatives herauszufinden ist. Gutachten Mag [&hellip;]<\/p>\n","protected":false},"author":1,"featured_media":0,"parent":807,"menu_order":4,"comment_status":"open","ping_status":"open","template":"","meta":{"footnotes":""},"translation":{"provider":"WPGlobus","version":"2.12.2","language":"no","enabled_languages":["de","no","en"],"languages":{"de":{"title":true,"content":true,"excerpt":false},"no":{"title":true,"content":false,"excerpt":false},"en":{"title":true,"content":false,"excerpt":false}}},"_links":{"self":[{"href":"http:\/\/www.norweger.at\/no\/wp-json\/wp\/v2\/pages\/2435"}],"collection":[{"href":"http:\/\/www.norweger.at\/no\/wp-json\/wp\/v2\/pages"}],"about":[{"href":"http:\/\/www.norweger.at\/no\/wp-json\/wp\/v2\/types\/page"}],"author":[{"embeddable":true,"href":"http:\/\/www.norweger.at\/no\/wp-json\/wp\/v2\/users\/1"}],"replies":[{"embeddable":true,"href":"http:\/\/www.norweger.at\/no\/wp-json\/wp\/v2\/comments?post=2435"}],"version-history":[{"count":8,"href":"http:\/\/www.norweger.at\/no\/wp-json\/wp\/v2\/pages\/2435\/revisions"}],"predecessor-version":[{"id":2763,"href":"http:\/\/www.norweger.at\/no\/wp-json\/wp\/v2\/pages\/2435\/revisions\/2763"}],"up":[{"embeddable":true,"href":"http:\/\/www.norweger.at\/no\/wp-json\/wp\/v2\/pages\/807"}],"wp:attachment":[{"href":"http:\/\/www.norweger.at\/no\/wp-json\/wp\/v2\/media?parent=2435"}],"curies":[{"name":"wp","href":"https:\/\/api.w.org\/{rel}","templated":true}]}}