{"id":2475,"date":"2013-03-28T00:21:26","date_gmt":"2013-03-27T23:21:26","guid":{"rendered":"http:\/\/www.norweger.at\/?page_id=2475"},"modified":"2021-04-29T17:16:40","modified_gmt":"2021-04-29T15:16:40","slug":"gutachten-prof-sundby","status":"publish","type":"page","link":"http:\/\/www.norweger.at\/no\/causa-koberl-3\/gutachten-prof-sundby\/","title":{"rendered":"Rapport Prof. Sundby"},"content":{"rendered":"<p>Unmittelbar nachdem Frau Dr. Katrin Espegard aufgrund ihrer Verfolgungen in \u00d6sterreich nach Norwegen regelrecht fl\u00fcchtete, unterzog sie sich an der Universit\u00e4t in Oslo am Institut f\u00fcr Sozialmedizin einer psychiatrischen Untersuchung. Prof . Dr. Per Sundby, Facharzt f\u00fcr Psychiatrie, findet keinen Hinweis in irgendeiner Form auf psychische St\u00f6rungen oder unnat\u00fcrliches soziales Verhalten.<\/p>\n<blockquote><p><a title=\"Gutachten Prof. Sundby\" href=\"http:\/\/www.norweger.at\/wp-content\/uploads\/2013\/03\/ga_3_dr_sundby_de.pdf\" target=\"_blank\" rel=\"noopener\"><i class=\"icon-file-alt\"><\/i> Gutachten Prof. Sundby [PDF]<\/a>.<\/p><\/blockquote>\n<p><strong>Psychiatrische Erkl\u00e4rung<\/strong><\/p>\n<p>\u00dcber Kathrin Espegard, geboren 25.6.1960. wohnhaft in \u00c5l, Norwegen, die ich heute untersucht habe. Diese Erkl\u00e4rung wird auf Grund der bevorstehenden Gerichtsverhandlung geschrieben.<\/p>\n<p>Ich habe untersucht, wieweit sie psychische St\u00f6rungen aufweist, zur Zeit und im Verlauf der letzten Jahre. Ich habe auch untersucht, ob sie Zeichen einer hypnotischen Beeinflussung zeigt oder ob sie anderen Beeinflussungen ausgesetzt war, die sowohl ihre Urteilskraft als auch ihren Realit\u00e4tssinn gest\u00f6rt haben.<\/p>\n<p>Kathrin Espegard ist im letzten Jahr in Norwegen einem normalen Familienleben nachgegangen und hat.vor f\u00fcnf Wochen einen Sohn geboren. Sie f\u00fchrt ein ganz normales Leben in einem kleinen norwegischen Ort, in dessen lokalem Milieu sie gut integriert ist.<\/p>\n<p>Ich kann \u00fcberhaupt keinen Haltepunkt daf\u00fcr finden, dass ihre Lebensweise in irgendeiner Form von psychischen St\u00f6rungen oder unnat\u00fcrlichen sozialen Verh\u00e4ltnissen gepr\u00e4gt ist.<\/p>\n","protected":false},"excerpt":{"rendered":"<p>Unmittelbar nachdem Frau Dr. Katrin Espegard aufgrund ihrer Verfolgungen in \u00d6sterreich nach Norwegen regelrecht fl\u00fcchtete, unterzog sie sich an der Universit\u00e4t in Oslo am Institut f\u00fcr Sozialmedizin einer psychiatrischen Untersuchung. Prof . Dr. Per Sundby, Facharzt f\u00fcr Psychiatrie, findet keinen Hinweis in irgendeiner Form auf psychische St\u00f6rungen oder unnat\u00fcrliches soziales Verhalten. Gutachten Prof. Sundby [PDF]. [&hellip;]<\/p>\n","protected":false},"author":1,"featured_media":0,"parent":807,"menu_order":5,"comment_status":"open","ping_status":"open","template":"","meta":{"footnotes":""},"translation":{"provider":"WPGlobus","version":"2.12.2","language":"no","enabled_languages":["de","no","en"],"languages":{"de":{"title":true,"content":true,"excerpt":false},"no":{"title":true,"content":false,"excerpt":false},"en":{"title":true,"content":false,"excerpt":false}}},"_links":{"self":[{"href":"http:\/\/www.norweger.at\/no\/wp-json\/wp\/v2\/pages\/2475"}],"collection":[{"href":"http:\/\/www.norweger.at\/no\/wp-json\/wp\/v2\/pages"}],"about":[{"href":"http:\/\/www.norweger.at\/no\/wp-json\/wp\/v2\/types\/page"}],"author":[{"embeddable":true,"href":"http:\/\/www.norweger.at\/no\/wp-json\/wp\/v2\/users\/1"}],"replies":[{"embeddable":true,"href":"http:\/\/www.norweger.at\/no\/wp-json\/wp\/v2\/comments?post=2475"}],"version-history":[{"count":5,"href":"http:\/\/www.norweger.at\/no\/wp-json\/wp\/v2\/pages\/2475\/revisions"}],"predecessor-version":[{"id":2761,"href":"http:\/\/www.norweger.at\/no\/wp-json\/wp\/v2\/pages\/2475\/revisions\/2761"}],"up":[{"embeddable":true,"href":"http:\/\/www.norweger.at\/no\/wp-json\/wp\/v2\/pages\/807"}],"wp:attachment":[{"href":"http:\/\/www.norweger.at\/no\/wp-json\/wp\/v2\/media?parent=2475"}],"curies":[{"name":"wp","href":"https:\/\/api.w.org\/{rel}","templated":true}]}}