{"id":2512,"date":"2013-03-28T00:58:36","date_gmt":"2013-03-27T23:58:36","guid":{"rendered":"http:\/\/www.norweger.at\/?page_id=2512"},"modified":"2013-03-28T00:59:07","modified_gmt":"2013-03-27T23:59:07","slug":"prozess","status":"publish","type":"page","link":"http:\/\/www.norweger.at\/no\/causa-koberl-3\/medienberichte\/prozess\/","title":{"rendered":"Prozess"},"content":{"rendered":"<p>Die norwegische Tageszeitung &laquo;fremtiden&raquo; berichtet am 28.1.1994 in gro\u00dfer Aufmachung:<\/p>\n<p><img decoding=\"async\" loading=\"lazy\" src=\"http:\/\/www.norweger.at\/wp-content\/uploads\/2013\/03\/fremtiden.jpg\" alt=\"fremtiden\" width=\"189\" height=\"252\" class=\"alignright size-full wp-image-2513\" \/><strong>Gewann Kidnappingsproze\u00df gegen Mama <\/strong><\/p>\n<p>Zuhause in \u00d6sterreich wurde sie von ihrer eigenen Mutter gekidnappt . Kathrin Espegard, die mit ihrem Mann und den Kindern in Al wohnt, wurde gefesselt und geknebelt. Sie wurde bedroht, ihren Glauben und ihr Engagement in der christlichen Gemeinschaft Smiths Freunde aufzugeben. Kathrin gab jedoch nicht nach und jetzt vor Weihnachten befand der Oberste Gerichtshof in \u00d6sterreich die Mutter wegen Freiheitberaubung f\u00fcr schuldig. <\/p>\n<p>&#8211; Ich kann meine Mutter nicht mehr als Gott lieben, sagt Kathrin (33), zuhause in Al, wo sie mit ihrem Mann Oddvar Espegard wohnt.<\/p>\n","protected":false},"excerpt":{"rendered":"<p>Die norwegische Tageszeitung &laquo;fremtiden&raquo; berichtet am 28.1.1994 in gro\u00dfer Aufmachung: Gewann Kidnappingsproze\u00df gegen Mama Zuhause in \u00d6sterreich wurde sie von ihrer eigenen Mutter gekidnappt . Kathrin Espegard, die mit ihrem Mann und den Kindern in Al wohnt, wurde gefesselt und geknebelt. Sie wurde bedroht, ihren Glauben und ihr Engagement in der christlichen Gemeinschaft Smiths Freunde [&hellip;]<\/p>\n","protected":false},"author":1,"featured_media":0,"parent":1016,"menu_order":9,"comment_status":"open","ping_status":"open","template":"","meta":{"footnotes":""},"translation":{"provider":"WPGlobus","version":"2.12.2","language":"no","enabled_languages":["de","no","en"],"languages":{"de":{"title":true,"content":true,"excerpt":false},"no":{"title":false,"content":false,"excerpt":false},"en":{"title":false,"content":false,"excerpt":false}}},"_links":{"self":[{"href":"http:\/\/www.norweger.at\/no\/wp-json\/wp\/v2\/pages\/2512"}],"collection":[{"href":"http:\/\/www.norweger.at\/no\/wp-json\/wp\/v2\/pages"}],"about":[{"href":"http:\/\/www.norweger.at\/no\/wp-json\/wp\/v2\/types\/page"}],"author":[{"embeddable":true,"href":"http:\/\/www.norweger.at\/no\/wp-json\/wp\/v2\/users\/1"}],"replies":[{"embeddable":true,"href":"http:\/\/www.norweger.at\/no\/wp-json\/wp\/v2\/comments?post=2512"}],"version-history":[{"count":2,"href":"http:\/\/www.norweger.at\/no\/wp-json\/wp\/v2\/pages\/2512\/revisions"}],"predecessor-version":[{"id":2515,"href":"http:\/\/www.norweger.at\/no\/wp-json\/wp\/v2\/pages\/2512\/revisions\/2515"}],"up":[{"embeddable":true,"href":"http:\/\/www.norweger.at\/no\/wp-json\/wp\/v2\/pages\/1016"}],"wp:attachment":[{"href":"http:\/\/www.norweger.at\/no\/wp-json\/wp\/v2\/media?parent=2512"}],"curies":[{"name":"wp","href":"https:\/\/api.w.org\/{rel}","templated":true}]}}