{"id":2521,"date":"2013-03-28T01:08:47","date_gmt":"2013-03-28T00:08:47","guid":{"rendered":"http:\/\/www.norweger.at\/?page_id=2521"},"modified":"2021-04-29T16:41:41","modified_gmt":"2021-04-29T14:41:41","slug":"von-der-mutter-entfuhrt","status":"publish","type":"page","link":"http:\/\/www.norweger.at\/no\/causa-koberl-3\/medienberichte\/von-der-mutter-entfuhrt\/","title":{"rendered":"Kidnappet av moren"},"content":{"rendered":"<p><img decoding=\"async\" src=\"http:\/\/www.norweger.at\/wp-content\/uploads\/2013\/01\/katrin_zeitung-300x212.jpg\" alt=\"katrin_zeitung\" width=\"400\" class=\"alignleft size-medium wp-image-1009\" srcset=\"http:\/\/www.norweger.at\/wp-content\/uploads\/2013\/01\/katrin_zeitung-300x212.jpg 300w, http:\/\/www.norweger.at\/wp-content\/uploads\/2013\/01\/katrin_zeitung.jpg 700w\" sizes=\"(max-width: 300px) 100vw, 300px\" \/><em>Fra Drammens Tidende \u2013 Buskeruds Blad nr. 23, fredag 28 <\/em><\/p>\n<p><em><\/em><\/p>\n<p><em><\/p>\n<p><\/em><em><\/em><em>. jan. 1994,- 4. uke<\/em><br \/>\n\u00c5l: Kathrin Espegard (33), gift og bosatt i \u00c5l, har opplevd en brutal religionsforf\u00f8lgelse p\u00e5 egen kropp. 1987 ble hun i sitt hjemland \u00d8sterrike kidnappet, kneblet og psykisk terrorisert fordi hun hadde kontakt med trossamfunnet Smiths venner. Til slutt kunne hun flykte.<\/p>\n<p>I \u00c5l fikk hun senere bes\u00f8k av to tysktalende menn. Men denne gangen reagerte hun fortere og gikk i dekning. Kathrin og hennes mann Oddvar Espegard tok kontakt med politiet, og de igjen advarte Interpol. Saken endte med at utenriksdepartemente kunne ut\u00f8ve nok trykk p\u00e5 de \u00f8sterrikske myndighetene til at saken, som allerede var lagt til side, ble tatt opp igjen<br \/>\n. Nylig ble hennes mor d\u00f8mt skyldig i kidnapping, av den \u00f8sterrikske H\u00f8yesterett.<\/p>\n","protected":false},"excerpt":{"rendered":"<p>Fra Drammens Tidende \u2013 Buskeruds Blad nr. 23, fredag 28 . jan. 1994,- 4. uke \u00c5l: Kathrin Espegard (33), gift og bosatt i \u00c5l, har opplevd en brutal religionsforf\u00f8lgelse p\u00e5 egen kropp. 1987 ble hun i sitt hjemland \u00d8sterrike kidnappet, kneblet og psykisk terrorisert fordi hun hadde kontakt med trossamfunnet Smiths venner. Til slutt kunne [&hellip;]<\/p>\n","protected":false},"author":1,"featured_media":0,"parent":1016,"menu_order":10,"comment_status":"open","ping_status":"open","template":"","meta":{"footnotes":""},"translation":{"provider":"WPGlobus","version":"2.12.2","language":"no","enabled_languages":["de","no","en"],"languages":{"de":{"title":true,"content":true,"excerpt":false},"no":{"title":true,"content":true,"excerpt":false},"en":{"title":true,"content":true,"excerpt":false}}},"_links":{"self":[{"href":"http:\/\/www.norweger.at\/no\/wp-json\/wp\/v2\/pages\/2521"}],"collection":[{"href":"http:\/\/www.norweger.at\/no\/wp-json\/wp\/v2\/pages"}],"about":[{"href":"http:\/\/www.norweger.at\/no\/wp-json\/wp\/v2\/types\/page"}],"author":[{"embeddable":true,"href":"http:\/\/www.norweger.at\/no\/wp-json\/wp\/v2\/users\/1"}],"replies":[{"embeddable":true,"href":"http:\/\/www.norweger.at\/no\/wp-json\/wp\/v2\/comments?post=2521"}],"version-history":[{"count":6,"href":"http:\/\/www.norweger.at\/no\/wp-json\/wp\/v2\/pages\/2521\/revisions"}],"predecessor-version":[{"id":2747,"href":"http:\/\/www.norweger.at\/no\/wp-json\/wp\/v2\/pages\/2521\/revisions\/2747"}],"up":[{"embeddable":true,"href":"http:\/\/www.norweger.at\/no\/wp-json\/wp\/v2\/pages\/1016"}],"wp:attachment":[{"href":"http:\/\/www.norweger.at\/no\/wp-json\/wp\/v2\/media?parent=2521"}],"curies":[{"name":"wp","href":"https:\/\/api.w.org\/{rel}","templated":true}]}}