{"id":731,"date":"2013-01-06T17:46:52","date_gmt":"2013-01-06T16:46:52","guid":{"rendered":"http:\/\/www.norweger.jugendprojekt.com\/?page_id=2"},"modified":"2021-04-29T17:01:45","modified_gmt":"2021-04-29T15:01:45","slug":"geschichte","status":"publish","type":"page","link":"http:\/\/www.norweger.at\/no\/about\/geschichte\/","title":{"rendered":"Historisk utvikling"},"content":{"rendered":"<div id=\"attachment_1366\" style=\"width: 202px\" class=\"wp-caption alignleft\"><a href=\"http:\/\/www.norweger.at\/wp-content\/uploads\/2013\/01\/JOSmith-portrett-1.jpg\"><img aria-describedby=\"caption-attachment-1366\" decoding=\"async\" loading=\"lazy\" class=\"size-medium wp-image-1366\" alt=\"Johan Oscar Smith\" src=\"http:\/\/www.norweger.at\/wp-content\/uploads\/2013\/01\/JOSmith-portrett-1-192x300.jpg\" width=\"192\" height=\"300\" srcset=\"http:\/\/www.norweger.at\/wp-content\/uploads\/2013\/01\/JOSmith-portrett-1-192x300.jpg 192w, http:\/\/www.norweger.at\/wp-content\/uploads\/2013\/01\/JOSmith-portrett-1.jpg 604w\" sizes=\"(max-width: 192px) 100vw, 192px\" \/><\/a><p id=\"caption-attachment-1366\" class=\"wp-caption-text\">Johan Oscar Smith<\/p><\/div>\n<p align=\"left\"><strong>Grunnleggeren<\/strong>&nbsp;av v\u00e5r bevegelse var den norske marineoffiseren Johan Oscar Smith. Han var f\u00f8dt i Fredrikstad i 1871, men bodde st\u00f8rsteparten av sitt liv i havnebyen Horten, hvor han d\u00f8de i 1943. 16 \u00e5r gammel dro han til sj\u00f8s og ble siden ansatt i den norske marine, hvor han ble i 40 \u00e5r, til han gikk av med pensjon. Han var gift med Pauline Pedersen. De hadde 6 barn.<\/p>\n<p align=\"left\"><strong>I Norge kaller<\/strong>&nbsp;utenforst\u00e5ende v\u00e5r bevegelse &laquo;Smiths venner&raquo; etter grunnleggeren. Vi selv bruker ikke denne betegnelsen. J.O.Smith var en beskjeden, ydmyk mann som ikke p\u00e5 noen m\u00e5te ville ha sitt navn knyttet til en bevegelse. Han ville ikke samle tilhengere til sin person. Det han \u00f8nsket, var \u00e5 hjelpe den enkelte fram til et utfylt liv med Gud og binde menneskene til Kristus, som er Hode for menigheten, og ikke til mennesker.<\/p>\n<p align=\"left\"><strong>Ved sin omvendelse<\/strong>&nbsp;til Gud i \u00e5ret 1898 ble han sterkt grepet av Jesus Kristus og la s\u00e6rlig vekt p\u00e5 \u00e5 f\u00f8re et rettferdig og gudfryktig liv. Da han opplevde \u00e5 bli d\u00f8pt med den Hellige \u00c5nd i \u00e5ret 1900, ble Bibelen mye mer levende for ham. S\u00e6rlig tydelig ble det for ham det han leste i Bibelen, at Jesus mens han levde her p\u00e5 jorden &laquo;ble fristet likesom vi&raquo;, men at han aldri syndet.<\/p>\n<div id=\"attachment_1179\" style=\"width: 217px\" class=\"wp-caption alignright\"><a href=\"http:\/\/www.norweger.at\/wp-content\/uploads\/2013\/01\/geschichte_smith_ea_700.jpg\"><img aria-describedby=\"caption-attachment-1179\" decoding=\"async\" loading=\"lazy\" class=\"size-medium wp-image-1179 \" alt=\"Johan Oscar Smith og Elias Aslaksen\" src=\"http:\/\/www.norweger.at\/wp-content\/uploads\/2013\/01\/geschichte_smith_ea_700-207x300.jpg\" width=\"207\" height=\"300\" srcset=\"http:\/\/www.norweger.at\/wp-content\/uploads\/2013\/01\/geschichte_smith_ea_700-207x300.jpg 207w, http:\/\/www.norweger.at\/wp-content\/uploads\/2013\/01\/geschichte_smith_ea_700.jpg 700w\" sizes=\"(max-width: 207px) 100vw, 207px\" \/><\/a><p id=\"caption-attachment-1179\" class=\"wp-caption-text\">Johan Oscar Smith og Elias Aslaksen<\/p><\/div>\n<p align=\"left\"><strong>For J.O.Smith ble denne forst\u00e5elsen av Jesu fristelser n\u00f8kkelen til et liv i seier.<\/strong>&nbsp;Han snakket om det med flere religi\u00f8se ledere, men hans budskap fant ingen gjenklang hos dem. Litt etter litt oppstod en liten venneflokk som kom sammen til gjensidig oppbyggelse. Men Smith hadde ingen interesse av \u00e5 grunnlegge en ny forsamling. Han arbeidet mye heller med den enkelte, aller f\u00f8rst med sin egen bror, tannlege Aksel Smith. I \u00e5ret 1908 traff han Elias Aslaksen, en ung kadett fra Sj\u00f8krigsskolen, som senere til sin d\u00f8d i 1976 ble ansett som en av de ansvarlige eldste i menigheten<\/p>\n<p align=\"left\"><strong>Etter hvert<\/strong>&nbsp;fikk J.Osmith kontakt med mennesker som ble grepet av hans forkynnelse om \u00e5 overvinne synden. Han skrev noen artikler i religi\u00f8se blader, men fra 1912 utga han et eget m\u00e5nedsblad med navnet &laquo;Skjulte Skatter&raquo;, sammen med sin bror Aksel Smith ( 1881 &#8211; 1919) Med tiden vokste det fram sm\u00e5 lokale husforsamlinger..<\/p>\n<p align=\"left\"><strong>Bevegelsen<\/strong>&nbsp;utbredte seg langsomt, men stadig. Helt til den annen verdenskrig forble den begrenset til Norge og Danmark<br \/>\n. Men under krigen kom tyske soldater i ber\u00f8ring med vennene, og det ble begynnelsen til en internasjonal utbredelse. Som en f\u00f8lge av disse kontaktene under krigen sprang en gnist over til Tyskland og tente snart ogs\u00e5 i nabolandene, P\u00e5 mange steder oppstod det trossamfunn etter &laquo;Smiths venners&raquo; m\u00f8nster.<\/p>\n<div id=\"attachment_1183\" style=\"width: 310px\" class=\"wp-caption alignleft\"><a href=\"http:\/\/www.norweger.at\/wp-content\/uploads\/2013\/01\/brothers.jpg\"><img aria-describedby=\"caption-attachment-1183\" decoding=\"async\" loading=\"lazy\" class=\"size-medium wp-image-1183\" alt=\"Elias Aslaksen, Sigurd Bratlie med flere\" src=\"http:\/\/www.norweger.at\/wp-content\/uploads\/2013\/01\/brothers-300x280.jpg\" width=\"300\" height=\"280\" srcset=\"http:\/\/www.norweger.at\/wp-content\/uploads\/2013\/01\/brothers-300x280.jpg 300w, http:\/\/www.norweger.at\/wp-content\/uploads\/2013\/01\/brothers.jpg 700w\" sizes=\"(max-width: 300px) 100vw, 300px\" \/><\/a><p id=\"caption-attachment-1183\" class=\"wp-caption-text\">Elias Aslaksen, Sigurd Bratlie med flere<\/p><\/div>\n<p align=\"left\"><strong>Fra 1957 er<\/strong>&nbsp;stevne &#8211; og feriestedet Brunstad i n\u00e6rheten av T\u00f8nsberg et sentralt samlepunkt i v\u00e5r menighet. Til sommerstevnet 1998 var det anmeldt ca. 8000 venner fra 30 land og alle verdensdeler.<\/p>\n<p align=\"left\"><strong>&laquo;Smiths venner&raquo; kom<\/strong>&nbsp;til \u00d8sterrike for f\u00f8rste gang tidlig i 60 &#8211; \u00e5rene. P\u00e5 grunn av en innbydelse bes\u00f8kte de to &laquo;nordmennene&raquo; Elias Aslaksen og Sigurd Bratlie v\u00e5rt land og forkynte det glade budskap om syndenes forlatelse og et seirende liv i Kristi dyder.<\/p>\n<p align=\"left\"><strong>I dag<\/strong>&nbsp;bes\u00f8ker vi \u00f8sterrikere de \u00e5rlige stevnene i Norge med stor begeistring. V\u00e5re barn og unge gleder seg ogs\u00e5 s\u00e6rlig til sommerstevnet og venter ut\u00e5lmodig p\u00e5 at skoleferien skal begynne. P\u00e5 Brunstad blir det nemlig holdt egne barne &#8211; og ungdomsstevner med leker, konkurranser og sportstilstellinger. Som avslutning f\u00f8lger ofte en lang og god ferie ved Oslofjorden, en eventyrlig b\u00e5treise eller en tur til Nordkapp.<\/p>\n<div id=\"attachment_1192\" style=\"width: 310px\" class=\"wp-caption alignright\"><a href=\"http:\/\/www.norweger.at\/wp-content\/uploads\/2013\/01\/brunstad_700.jpg\"><img aria-describedby=\"caption-attachment-1192\" decoding=\"async\" loading=\"lazy\" class=\"size-medium wp-image-1192\" alt=\"Oslofjord Convention Center, Brunstad, Norway\" src=\"http:\/\/www.norweger.at\/wp-content\/uploads\/2013\/01\/brunstad_700-300x200.jpg\" width=\"300\" height=\"200\" srcset=\"http:\/\/www.norweger.at\/wp-content\/uploads\/2013\/01\/brunstad_700-300x200.jpg 300w, http:\/\/www.norweger.at\/wp-content\/uploads\/2013\/01\/brunstad_700.jpg 700w\" sizes=\"(max-width: 300px) 100vw, 300px\" \/><\/a><p id=\"caption-attachment-1192\" class=\"wp-caption-text\">Oslofjord Convention Center, Brunstad, Norway<\/p><\/div>\n<p align=\"left\"><strong>P\u00e5 hovedstevnene i Norge<\/strong>&nbsp;treffer vi venner fra nesten alle verdensdeler, nasjoner og kulturkretser. Men det blir ogs\u00e5 holdt stevner i andre land, bl.a.i.Tyskland, Holland, \u00d8sterrike, England, Frankrike, Sveits, Finnland, Danmark, Polen, Romania, Ungarn, Bulgaria, Tyrkia, Israel, Russland, Hviterussland, Ukraine, India, Singapur, Hong Kong, USA, Kanada, Australia, ArgentiniaBrasil, Chile, Uganda, Kamerun, Zaire, Kenya og Sydafrika.<\/p>\n","protected":false},"excerpt":{"rendered":"<p>Der Gr\u00fcnder unserer Bewegung war der norwegische Marineoffizier Johan Oscar Smith. Er wurde 1871 in Fredrikstad geboren, wohnte jedoch den Gro\u00dfteil seines Lebens in der s\u00fcdnorwegischen Hafenstadt Horten, wo er im Jahre 1943 verstarb. Bereits mit 16 Jahren ging er zur See und versah anschlie\u00dfend ca. 40 Jahre lang bis zur Pensionierung seinen Dienst in [&hellip;]<\/p>\n","protected":false},"author":1,"featured_media":0,"parent":733,"menu_order":1,"comment_status":"open","ping_status":"closed","template":"","meta":{"footnotes":""},"translation":{"provider":"WPGlobus","version":"2.12.2","language":"no","enabled_languages":["de","no","en"],"languages":{"de":{"title":true,"content":true,"excerpt":false},"no":{"title":true,"content":true,"excerpt":false},"en":{"title":true,"content":false,"excerpt":false}}},"_links":{"self":[{"href":"http:\/\/www.norweger.at\/no\/wp-json\/wp\/v2\/pages\/731"}],"collection":[{"href":"http:\/\/www.norweger.at\/no\/wp-json\/wp\/v2\/pages"}],"about":[{"href":"http:\/\/www.norweger.at\/no\/wp-json\/wp\/v2\/types\/page"}],"author":[{"embeddable":true,"href":"http:\/\/www.norweger.at\/no\/wp-json\/wp\/v2\/users\/1"}],"replies":[{"embeddable":true,"href":"http:\/\/www.norweger.at\/no\/wp-json\/wp\/v2\/comments?post=731"}],"version-history":[{"count":9,"href":"http:\/\/www.norweger.at\/no\/wp-json\/wp\/v2\/pages\/731\/revisions"}],"predecessor-version":[{"id":2752,"href":"http:\/\/www.norweger.at\/no\/wp-json\/wp\/v2\/pages\/731\/revisions\/2752"}],"up":[{"embeddable":true,"href":"http:\/\/www.norweger.at\/no\/wp-json\/wp\/v2\/pages\/733"}],"wp:attachment":[{"href":"http:\/\/www.norweger.at\/no\/wp-json\/wp\/v2\/media?parent=731"}],"curies":[{"name":"wp","href":"https:\/\/api.w.org\/{rel}","templated":true}]}}