{"id":732,"date":"2010-09-15T08:21:10","date_gmt":"2010-09-15T08:21:10","guid":{"rendered":"http:\/\/elegantthemes.com\/preview\/DeepFocus\/?page_id=235"},"modified":"2021-04-24T11:48:40","modified_gmt":"2021-04-24T09:48:40","slug":"experten","status":"publish","type":"page","link":"http:\/\/www.norweger.at\/no\/experten\/","title":{"rendered":"Experten"},"content":{"rendered":"<p>Seit der Gr\u00fcndung der Norweger-Bewegung um ca. 1900 haben sich immer wieder Wissenschaftler, Theologen und Journalisten mit unserer Gemeinschaft auseinandergesetzt, beginnend mit dem evang. Theologen Dr. Kurt Hutten der EZW Stuttgart, dem &laquo;Klassiker&raquo; aller Weltanschauungsb\u00fcros, bis hin zum renommierten amerikanischen Religionswissenschaftler Dr. phil. Lowell D. Streiker.<!--more--><br \/>\nKein kompetenter Experte hat unsere Bewegung jemals in die Rubrik gef\u00e4hrlicher Sekten oder Kulte eingeordnet, vielmehr wurden wir &#8211; trotz mancher Kritikpunkte &#8211; als seri\u00f6se, christliche Heiligungsbewegung, freie Bruderschaft, Alternativreligion, Sondergemeinschaft u. \u00c4. bezeichnet und beurteilt.<br \/>\nIm Folgenden k\u00f6nnen Sie die Meinungen namhafter Experten selbst studieren und sich so Ihr eigenes Urteil bilden.<\/p>\n<table class=\"tg\" style=\"border-collapse: collapse; border-spacing: 0px; height: 783px;\" width=\"554\">\n<tbody>\n<tr>\n<td style=\"font-family: Arial, sans-serif; font-size: 14px; overflow: hidden; padding: 10px 5px; text-align: left; vertical-align: top; word-break: normal; border: 1px solid #000000;\"><a title=\"Kjell Arne Bratli\" href=\"\/?page_id=902\"><img decoding=\"async\" loading=\"lazy\" class=\"alignleft  wp-image-1890\" src=\"http:\/\/www.norweger.at\/wp-content\/uploads\/2013\/01\/solana.jpg\" alt=\"Kjell Arne Bratli\" width=\"149\" height=\"105\" \/><\/a><\/td>\n<td style=\"font-family: Arial, sans-serif; font-size: 14px; overflow: hidden; padding: 10px 5px; text-align: left; vertical-align: top; word-break: normal; border: 1px solid #000000;\">\u00a0<a title=\"Kjell Arne Bratli\" href=\"\/?page_id=902\">Kjell Arne Bratli<\/a> ist Wehrbeauftragter des Norwegischen Parlaments (Storting), Autor und ehemaliger Journalist.<\/td>\n<\/tr>\n<tr>\n<td style=\"font-family: Arial, sans-serif; font-size: 14px; overflow: hidden; padding: 10px 5px; text-align: left; vertical-align: top; word-break: normal; border: 1px solid #000000;\"><a title=\"Dr. Lowell D. Streiker\" href=\"\/?page_id=1889\"><img decoding=\"async\" loading=\"lazy\" class=\"alignleft size-full wp-image-1890\" src=\"http:\/\/www.norweger.at\/wp-content\/uploads\/2013\/02\/lowelldstreiker.jpg\" alt=\"lowelldstreiker\" width=\"139\" height=\"167\" \/><\/a><\/td>\n<td style=\"font-family: Arial, sans-serif; font-size: 14px; overflow: hidden; padding: 10px 5px; text-align: left; vertical-align: top; word-break: normal; border: 1px solid #000000;\"><a title=\"Dr. Lowell D. Streiker\" href=\"\/?page_id=1889\">Dr. phil<\/a><span style=\"font-size: inherit;\">. Lowell D. Streiker amerikan. Religionswissenschafter<\/span><\/td>\n<\/tr>\n<tr>\n<td style=\"font-family: Arial, sans-serif; font-size: 14px; overflow: hidden; padding: 10px 5px; text-align: left; vertical-align: top; word-break: normal; border: 1px solid #000000;\"><a title=\"Mag. Franz Friedl\" href=\"\/?page_id=1894\"><img decoding=\"async\" loading=\"lazy\" class=\"alignleft size-full wp-image-1898\" src=\"http:\/\/www.norweger.at\/wp-content\/uploads\/2013\/02\/franzfriedl1.jpg\" alt=\"franzfriedl\" width=\"150\" height=\"129\" \/><\/a><\/td>\n<td style=\"font-family: Arial, sans-serif; font-size: 14px; overflow: hidden; padding: 10px 5px; text-align: left; vertical-align: top; word-break: normal; border: 1px solid #000000;\"><a title=\"Mag. Franz Friedl\" href=\"\/?page_id=1894\">Prof. Mag. Franz Friedl<\/a>ehem. Referent f\u00fcr Weltanschauungsfragen der Di\u00f6zese Graz-Seckau<\/td>\n<\/tr>\n<tr>\n<td style=\"font-family: Arial, sans-serif; font-size: 14px; overflow: hidden; padding: 10px 5px; text-align: left; vertical-align: top; word-break: normal; border: 1px solid #000000;\"><a title=\"Dr. Steinar Moe\" href=\"\/?page_id=1901\"><img decoding=\"async\" loading=\"lazy\" class=\"alignleft size-thumbnail wp-image-886\" src=\"http:\/\/www.norweger.at\/wp-content\/uploads\/2010\/09\/st_mo-150x150.jpg\" alt=\"st_mo\" width=\"150\" height=\"150\" \/><\/a><\/td>\n<td style=\"font-family: Arial, sans-serif; font-size: 14px; overflow: hidden; padding: 10px 5px; text-align: left; vertical-align: top; word-break: normal; border: 1px solid #000000;\"><a title=\"Dr. Steinar Moe\" href=\"\/?page_id=1901\">Dr. theol. Steinar Moe<\/a>einer der f\u00fchrenden Theologen der norwegisch-lutherischen Staatskirche<\/td>\n<\/tr>\n<\/tbody>\n<\/table>\n","protected":false},"excerpt":{"rendered":"<p>Seit der Gr\u00fcndung der Norweger-Bewegung um ca. 1900 haben sich immer wieder Wissenschafter, Theologen und Journalisten mit unserer Gemeinschaft auseinandergesetzt, beginnend mit dem evangel. Theologen Dr. Kurt Hutten der EZW Stuttgart, dem &laquo;Klassiker&raquo; aller Weltanschauungsb\u00fcros, bis hin zum renommierten amerikanischen Religionswissenschafter Dr. phil. Lowell D. Streiker.<\/p>\n","protected":false},"author":1,"featured_media":0,"parent":0,"menu_order":1,"comment_status":"open","ping_status":"closed","template":"","meta":{"footnotes":""},"translation":{"provider":"WPGlobus","version":"2.12.2","language":"no","enabled_languages":["de","no","en"],"languages":{"de":{"title":true,"content":true,"excerpt":true},"no":{"title":false,"content":false,"excerpt":false},"en":{"title":false,"content":false,"excerpt":false}}},"_links":{"self":[{"href":"http:\/\/www.norweger.at\/no\/wp-json\/wp\/v2\/pages\/732"}],"collection":[{"href":"http:\/\/www.norweger.at\/no\/wp-json\/wp\/v2\/pages"}],"about":[{"href":"http:\/\/www.norweger.at\/no\/wp-json\/wp\/v2\/types\/page"}],"author":[{"embeddable":true,"href":"http:\/\/www.norweger.at\/no\/wp-json\/wp\/v2\/users\/1"}],"replies":[{"embeddable":true,"href":"http:\/\/www.norweger.at\/no\/wp-json\/wp\/v2\/comments?post=732"}],"version-history":[{"count":9,"href":"http:\/\/www.norweger.at\/no\/wp-json\/wp\/v2\/pages\/732\/revisions"}],"predecessor-version":[{"id":2665,"href":"http:\/\/www.norweger.at\/no\/wp-json\/wp\/v2\/pages\/732\/revisions\/2665"}],"wp:attachment":[{"href":"http:\/\/www.norweger.at\/no\/wp-json\/wp\/v2\/media?parent=732"}],"curies":[{"name":"wp","href":"https:\/\/api.w.org\/{rel}","templated":true}]}}