{"id":735,"date":"2013-01-06T20:41:21","date_gmt":"2013-01-06T19:41:21","guid":{"rendered":"http:\/\/www.norweger.jugendprojekt.com\/?page_id=735"},"modified":"2021-04-29T16:33:02","modified_gmt":"2021-04-29T14:33:02","slug":"barn","status":"publish","type":"page","link":"http:\/\/www.norweger.at\/no\/about\/barn\/","title":{"rendered":"Ungdom og barn"},"content":{"rendered":"<p><img decoding=\"async\" loading=\"lazy\" src=\"http:\/\/www.norweger.at\/wp-content\/uploads\/2013\/01\/jugend_volleyball-211x300.jpg\" alt=\"jugend_volleyball\" width=\"211\" height=\"300\" class=\"alignright size-medium wp-image-2537\" srcset=\"http:\/\/www.norweger.at\/wp-content\/uploads\/2013\/01\/jugend_volleyball-211x300.jpg 211w, http:\/\/www.norweger.at\/wp-content\/uploads\/2013\/01\/jugend_volleyball.jpg 676w\" sizes=\"(max-width: 211px) 100vw, 211px\" \/>Det som barn trenger mest,&nbsp;er trygghet, omsorg og et &laquo;varmt rede&raquo; innen familien. F\u00f8rst og fremst er det foreldrene som er anvarlig for dette. Og her gir Bibelens kristne etikk stor hjelp og mange r\u00e5d om hvordan vi som foreldre best kan hjelpe barna og stille de mangfoldige behovene de har.<br \/>\nV\u00e5rt samfunn legger&nbsp;stor vekt p\u00e5 dyder som \u00e6rlighet, hjelpsomhet, medf\u00f8lelse, oppofrelse og hensyn til de svake. For \u00e5 vekke begeistring hos barna og ungdommen v\u00e5r for disse positive verdiene, foretar vi eventyrlige turer, sportstilstellinger, lystige leker og ikke minst oppbyggelige sammenkomster. P\u00e5 denne m\u00e5ten s\u00f8ker vi \u00e5 f\u00f8re barna og ungdommen til troen p\u00e5 Gud og Jesus Kristus og \u00e5 danne dem til \u00e5 bli ansvarsbevisste medlemmer av samfunnet.<br \/>\n<a href=\"http:\/\/www.norweger.at\/wp-content\/uploads\/2013\/01\/musik1.jpg\"><img decoding=\"async\" loading=\"lazy\" class=\"alignleft size-medium wp-image-1864\" alt=\"musik1\" src=\"http:\/\/www.norweger.at\/wp-content\/uploads\/2013\/01\/musik1-300x199.jpg\" width=\"300\" height=\"199\" srcset=\"http:\/\/www.norweger.at\/wp-content\/uploads\/2013\/01\/musik1-300x199.jpg 300w, http:\/\/www.norweger.at\/wp-content\/uploads\/2013\/01\/musik1.jpg 650w\" sizes=\"(max-width: 300px) 100vw, 300px\" \/><\/a>De fleste av v\u00e5re unge&nbsp;bestemmer seg for \u00e5 bli i v\u00e5rt trossamfunn og er tilfredse og glade med det. De av dem som kommer til en annen overbevisning, blir ikke satt under trykk, men vi respekterer deres frie avgj\u00f8relse. Evangeliet l\u00e6rer oss foreldre \u00e5 m\u00f8te barna med toleranse og forst\u00e5else selv om de setter andre prioriteter i livet enn vi kanskje har ventet oss eller ville \u00f8nske.<\/p>\n<p><a href=\"http:\/\/www.norweger.at\/wp-content\/uploads\/2013\/01\/familie4.jpg\"><img decoding=\"async\" loading=\"lazy\" class=\"alignright size-medium wp-image-1789\" alt=\"familie4\" src=\"http:\/\/www.norweger.at\/wp-content\/uploads\/2013\/01\/familie4-300x150.jpg\" width=\"300\" height=\"150\" srcset=\"http:\/\/www.norweger.at\/wp-content\/uploads\/2013\/01\/familie4-300x150.jpg 300w, http:\/\/www.norweger.at\/wp-content\/uploads\/2013\/01\/familie4.jpg 700w\" sizes=\"(max-width: 300px) 100vw, 300px\" \/><\/a>Vi er overbevist om&nbsp;at man ikke kan forlange det gode av hverandre, men at det til syvende og sist bare er det personlige forbildet som kan overbevise. Derfor er det s\u00e6rlig viktig innen familien \u00e5 aldri miste hjertekontakten, samme hvilke veier v\u00e5re barn g\u00e5r. De kan alltid regne med \u00e5 finne et \u00e5pent hjerte og en \u00e5pen d\u00f8r hjemme n\u00e5r de er i vanskeligheter. All tvang, trykk og hersking over andre blir strikt avvist i v\u00e5rt trossamfunn.<\/p>\n","protected":false},"excerpt":{"rendered":"<p>Kinder brauchen vor allem Geborgenheit, F\u00fcrsorge und ein &laquo;warmes Nest&raquo; innerhalb der Familie. Daf\u00fcr sind in erster Linie die Eltern verantwortlich. Hier gibt uns die christliche Ethik der Bibel zahlreiche Hilfen und Ratschl\u00e4ge, wie wir als M\u00fctter und V\u00e4ter den mannigfaltigen Bed\u00fcrfnissen der Kinder am besten gerecht werden k\u00f6nnen.<\/p>\n","protected":false},"author":1,"featured_media":0,"parent":733,"menu_order":3,"comment_status":"open","ping_status":"closed","template":"","meta":{"footnotes":""},"translation":{"provider":"WPGlobus","version":"2.12.2","language":"no","enabled_languages":["de","no","en"],"languages":{"de":{"title":true,"content":true,"excerpt":false},"no":{"title":true,"content":true,"excerpt":false},"en":{"title":true,"content":true,"excerpt":false}}},"_links":{"self":[{"href":"http:\/\/www.norweger.at\/no\/wp-json\/wp\/v2\/pages\/735"}],"collection":[{"href":"http:\/\/www.norweger.at\/no\/wp-json\/wp\/v2\/pages"}],"about":[{"href":"http:\/\/www.norweger.at\/no\/wp-json\/wp\/v2\/types\/page"}],"author":[{"embeddable":true,"href":"http:\/\/www.norweger.at\/no\/wp-json\/wp\/v2\/users\/1"}],"replies":[{"embeddable":true,"href":"http:\/\/www.norweger.at\/no\/wp-json\/wp\/v2\/comments?post=735"}],"version-history":[{"count":9,"href":"http:\/\/www.norweger.at\/no\/wp-json\/wp\/v2\/pages\/735\/revisions"}],"predecessor-version":[{"id":2742,"href":"http:\/\/www.norweger.at\/no\/wp-json\/wp\/v2\/pages\/735\/revisions\/2742"}],"up":[{"embeddable":true,"href":"http:\/\/www.norweger.at\/no\/wp-json\/wp\/v2\/pages\/733"}],"wp:attachment":[{"href":"http:\/\/www.norweger.at\/no\/wp-json\/wp\/v2\/media?parent=735"}],"curies":[{"name":"wp","href":"https:\/\/api.w.org\/{rel}","templated":true}]}}