{"id":745,"date":"2013-01-06T20:49:55","date_gmt":"2013-01-06T19:49:55","guid":{"rendered":"http:\/\/www.norweger.jugendprojekt.com\/?page_id=745"},"modified":"2021-04-30T10:33:17","modified_gmt":"2021-04-30T08:33:17","slug":"syndenes-forlatelse","status":"publish","type":"page","link":"http:\/\/www.norweger.at\/no\/was-wir-glauben\/syndenes-forlatelse\/","title":{"rendered":"Syndenes forlatelse"},"content":{"rendered":"<p><a href=\"http:\/\/www.norweger.at\/wp-content\/uploads\/2013\/01\/kors.jpg\"><img decoding=\"async\" loading=\"lazy\" src=\"http:\/\/www.norweger.at\/wp-content\/uploads\/2013\/01\/kors-300x150.jpg\" alt=\"kors\" width=\"300\" height=\"150\" class=\"alignright size-medium wp-image-1814\" srcset=\"http:\/\/www.norweger.at\/wp-content\/uploads\/2013\/01\/kors-300x150.jpg 300w, http:\/\/www.norweger.at\/wp-content\/uploads\/2013\/01\/kors.jpg 700w\" sizes=\"(max-width: 300px) 100vw, 300px\" \/><\/a>En betingelse for&nbsp;\u00e5 f\u00e5 syndenes forlatelse er at vi angrer v\u00e5r synd og er innstilt p\u00e5 aldri \u00e5 synde mere<\/p>\n<p>. Jesus sa jo ogs\u00e5 til kvinnen som var blitt oppdaget av de skriftl\u00e6rde idet hun begikk ekteskapsbrudd, og som de av den grunn ville stene: <em>G\u00e5 bort og synd ikke mer!<\/em> Apostelen Johannes skriver : <em>Mine barn! dette skriver jeg til dere forat dere ikke skal synde, og om noen synder, da har vi en talsmann hos Faderen, Jesus Kristus, den rettferdige, og han er en soning for v\u00e5re synder&#8230;<\/em>&nbsp;(1<br \/>\n. Joh. 2,1-2)<\/p>\n<p>&nbsp;<\/p>\n","protected":false},"excerpt":{"rendered":"<p>En betingelse for&nbsp;\u00e5 f\u00e5 syndenes forlatelse er at vi angrer v\u00e5r synd og er innstilt p\u00e5 aldri \u00e5 synde mere . Jesus sa jo ogs\u00e5 til kvinnen som var blitt oppdaget av de skriftl\u00e6rde idet hun begikk ekteskapsbrudd, og som de av den grunn ville stene: G\u00e5 bort og synd ikke mer! Apostelen Johannes skriver [&hellip;]<\/p>\n","protected":false},"author":1,"featured_media":0,"parent":799,"menu_order":1,"comment_status":"open","ping_status":"closed","template":"","meta":{"footnotes":""},"translation":{"provider":"WPGlobus","version":"2.12.2","language":"no","enabled_languages":["de","no","en"],"languages":{"de":{"title":true,"content":true,"excerpt":false},"no":{"title":true,"content":true,"excerpt":false},"en":{"title":true,"content":true,"excerpt":false}}},"_links":{"self":[{"href":"http:\/\/www.norweger.at\/no\/wp-json\/wp\/v2\/pages\/745"}],"collection":[{"href":"http:\/\/www.norweger.at\/no\/wp-json\/wp\/v2\/pages"}],"about":[{"href":"http:\/\/www.norweger.at\/no\/wp-json\/wp\/v2\/types\/page"}],"author":[{"embeddable":true,"href":"http:\/\/www.norweger.at\/no\/wp-json\/wp\/v2\/users\/1"}],"replies":[{"embeddable":true,"href":"http:\/\/www.norweger.at\/no\/wp-json\/wp\/v2\/comments?post=745"}],"version-history":[{"count":10,"href":"http:\/\/www.norweger.at\/no\/wp-json\/wp\/v2\/pages\/745\/revisions"}],"predecessor-version":[{"id":2773,"href":"http:\/\/www.norweger.at\/no\/wp-json\/wp\/v2\/pages\/745\/revisions\/2773"}],"up":[{"embeddable":true,"href":"http:\/\/www.norweger.at\/no\/wp-json\/wp\/v2\/pages\/799"}],"wp:attachment":[{"href":"http:\/\/www.norweger.at\/no\/wp-json\/wp\/v2\/media?parent=745"}],"curies":[{"name":"wp","href":"https:\/\/api.w.org\/{rel}","templated":true}]}}