{"id":749,"date":"2013-01-06T20:51:40","date_gmt":"2013-01-06T19:51:40","guid":{"rendered":"http:\/\/www.norweger.jugendprojekt.com\/?page_id=749"},"modified":"2021-04-30T10:34:38","modified_gmt":"2021-04-30T08:34:38","slug":"seier-over-all-bevisst-synd","status":"publish","type":"page","link":"http:\/\/www.norweger.at\/no\/was-wir-glauben\/seier-over-all-bevisst-synd\/","title":{"rendered":"Seier over all bevisst synd"},"content":{"rendered":"<p><a href=\"http:\/\/www.norweger.at\/wp-content\/uploads\/2013\/01\/berg_sonne.jpg\"><img decoding=\"async\" loading=\"lazy\" src=\"http:\/\/www.norweger.at\/wp-content\/uploads\/2013\/01\/berg_sonne-300x200.jpg\" alt=\"berg_sonne\" width=\"300\" height=\"200\" class=\"alignright size-medium wp-image-1818\" srcset=\"http:\/\/www.norweger.at\/wp-content\/uploads\/2013\/01\/berg_sonne-300x200.jpg 300w, http:\/\/www.norweger.at\/wp-content\/uploads\/2013\/01\/berg_sonne.jpg 720w\" sizes=\"(max-width: 300px) 100vw, 300px\" \/><\/a><strong>Wir glauben<\/strong>, dass es m\u00f6glich ist, durch die Kraft des Heiligen Geistes \u00fcber all das zu siegen, von dem wir wissen, dass es S\u00fcnde ist, d.h. \u00fcber alles, was die Bibel &laquo;Werke des Fleisches&raquo; nennt und was gew\u00f6hnlich alle Menschen als S\u00fcnde ansehen.<\/p>\n<p><strong>Wir glauben<\/strong> an das Wort in Hebr. 2,18, das besagt, dass <em>&laquo;Jesus dem zu Hilfe kommen kann, der versucht wird, eben weil er selbst versucht worden ist.&raquo;<\/em>&nbsp;Jesus war von Mutterleib an mit dem Heiligen Geist erf\u00fcllt, und in dieser Kraft konnte er siegen. Das schlie\u00dft auch ein, dass er s\u00fcndigen h\u00e4tte k\u00f6nnen, wenn er nur ein wenig ungehorsam gegen\u00fcber dem Heiligen Geist gewesen w\u00e4re. Welchen Kampf und welche Leiden ihm das gekostet hat, nie zu s\u00fcndigen, sehen wir in Hebr. 5,7.:<em> &laquo;Und er hat in den Tagen seines irdischen Lebens Bitten und Flehen mit lautem Schreien und mit Tr\u00e4nen dem dargebracht, der ihn vom Tod erretten konnte; und er ist auch erh\u00f6rt worden, weil er Gott in Ehren hielt.&raquo;<\/em> Wenn wir willig sind, dem Heiligen Geist zu gehorchen, k\u00f6nnen auch wir in allen Versuchungen siegen.<\/p>\n","protected":false},"excerpt":{"rendered":"<p>Wir glauben, dass es m\u00f6glich ist, durch die Kraft des Heiligen Geistes \u00fcber all das zu siegen, von dem wir wissen, dass es S\u00fcnde ist, d.h. \u00fcber alles, was die Bibel &laquo;Werke des Fleisches&raquo; nennt und was gew\u00f6hnlich alle Menschen als S\u00fcnde ansehen. Wir glauben an das Wort in Hebr. 2,18, das besagt, dass &laquo;Jesus [&hellip;]<\/p>\n","protected":false},"author":1,"featured_media":0,"parent":799,"menu_order":2,"comment_status":"open","ping_status":"closed","template":"","meta":{"footnotes":""},"translation":{"provider":"WPGlobus","version":"2.12.2","language":"no","enabled_languages":["de","no","en"],"languages":{"de":{"title":true,"content":true,"excerpt":false},"no":{"title":true,"content":false,"excerpt":false},"en":{"title":true,"content":true,"excerpt":false}}},"_links":{"self":[{"href":"http:\/\/www.norweger.at\/no\/wp-json\/wp\/v2\/pages\/749"}],"collection":[{"href":"http:\/\/www.norweger.at\/no\/wp-json\/wp\/v2\/pages"}],"about":[{"href":"http:\/\/www.norweger.at\/no\/wp-json\/wp\/v2\/types\/page"}],"author":[{"embeddable":true,"href":"http:\/\/www.norweger.at\/no\/wp-json\/wp\/v2\/users\/1"}],"replies":[{"embeddable":true,"href":"http:\/\/www.norweger.at\/no\/wp-json\/wp\/v2\/comments?post=749"}],"version-history":[{"count":10,"href":"http:\/\/www.norweger.at\/no\/wp-json\/wp\/v2\/pages\/749\/revisions"}],"predecessor-version":[{"id":2775,"href":"http:\/\/www.norweger.at\/no\/wp-json\/wp\/v2\/pages\/749\/revisions\/2775"}],"up":[{"embeddable":true,"href":"http:\/\/www.norweger.at\/no\/wp-json\/wp\/v2\/pages\/799"}],"wp:attachment":[{"href":"http:\/\/www.norweger.at\/no\/wp-json\/wp\/v2\/media?parent=749"}],"curies":[{"name":"wp","href":"https:\/\/api.w.org\/{rel}","templated":true}]}}