{"id":799,"date":"2013-01-10T11:12:26","date_gmt":"2013-01-10T11:12:26","guid":{"rendered":"http:\/\/www.norweger.at\/?page_id=799"},"modified":"2021-04-25T16:48:18","modified_gmt":"2021-04-25T14:48:18","slug":"was-wir-glauben","status":"publish","type":"page","link":"http:\/\/www.norweger.at\/no\/was-wir-glauben\/","title":{"rendered":"Hva vi tror"},"content":{"rendered":"<p>Vi er helt&nbsp;enig med Martin Luther i hans syn p\u00e5 rettferdiggj\u00f8relse bare ved troen. Vi tror at Jesus er Guds s\u00f8nn og at vi f\u00e5r syndenes forlatelse og evig liv ved hans d\u00f8d p\u00e5 Golgata, uten at vi beh\u00f8ver \u00e5 ha en eneste god gjerning \u00e5 vise fram.<br \/>\nLes mer om troen v\u00e5r p\u00e5 <a title=\"DCG Info\" href=\"http:\/\/www.dcg-info.de\/de\/uber-uns\/unser-glaube\" target=\"_blank\" rel=\"noopener\">www.brunstad.org\/no<\/a>.<\/p>\n","protected":false},"excerpt":{"rendered":"<p>Vi er helt&nbsp;enig med Martin Luther i hans syn p\u00e5 rettferdiggj\u00f8relse bare ved troen. Vi tror at Jesus er Guds s\u00f8nn og at vi f\u00e5r syndenes forlatelse og evig liv ved hans d\u00f8d p\u00e5 Golgata, uten at vi beh\u00f8ver \u00e5 ha en eneste god gjerning \u00e5 vise fram. Les mer om troen v\u00e5r p\u00e5 www.brunstad.org\/no.<\/p>\n","protected":false},"author":1,"featured_media":0,"parent":0,"menu_order":1,"comment_status":"open","ping_status":"open","template":"","meta":{"footnotes":""},"translation":{"provider":"WPGlobus","version":"2.12.2","language":"no","enabled_languages":["de","no","en"],"languages":{"de":{"title":true,"content":true,"excerpt":false},"no":{"title":true,"content":true,"excerpt":false},"en":{"title":true,"content":true,"excerpt":false}}},"_links":{"self":[{"href":"http:\/\/www.norweger.at\/no\/wp-json\/wp\/v2\/pages\/799"}],"collection":[{"href":"http:\/\/www.norweger.at\/no\/wp-json\/wp\/v2\/pages"}],"about":[{"href":"http:\/\/www.norweger.at\/no\/wp-json\/wp\/v2\/types\/page"}],"author":[{"embeddable":true,"href":"http:\/\/www.norweger.at\/no\/wp-json\/wp\/v2\/users\/1"}],"replies":[{"embeddable":true,"href":"http:\/\/www.norweger.at\/no\/wp-json\/wp\/v2\/comments?post=799"}],"version-history":[{"count":9,"href":"http:\/\/www.norweger.at\/no\/wp-json\/wp\/v2\/pages\/799\/revisions"}],"predecessor-version":[{"id":2720,"href":"http:\/\/www.norweger.at\/no\/wp-json\/wp\/v2\/pages\/799\/revisions\/2720"}],"wp:attachment":[{"href":"http:\/\/www.norweger.at\/no\/wp-json\/wp\/v2\/media?parent=799"}],"curies":[{"name":"wp","href":"https:\/\/api.w.org\/{rel}","templated":true}]}}