{"id":804,"date":"2013-01-10T11:14:30","date_gmt":"2013-01-10T11:14:30","guid":{"rendered":"http:\/\/www.norweger.at\/?page_id=804"},"modified":"2021-05-12T11:06:38","modified_gmt":"2021-05-12T09:06:38","slug":"causa-griess-6","status":"publish","type":"page","link":"http:\/\/www.norweger.at\/no\/causa-griess-6\/","title":{"rendered":"Causa Griess"},"content":{"rendered":"<p><a href=\"http:\/\/www.norweger.at\/wp-content\/uploads\/2013\/01\/griess.jpg\"><img decoding=\"async\" loading=\"lazy\" class=\"alignleft size-full wp-image-874\" alt=\"griess\" src=\"http :\/\/www.norweger.at\/wp-content\/uploads\/2013\/01\/griess.jpg\" width=\"167\" height=\"244\"><\/a>I nesten 30 \u00e5r har vi som et kristelig trossamfunn stadig vekk m\u00e5ttet oppleve den kjensgjerningen at dipl. ing. F. I den endelige dommen mot Griess fra 8.4.2009 krever retten p\u00e5 side 3 under punkt 4 f\u00f8lgende offentliggj\u00f8relse av dommen som Griess m\u00e5 sette in p\u00e5 sin egen hjemmeside:<br \/>\n<em>&laquo;Den anklagede part er skyldig til \u00e5 offentliggj\u00f8re punktene 1 og 2 av denne dommen sammen med punktene 1.1 og 1.2 i deldommen som ble felt i H\u00f8yestrett den 11.8.2005, 4 Ob 146\/05g med overskrift i fett trykk rammet inn i fettrykk sammen med fett og sperret skrevet prosessparter under internettadsressen http:\/\/griess.st1.at under tekstlinken &laquo;Smiths vernner&raquo;.&raquo;<strong><br \/>\n<\/strong><\/em><\/p>\n<p style=\"text-align: center;\"><a href=\"http:\/\/www.norweger.at\/wp-content\/uploads\/2013\/03\/Korneuburg_no.jpg\"><img decoding=\"async\" loading=\"lazy\" class=\"size-full wp-image-1289 aligncenter\" alt=\"LG_Korneuburg_08042009\" src=\"http:\/\/www.norweger.at\/wp-content\/uploads\/2013\/03\/Korneuburg_no.jpg\" width=\"508\" height=\"765\"><\/a><\/p>\n<p><a href=\"http:\/\/www.norweger.at\/wp-content\/uploads\/2013\/03\/Korneuburg_no2.jpg\"><img decoding=\"async\" loading=\"lazy\" class=\"aligncenter size-full wp-image-1290\" alt=\"OGH_11082005\" src=\"http:\/\/www.norweger.at\/wp-content\/uploads\/2013\/03\/Korneuburg_no2.jpg\" width=\"511\" height=\"792\"><\/a><\/p>\n","protected":false},"excerpt":{"rendered":"<p>I nesten 30 \u00e5r har vi som et kristelig trossamfunn stadig vekk m\u00e5ttet oppleve den kjensgjerningen at dipl. ing. F. I den endelige dommen mot Griess fra 8.4.2009 krever retten p\u00e5 side 3 under punkt 4 f\u00f8lgende offentliggj\u00f8relse av dommen som Griess m\u00e5 sette in p\u00e5 sin egen hjemmeside: &laquo;Den anklagede part er skyldig til [&hellip;]<\/p>\n","protected":false},"author":1,"featured_media":0,"parent":0,"menu_order":2,"comment_status":"open","ping_status":"closed","template":"","meta":{"footnotes":""},"translation":{"provider":"WPGlobus","version":"2.12.2","language":"no","enabled_languages":["de","no","en"],"languages":{"de":{"title":true,"content":true,"excerpt":false},"no":{"title":true,"content":true,"excerpt":false},"en":{"title":true,"content":true,"excerpt":false}}},"_links":{"self":[{"href":"http:\/\/www.norweger.at\/no\/wp-json\/wp\/v2\/pages\/804"}],"collection":[{"href":"http:\/\/www.norweger.at\/no\/wp-json\/wp\/v2\/pages"}],"about":[{"href":"http:\/\/www.norweger.at\/no\/wp-json\/wp\/v2\/types\/page"}],"author":[{"embeddable":true,"href":"http:\/\/www.norweger.at\/no\/wp-json\/wp\/v2\/users\/1"}],"replies":[{"embeddable":true,"href":"http:\/\/www.norweger.at\/no\/wp-json\/wp\/v2\/comments?post=804"}],"version-history":[{"count":10,"href":"http:\/\/www.norweger.at\/no\/wp-json\/wp\/v2\/pages\/804\/revisions"}],"predecessor-version":[{"id":2786,"href":"http:\/\/www.norweger.at\/no\/wp-json\/wp\/v2\/pages\/804\/revisions\/2786"}],"wp:attachment":[{"href":"http:\/\/www.norweger.at\/no\/wp-json\/wp\/v2\/media?parent=804"}],"curies":[{"name":"wp","href":"https:\/\/api.w.org\/{rel}","templated":true}]}}