{"id":807,"date":"2013-01-10T11:15:30","date_gmt":"2013-01-10T11:15:30","guid":{"rendered":"http:\/\/www.norweger.at\/?page_id=807"},"modified":"2021-04-26T18:02:56","modified_gmt":"2021-04-26T16:02:56","slug":"causa-koberl-3","status":"publish","type":"page","link":"http:\/\/www.norweger.at\/no\/causa-koberl-3\/","title":{"rendered":"Causa K\u00f6berl"},"content":{"rendered":"<p>Den 27-\u00e5rige medisinstudent, et medlem av &laquo;den norske bevegelse&raquo;, idag bosatt i Norge og gift der, heter i dag dr. Kathrin Espegard. Hun ble den 25.4.1987 regelrett overfalt i sin egen leilighet i Graz av en afroamerikaner og andre hjelpere (deriblant hennes egen mor!), holdt til fange mot sin vilje over flere dager i kneblet og bundet tilstand, plaget b\u00e5de psykisk og fysisk og til slutt (igjen bundet p\u00e5 hender og f\u00f8tter) bragt til Osterwitz, distrikt Deutschlandsberg.<\/p>\n<p>Der blir studenten fortsatt holdt fanget helt til sin eventyrlige flukt i natten til den 29.4.1987. Hun ble underkastet en hjernevask (pseudovitenskapelig og bagatellisert kalt &laquo;deprogrammering&raquo;), for med vold og makt \u00e5 f\u00e5 henne bort fra hennes innerste overbevisning og trosinnstilling\u2026<\/p>\n<p>Bare den kjensgjerningen at fru dr. Kathrin Espegard som en voksen og myndig \u00f8sterrikske statsborger ville gj\u00f8re seg bruk av den retten hun hadde til \u00e5 slutte seg til en religion og trosretning etter sitt frie valg, var grunn nok for hennes familie til \u00e5 fors\u00f8ke \u00e5 bringe henne tilbake i den katolske kirkes favn, og det med hjelp av en amerikaner som var straffet flere ganger tidligere og som p\u00e5 den tiden ble etters\u00f8kt av politiet.<\/p>\n<p>I f\u00f8lge anklageskriftet og domsbegrunnelsen fra fylkesretten for straffesaker i Graz ble offeret &laquo;holdt fanget ulovlig, og frihetsber\u00f8velsen ble beg\u00e5tt p\u00e5 en slik m\u00e5te at den for\u00e5rsaket den fangne usedvanlige kvaler&raquo;, dessuten ble Kathrin Espegard ogs\u00e5 &laquo;mishandlet p\u00e5 kroppen og dermed s\u00e5ret&raquo;.<\/p>\n<p>If\u00f8lge domsavsigelsen har de som tok del i denne forbrytelsen mot dr. Kathrin Espegard &laquo;herved forbrutt seg ved alvorlige trusler&#8230; ved frihetsber\u00f8velse&#8230; og kroppslig beskadigelse&raquo;. Alle de anklagede ble rettsgyldig d\u00f8mt til ca. ett\u00e5rige, betingede fengselsstraffer.<\/p>\n","protected":false},"excerpt":{"rendered":"<p>Den 27-\u00e5rige medisinstudent, et medlem av &laquo;den norske bevegelse&raquo;, idag bosatt i Norge og gift der, heter i dag dr. Kathrin Espegard. Hun ble den 25.4.1987 regelrett overfalt i sin egen leilighet i Graz av en afroamerikaner og andre hjelpere (deriblant hennes egen mor!), holdt til fange mot sin vilje over flere dager i kneblet [&hellip;]<\/p>\n","protected":false},"author":1,"featured_media":0,"parent":0,"menu_order":0,"comment_status":"open","ping_status":"closed","template":"","meta":{"footnotes":""},"translation":{"provider":"WPGlobus","version":"2.12.2","language":"no","enabled_languages":["de","no","en"],"languages":{"de":{"title":true,"content":true,"excerpt":false},"no":{"title":true,"content":true,"excerpt":false},"en":{"title":true,"content":true,"excerpt":false}}},"_links":{"self":[{"href":"http:\/\/www.norweger.at\/no\/wp-json\/wp\/v2\/pages\/807"}],"collection":[{"href":"http:\/\/www.norweger.at\/no\/wp-json\/wp\/v2\/pages"}],"about":[{"href":"http:\/\/www.norweger.at\/no\/wp-json\/wp\/v2\/types\/page"}],"author":[{"embeddable":true,"href":"http:\/\/www.norweger.at\/no\/wp-json\/wp\/v2\/users\/1"}],"replies":[{"embeddable":true,"href":"http:\/\/www.norweger.at\/no\/wp-json\/wp\/v2\/comments?post=807"}],"version-history":[{"count":9,"href":"http:\/\/www.norweger.at\/no\/wp-json\/wp\/v2\/pages\/807\/revisions"}],"predecessor-version":[{"id":2732,"href":"http:\/\/www.norweger.at\/no\/wp-json\/wp\/v2\/pages\/807\/revisions\/2732"}],"wp:attachment":[{"href":"http:\/\/www.norweger.at\/no\/wp-json\/wp\/v2\/media?parent=807"}],"curies":[{"name":"wp","href":"https:\/\/api.w.org\/{rel}","templated":true}]}}