{"id":902,"date":"2013-01-20T17:41:12","date_gmt":"2013-01-20T16:41:12","guid":{"rendered":"http:\/\/www.norweger.at\/?page_id=902"},"modified":"2013-03-23T11:50:45","modified_gmt":"2013-03-23T10:50:45","slug":"kjell-arne-bratli","status":"publish","type":"page","link":"http:\/\/www.norweger.at\/no\/experten\/kjell-arne-bratli\/","title":{"rendered":"Kjell Arne Bratli"},"content":{"rendered":"<p><div id=\"attachment_1930\" style=\"width: 160px\" class=\"wp-caption alignleft\"><img aria-describedby=\"caption-attachment-1930\" decoding=\"async\" loading=\"lazy\" src=\"http:\/\/www.norweger.at\/wp-content\/uploads\/2013\/01\/solana.jpg\" alt=\"Kjell Arne Bratli\" width=\"150\" height=\"106\" class=\"size-full wp-image-1930\" \/><p id=\"caption-attachment-1930\" class=\"wp-caption-text\">Pressechef der Konferenz der NATO-Verteidigungsminister, Fregattenkapit\u00e4n Kjell Arne Bratlie (rechts), hier mit dem ehem. NATO-Generalsekret\u00e4r Javier Solana (links)<\/p><\/div>Kjell Arne Bratli hat als Journalist und Schriftsteller jahrzehntelang unsere Gemeinschaft beobachtet und kommentiert. Neben zahlreichen anderen Themen wie Politik, Gewerkschaftskampf, Golfsport und Weinkunde hat sich der Schriftsteller umfassend mit unserer Bewegung, besonders mit den Biographien der sogenannten Gr\u00fcnderv\u00e4ter von Smiths Freunden, dem Oberkanonier Johann Oskar Smith und dem Marinekapit\u00e4n Elias Aslaksen sowie weiteren zentralen Pers\u00f6nlichkeiten der Bewegung, auseinandergesetzt und \u00fcber sie sowie den Konferenzort Brunstad ein eigenes Buch verfasst. Er ist im \u00fcbrigen kein Mitglied der Norweger-Gemeinschaft, sondern beschreibt diese als au\u00dfenstehender Beobachter und Kritiker.<\/p>\n<p>Kjell Arne Bratli, Jahrgang 1948, stammt aus Horten\/Norwegen.<\/p>\n<p>Seine h\u00f6here Ausbildung absolvierte er an der Marineschule und der Universit\u00e4t in Oslo. Nach aktivem Dienst in der Kriegsmarine war er parlamentarischer Gesch\u00e4ftsf\u00fchrer der Sozialdemokratischen Arbeiterpartei im norwegischen Parlament, dem Storting.<\/p>\n<p>Bratli arbeitet seit vielen Jahren als Redakteur in der norwegischen Tagespresse. Er ist Fregattenkapit\u00e4n der Kriegsmarine und verantwortlicher Redakteur der norwegischen Offizierszeitschrift &laquo;Pro Patria&raquo;. <\/p>\n<p>Bisher sind von ihm allein oder als Mitverfasser eine Reihe von B\u00fcchern, u.a. \u00fcber Au\u00dfen- und Sicherheits- , aber auch Gewerkschaftspolitik erschienen, ebenso Biographien und Romane. Als Schriftsteller und Referent bet\u00e4tigt er sich auch auf ganz anderen Gebieten, wie etwa Golfsport und Weinkunde. Er ist Pr\u00e4sident der &laquo;Association of Norwegian Golf Writers&raquo; und Redakteur des Internetmagazins &laquo;Golfavisen&raquo; (Das Golfjournal).<br \/>\n<br \/>\nEinige Werke (Auswahl):<br \/>\n<\/p>\n<blockquote><p>Norges sikkerhet og europisk utenrikspolitikk for 1980 \u00e5rene (deutsch: Norwegische Sicherheit und europ\u00e4ische Aussenpolitk, Bonn 1979);<br \/>\nK\u00e5re Willoch &#8211; v\u00e5r nye statsminister(ein Buch \u00fcber den damaligen norwegischen Ministerpr\u00e4sidenten);<br \/>\nSj\u00f8offiser og Samfunnsbygger(ein Buch \u00fcber verdiente norwegische Marineoffiziere);<br \/>\nHvordan bli en god golfer? (Wie man Golfer wird).<br \/>\nKorsets vei (Der Weg des Kreuzes. Eine Dokumentation \u00fcber die Norweger-Bewegung).<br \/>\nFy Farao for et slag!<br \/>\nSeilas mot Himmelens Kyst (Ein Buch \u00fcber den Gr\u00fcnder der NB, den Marine-Oberkananier Johann Oskaer Smith).<br \/>\nEn Herrens Krieger (Ein Buch \u00fcber den Marineoffizier und NB- Verantwortlichen Elias Aslaksen)<br \/>\nOppdrag Bagdad (Auftrag Bagdad)<br \/>\nNorges sikkerhet og europisk utenrikspolitikk for 1980 \u00e5rene (deutsch: Norwegische Sicherheit und europ\u00e4ische Aussenpolitk, Bonn 1979);<br \/>\nK\u00e5re Willoch &#8211; v\u00e5r nye statsminister(ein Buch \u00fcber den damaligen norwegischen Ministerpr\u00e4sidenten);<br \/>\nSj\u00f8offiser og Samfunnsbygger(ein Buch \u00fcber verdiente norwegische Marineoffiziere);<br \/>\nHvordan bli en god golfer? (Wie man Golfer wird).<br \/>\nKorsets vei (Der Weg des Kreuzes. Eine Dokumentation \u00fcber die Norweger-Bewegung).<br \/>\nFy Farao for et slag!<br \/>\nSeilas mot Himmelens Kyst (Ein Buch \u00fcber den Gr\u00fcnder der NB, den Marine-Oberkananier Johann Oskaer Smith).<br \/>\nEn Herrens Krieger (Ein Buch \u00fcber den Marineoffizier und NB- Verantwortlichen Elias Aslaksen)<br \/>\nOppdrag Bagdad (Auftrag Bagdad)<br \/>\nNorges sikkerhet og europisk utenrikspolitikk for 1980 \u00e5rene (deutsch: Norwegische Sicherheit und europ\u00e4ische Aussenpolitk, Bonn 1979);<br \/>\nK\u00e5re Willoch &#8211; v\u00e5r nye statsminister(ein Buch \u00fcber den damaligen norwegischen Ministerpr\u00e4sidenten);<br \/>\nSj\u00f8offiser og Samfunnsbygger(ein Buch \u00fcber verdiente norwegische Marineoffiziere);<br \/>\nHvordan bli en god golfer? (Wie man Golfer wird).<br \/>\nKorsets vei (Der Weg des Kreuzes. Eine Dokumentation \u00fcber die Norweger-Bewegung).<br \/>\nFy Farao for et slag!<br \/>\nSeilas mot Himmelens Kyst (Ein Buch \u00fcber den Gr\u00fcnder der NB, den Marine-Oberkananier Johann Oskaer Smith).<br \/>\nEn Herrens Krieger (Ein Buch \u00fcber den Marineoffizier und NB- Verantwortlichen Elias Aslaksen)<br \/>\nOppdrag Bagdad (Auftrag Bagdad)<br \/>\nNorges sikkerhet og europisk utenrikspolitikk for 1980 \u00e5rene (deutsch: Norwegische Sicherheit und europ\u00e4ische Aussenpolitk, Bonn 1979);<br \/>\nK\u00e5re Willoch &#8211; v\u00e5r nye statsminister(ein Buch \u00fcber den damaligen norwegischen Ministerpr\u00e4sidenten);<br \/>\nSj\u00f8offiser og Samfunnsbygger (ein Buch \u00fcber verdiente norwegische Marineoffiziere);<br \/>\nHvordan bli en god golfer? (Wie man Golfer wird).<br \/>\nKorsets vei (Der Weg des Kreuzes. Eine Dokumentation \u00fcber die Norweger-Bewegung).<br \/>\nFy Farao for et slag!<br \/>\nSeilas mot Himmelens Kyst (Ein Buch \u00fcber den Gr\u00fcnder der NB, den Marine-Oberkananier Johann Oskaer Smith).<br \/>\nEn Herrens Krieger (Ein Buch \u00fcber den Marineoffizier und NB- Verantwortlichen Elias Aslaksen)<br \/>\nOppdrag Bagdad (Auftrag Bagdad)<\/p><\/blockquote>\n<p>In diesem Zusammenhang verweisen wir auf die Homepage von Kjell Arne Bratlie: <a href=\"http:\/\/ka-bratli.com\/\" title=\"Kjell Arne Bratli\" target=\"_blank\">www.ka-bratli.com<\/a><\/p>\n","protected":false},"excerpt":{"rendered":"<p>Kjell Arne Bratli hat als Journalist und Schriftsteller jahrzehntelang unsere Gemeinschaft beobachtet und kommentiert. Neben zahlreichen anderen Themen wie Politik, Gewerkschaftskampf, Golfsport und Weinkunde hat sich der Schriftsteller umfassend mit unserer Bewegung, besonders mit den Biographien der sogenannten Gr\u00fcnderv\u00e4ter von Smiths Freunden, dem Oberkanonier Johann Oskar Smith und dem Marinekapit\u00e4n Elias Aslaksen sowie weiteren zentralen [&hellip;]<\/p>\n","protected":false},"author":1,"featured_media":0,"parent":732,"menu_order":1,"comment_status":"open","ping_status":"closed","template":"","meta":{"footnotes":""},"translation":{"provider":"WPGlobus","version":"2.12.2","language":"no","enabled_languages":["de","no","en"],"languages":{"de":{"title":true,"content":true,"excerpt":false},"no":{"title":false,"content":false,"excerpt":false},"en":{"title":false,"content":false,"excerpt":false}}},"_links":{"self":[{"href":"http:\/\/www.norweger.at\/no\/wp-json\/wp\/v2\/pages\/902"}],"collection":[{"href":"http:\/\/www.norweger.at\/no\/wp-json\/wp\/v2\/pages"}],"about":[{"href":"http:\/\/www.norweger.at\/no\/wp-json\/wp\/v2\/types\/page"}],"author":[{"embeddable":true,"href":"http:\/\/www.norweger.at\/no\/wp-json\/wp\/v2\/users\/1"}],"replies":[{"embeddable":true,"href":"http:\/\/www.norweger.at\/no\/wp-json\/wp\/v2\/comments?post=902"}],"version-history":[{"count":10,"href":"http:\/\/www.norweger.at\/no\/wp-json\/wp\/v2\/pages\/902\/revisions"}],"predecessor-version":[{"id":2155,"href":"http:\/\/www.norweger.at\/no\/wp-json\/wp\/v2\/pages\/902\/revisions\/2155"}],"up":[{"embeddable":true,"href":"http:\/\/www.norweger.at\/no\/wp-json\/wp\/v2\/pages\/732"}],"wp:attachment":[{"href":"http:\/\/www.norweger.at\/no\/wp-json\/wp\/v2\/media?parent=902"}],"curies":[{"name":"wp","href":"https:\/\/api.w.org\/{rel}","templated":true}]}}