{"id":907,"date":"2013-01-27T13:07:52","date_gmt":"2013-01-27T12:07:52","guid":{"rendered":"http:\/\/www.norweger.at\/?page_id=907"},"modified":"2013-03-27T21:13:23","modified_gmt":"2013-03-27T20:13:23","slug":"die-anfange-2","status":"publish","type":"page","link":"http:\/\/www.norweger.at\/no\/causa-griess-6\/die-anfange-2\/","title":{"rendered":"Die Anf\u00e4nge"},"content":{"rendered":"<p><strong>Erster Kontakt mit &laquo;Smiths Freunden&raquo;<\/strong><\/p>\n<p><img decoding=\"async\" loading=\"lazy\" src=\"http:\/\/www.norweger.at\/wp-content\/uploads\/2013\/01\/berg_phil-300x200.jpg\" alt=\"berg_phil\" width=\"300\" height=\"200\" class=\"alignright size-medium wp-image-2355\" srcset=\"http:\/\/www.norweger.at\/wp-content\/uploads\/2013\/01\/berg_phil-300x200.jpg 300w, http:\/\/www.norweger.at\/wp-content\/uploads\/2013\/01\/berg_phil.jpg 720w\" sizes=\"(max-width: 300px) 100vw, 300px\" \/>Wie wir den Ausf\u00fchrungen von Wiltrud Griess <a title=\"Stellungnahmen der Tochter\" href=\"\/?page_id=910\">im n\u00e4chsten Kapitel<\/a> entnehmen k\u00f6nnen, kam sie in weiterer Folge \u00fcber die Familie des Dr. Koller auch mit der Glaubensgemeinschaft der &laquo;Smiths Freunde&raquo; in Kontakt.<\/p>\n<p>Es muss hier besonders betont werden, dass zu diesem Zeitpunkt ein durchaus amikales Verh\u00e4ltnis zwischen den Familien Griess und Koller bestanden hat.<\/p>\n<p>Weiters weisen wir nochmals darauf hin, dass die Bekanntschaft zwischen Wiltrud Griess und Peter Koller auf rein freundschaftlicher, kameradschaftlicher Basis begr\u00fcndet war, so wie es eben unter Kommilitonen an der Uni \u00fcblich ist.<\/p>\n<p>Sowohl Dr. Peter Koller als auch Wiltrud Griess versichern glaubhaft und \u00fcbereinstimmend, dass sie niemals auch nur ansatzweise an eine sexuelle Beziehung gedacht haben (auch wenn das durchaus normal und selbstverst\u00e4ndlich nichts B\u00f6ses gewesen w\u00e4re). Sie waren tats\u00e4chlich niemals ineinander verliebt, erst sp\u00e4ter haben die Griess-Eltern aus dieser Studentenfreundschaft eine wilde &laquo;love-story&raquo; konstruiert, die einerseits ihr insgeheimes, damaliges Wunschdenken widerspiegelt und andrerseits durch alle Jahre hindurch als &laquo;Vorwand&raquo; f\u00fcr Herrn Griess gedient hat, &laquo;Smiths Freunde&raquo; (v\u00f6llig zu Unrecht) in die Rubrik der &laquo;gef\u00e4hrlichen Sekten und Kulte&raquo; einzureihen, die zur Rekrutierung neuer Mitglieder angeblich &laquo;flirty-fishing&raquo; anwenden w\u00fcrden.<\/p>\n<p>So ersch\u00fctternd und unglaublich diese Wahrheit sein mag: Genau hier liegt eines der <strong>Hauptmotive<\/strong> f\u00fcr den Rachefeldzug des Herrn DI Griess gegen die &laquo;Norweger&raquo;!<\/p>\n<p>Alle damals Beteiligten best\u00e4tigen dasselbe (es existieren sogar Schriftst\u00fccke mit eindeutigen Aussagen und Andeutungen): Die Griess Eltern hatten sich ganz einfach, wie man im Volksmund zu sagen pflegt, eine &laquo;gute Partie&raquo; zwischen ihrer Tochter und dem Arztsohn erhofft!<\/p>\n<p>In der Folge lassen nun die Griess-Eltern ihre anf\u00e4nglich freundschaftliche Maske fallen und beginnen damit, ihren ganzen Hass auf die Familie Koller und sp\u00e4ter auf &laquo;Smiths Freunde&raquo; zu entladen.<\/p>\n<p>Jedoch ohne Erfolg: Sowohl die Anzeige gegen Dr. Alexander Koller bei der \u00c4rztekammer als auch die irrwitzigen Anschuldigungen gegen seinen Sohn, Dr. Peter Koller, gehen ins Leere.<\/p>\n<p>Der Vater wird freigesprochen und in Bezug auf den Sohn musste sich Herr Griess am 3<br \/>\n. Dezember 1996 vor dem Handelsgericht Wien (Verfahren 17 Cg 15\/96d) dazu verpflichten,<em>&laquo;es ab sofort zu unterlassen zu behaupten, der F\u00fcnftkl\u00e4ger (n\u00e4mlich Dr. Peter Koller) habe durch &laquo;flirty-fishing&raquo; die Tochter des Zweitbeklagten (Herrn Griess) und der Drittbeklagten (Frau Griess) und andere M\u00e4dchen f\u00fcr die &laquo;Norweger&raquo; geworben.<\/em>&raquo;<\/p>\n<p>Doch wiederum h\u00e4lt sich Herr Griess auch in diesem Fall keineswegs an seine gerichtlichen Auflagen und ehrenvollen Versprechungen!<\/p>\n<p>Auf seiner norwegischen Homepage erz\u00e4hlt Griess neuerlich das Schauerm\u00e4rchen von &laquo;Wiltrud und der b\u00f6sen Sekte&raquo; und beschuldigt &#8211; gegen sein eindeutiges Versprechen &#8211; Herrn Dr. Peter Koller mit voller Namensnennung wiederum, sowohl Wiltrud Griess als auch mehrere junge M\u00e4dchen verf\u00fchrt zu haben, um sie f\u00fcr &laquo;Smiths Freunde&raquo; zu gewinnen. <strong>Statt &laquo;flirty fishing&raquo;<\/strong> verwendet er nun den <strong>Ausdruck &laquo;Fischtour&raquo;<\/strong> und erhebt mit etwas andern Worten inhaltlich dieselben ehrenr\u00fchrigen Beschuldigungen gegen Dr. Koller wie fr\u00fcher.<\/p>\n<p>Der Besucher dieser Homepage m\u00f6ge selbst entscheiden, was von der Seriosit\u00e4t und Glaubw\u00fcrdigkeit eines solchen Mannes zu halten ist.<\/p>\n<p><strong>Die zwei aktuellesten Urteile:<\/strong><\/p>\n<ol>\n<li>Das rechtskr\u00e4ftige ENDURTEIL des Landesgerichtes Korneuburg: Griess muss die Briefkorrespondenz zwischen Gj\u00f8sund und Sigurd Johan Bratlie von seiner Webseite entfernen.<\/li>\n<li>Rechtskr\u00e4ftiges TEILURTEIL des &laquo;Obersten Gerichtshofs&raquo; in Wien: Griess muss Schriften unsrer Gemeinschaft von seiner Webseite entfernen und es unterlassen diese zu bearbeiten oder sonstwie zu gebrauchen.<\/li>\n<\/ol>\n<p>Im ENDURTEIL gegen Griess vom 8.04.2009 verlangt das Gericht auf Seite 3 unter Punkt 4 folgende Ver\u00f6ffentlichung des Urteils, das Griess auf seine eigene Homepage hineinstellen muss:<\/p>\n<p><em>&laquo;Die beklagte Partei ist schuldig, die Punkte 1. und 2 dieses Urteils sowie die Punkte 1.1 und 1.2 des Teilurteiles des Obersten Gerichtshofes vom 11.08.2005, 4 Ob 146\/05g mit Fettdruck\u00fcberschrift, Fettdruckumrahmung sowie fett und gesperrt geschriebenen Prozessparteien unter der Internetadresse http:\/\/griess.st1.at unter dem Textlink &laquo;Smiths Freunde&raquo; zu ver\u00f6ffentlichen.&raquo;<\/em><\/p>\n<p style=\"text-align: center;\"><a href=\"http:\/\/www.norweger.at\/wp-content\/uploads\/2013\/02\/LG_Korneuburg_08042009.jpg\"><img decoding=\"async\" loading=\"lazy\" class=\"size-full wp-image-1289 aligncenter\" alt=\"LG_Korneuburg_08042009\" src=\"http:\/\/www.norweger.at\/wp-content\/uploads\/2013\/02\/LG_Korneuburg_08042009.jpg\" width=\"508\" height=\"765\" srcset=\"http:\/\/www.norweger.at\/wp-content\/uploads\/2013\/02\/LG_Korneuburg_08042009.jpg 508w, http:\/\/www.norweger.at\/wp-content\/uploads\/2013\/02\/LG_Korneuburg_08042009-199x300.jpg 199w\" sizes=\"(max-width: 508px) 100vw, 508px\" \/><\/a><\/p>\n<p><a href=\"http:\/\/www.norweger.at\/wp-content\/uploads\/2013\/02\/OGH_11082005.jpg\"><img decoding=\"async\" loading=\"lazy\" class=\"aligncenter size-full wp-image-1290\" alt=\"OGH_11082005\" src=\"http:\/\/www.norweger.at\/wp-content\/uploads\/2013\/02\/OGH_11082005.jpg\" width=\"511\" height=\"792\" srcset=\"http:\/\/www.norweger.at\/wp-content\/uploads\/2013\/02\/OGH_11082005.jpg 511w, http:\/\/www.norweger.at\/wp-content\/uploads\/2013\/02\/OGH_11082005-193x300.jpg 193w\" sizes=\"(max-width: 511px) 100vw, 511px\" \/><\/a><\/p>\n","protected":false},"excerpt":{"rendered":"<p>Erster Kontakt mit &laquo;Smiths Freunden&raquo; Wie wir den Ausf\u00fchrungen von Wiltrud Griess im n\u00e4chsten Kapitel entnehmen k\u00f6nnen, kam sie in weiterer Folge \u00fcber die Familie des Dr. Koller auch mit der Glaubensgemeinschaft der &laquo;Smiths Freunde&raquo; in Kontakt. Es muss hier besonders betont werden, dass zu diesem Zeitpunkt ein durchaus amikales Verh\u00e4ltnis zwischen den Familien Griess [&hellip;]<\/p>\n","protected":false},"author":1,"featured_media":0,"parent":804,"menu_order":3,"comment_status":"open","ping_status":"closed","template":"","meta":{"footnotes":""},"translation":{"provider":"WPGlobus","version":"2.12.2","language":"no","enabled_languages":["de","no","en"],"languages":{"de":{"title":true,"content":true,"excerpt":false},"no":{"title":false,"content":false,"excerpt":false},"en":{"title":false,"content":false,"excerpt":false}}},"_links":{"self":[{"href":"http:\/\/www.norweger.at\/no\/wp-json\/wp\/v2\/pages\/907"}],"collection":[{"href":"http:\/\/www.norweger.at\/no\/wp-json\/wp\/v2\/pages"}],"about":[{"href":"http:\/\/www.norweger.at\/no\/wp-json\/wp\/v2\/types\/page"}],"author":[{"embeddable":true,"href":"http:\/\/www.norweger.at\/no\/wp-json\/wp\/v2\/users\/1"}],"replies":[{"embeddable":true,"href":"http:\/\/www.norweger.at\/no\/wp-json\/wp\/v2\/comments?post=907"}],"version-history":[{"count":10,"href":"http:\/\/www.norweger.at\/no\/wp-json\/wp\/v2\/pages\/907\/revisions"}],"predecessor-version":[{"id":2356,"href":"http:\/\/www.norweger.at\/no\/wp-json\/wp\/v2\/pages\/907\/revisions\/2356"}],"up":[{"embeddable":true,"href":"http:\/\/www.norweger.at\/no\/wp-json\/wp\/v2\/pages\/804"}],"wp:attachment":[{"href":"http:\/\/www.norweger.at\/no\/wp-json\/wp\/v2\/media?parent=907"}],"curies":[{"name":"wp","href":"https:\/\/api.w.org\/{rel}","templated":true}]}}