{"id":923,"date":"2013-01-27T13:32:35","date_gmt":"2013-01-27T12:32:35","guid":{"rendered":"http:\/\/www.norweger.at\/?page_id=923"},"modified":"2013-03-25T23:20:24","modified_gmt":"2013-03-25T22:20:24","slug":"griess-vor-gericht","status":"publish","type":"page","link":"http:\/\/www.norweger.at\/no\/causa-griess-6\/griess-vor-gericht\/","title":{"rendered":"Griess vor Gericht"},"content":{"rendered":"<p><strong><img decoding=\"async\" loading=\"lazy\" class=\"alignright size-medium wp-image-2267\" alt=\"justizia_png\" src=\"http:\/\/www.norweger.at\/wp-content\/uploads\/2013\/03\/justizia_png-e1364249799410-259x300.png\" width=\"259\" height=\"300\" srcset=\"http:\/\/www.norweger.at\/wp-content\/uploads\/2013\/03\/justizia_png-e1364249799410-259x300.png 259w, http:\/\/www.norweger.at\/wp-content\/uploads\/2013\/03\/justizia_png-e1364249799410.png 589w\" sizes=\"(max-width: 259px) 100vw, 259px\" \/>Prozesse<\/strong><br \/>\n<strong> Griess vor dem Handelsgericht Wien<\/strong><\/p>\n<p>In zahlreichen Gerichtsverfahren vor dem HG Wien musste sich Herr Griess wiederholt dazu verpflichten:<\/p>\n<ul>\n<li>\n<div align=\"left\">seine unwahren Behauptungen \u00fcber unsere Gemeinschaft in Zukunft zu unterlassen.<\/div>\n<\/li>\n<li>\n<div align=\"left\">s\u00e4mtliche Gerichtskosten zu bezahlen.<\/div>\n<\/li>\n<li>\n<div align=\"left\">einen erheblichen Teil unserer Anwaltskosten zu bezahlen.<\/div>\n<\/li>\n<li>\n<div align=\"left\">seine eigenen Anwaltskosten zur G\u00e4nze zu bezahlen.<\/div>\n<\/li>\n<\/ul>\n<p>Trotz seiner Beteuerungen vor den jeweiligen Richtern, sich an die gerichtlichen Auflagen zu halten, bricht Herr Griess st\u00e4ndig sein Wort und zwingt uns damit, zu immer neuen rechtlichen Schritten gegen ihn.<\/p>\n<p>Anstatt sein Unrecht einzusehen und mit seinen Verleumdungen \u00fcber die &laquo;Norweger&raquo; aufzuh\u00f6ren, klagt er schriftlich und m\u00fcndlich \u00fcber seine hohen Unkosten, \u00fcber die Justiz im Allgemeinen; er beschimpft den Gerichtspr\u00e4sidenten des HG Wien als <em>&laquo;naiv&raquo;<\/em> und das Landesgericht f\u00fcr Strafsachen Graz als <em>&laquo;bl\u00f6d&raquo;<\/em> usw.<\/p>\n<p><strong>Hier eine kleine Kostprobe f\u00fcr sein offensichtlich gest\u00f6rtes Verh\u00e4ltnis zur Wahrheit, zur Justiz und zu den Richtern.<\/strong><br \/>\nBei einem seiner zahlreichen \u00f6ffentlichen Vortr\u00e4ge \u00fcber &laquo;Sekten&raquo; (die jeweils in eine \u00fcble Beschimpfungsorgie gegen die &laquo;Norweger&raquo; ausarten) verstieg er sich am 3. Juni 1997 im Pfarrsaal der nieder\u00f6sterreichsichen Stadt T\u00fcrnitz zu folgenden Aussagen, die Sie demn\u00e4chst auf dieser Webseite auch als Originaltonbandaufnahme h\u00f6ren k\u00f6nnen:<\/p>\n<p><em>&laquo;Ich bin schon zweimal in Gerichtsverfahren verwickelt gewesen von diesen Leuten. 1988 in einen Strafprozess und jetzt in ein Zivilverfahren. Das Zivilverfahren hat mich 150.000 Schillinge gekostet. Aber ich gebe nicht auf&#8230; Am 13. M\u00e4rz war unsere letzte Gerichtsverhandlung. Also die Sekte hat mich zivilrechtlich geklagt mit einem Streitwert von einer Million Schilling. Meine Anw\u00e4ltin hat mir zum Schluss gesagt: &laquo;Herr Griess, in einem Zivilverfahren, wenn Sie angeklagt werden, etwas Negatives \u00fcber jemanden gesagt zu haben, sind Sie f\u00e4llig, ganz wurscht, ob Sie das beweisen k\u00f6nnen oder nicht. Die Sekte hat dann einen Vergleich vorgeschlagen <\/em>(Anmerkung: Nicht die &laquo;Norweger&raquo;, sondern der Richter hat einen Vergleich vorgeschlagen)<em>. Der Vergleich sieht so aus, dass ich einen Teil der gegnerischen Anwaltskosten zahlen muss und nat\u00fcrlich meine eigenen auch, das macht zusammen 150.000 Schilling aus. Und Zivilverfahren sind sehr teuer und vor allem, da der Streitwert so hoch ist. Und einige Formulierungen darf ich nicht mehr sagen. Der Richter hat was ganz Au\u00dfergew\u00f6hnliches gemacht. Der negative Vergleich kam auch deswegen zustande, weil der Richter gesagt hat, er will kein Urteil f\u00e4llen, die Parteien m\u00fcssen sich vergleichen. Er hat uns also praktisch zu einem Vergleich gezwungen, und das war immerhin der Pr\u00e4sident des Handelsgerichtes in der Riemergasse, der Herr Hofrat Traxler. <\/em>(Anmerkung: Diese freche Bemerkung des Herrn Griess entspricht keinesfalls der Wahrheit. Niemals hat der Gerichtspr\u00e4sident die Parteien zu etwas gezwungen, sondern mit gro\u00dfem Einf\u00fchlungsverm\u00f6gen einen Vers\u00f6hnungsversuch gestartet)<em>. Und er hat dann was Ungew\u00f6hnliches gemacht, er hat die Verhandlung abgebrochen, er hat meine Frau, meine Tochter und mich gebeten in sein Zimmer zu kommen, in der naiven Meinung, er kann die Familie vers\u00f6hnen&#8230;&raquo;<\/em><\/p>\n<p>Im selben Vortrag \u00e4u\u00dfert sich Herr Griess \u00fcber das Straflandesgericht Graz: <em>&laquo;&#8230;und das Gericht war so bl\u00f6d&#8230;&raquo;<\/em><\/p>\n<hr \/>\n<p>Soweit Griess im O-Ton. Wir sind gewohnt, dass er solche Aussagen sp\u00e4ter bestreitet; zu seinem Pech haben Jugendliche der &laquo;Norweger-Bewegung&raquo; diese, die Justiz beleidigenden Aussagen auf Band aufgenommen, zumal es sich um einen &laquo;\u00f6ffentlichen&raquo;, in T\u00fcrnitz verlautbarten Vortrag gehandelt hat.<br \/>\nAuch auf seiner norwegischen Homepage beklagt sich Griess im Mai 1999 dar\u00fcber, dass ihn die bisherigen Gerichtsverfahren schon mehr als 200.000 norwegische Kronen (das sind umgerechnet 27.000 Euro) gekostet haben. Im selben Atemzug k\u00fcndigt er an: <em>&laquo;Aber ich gebe nicht auf!&raquo;<\/em> (Das hei\u00dft, er wird die &laquo;Norweger&raquo; weiter verleumden &#8211; koste es, was es wolle!)<\/p>\n<p>Da inzwischen ein weiteres Gerichtsverfahren vor dem HG Wien stattgefunden hat (GZ 37 CG 19\/00 y), in dem Herr Griess neuerlich dazu verurteilt wurde, alle Gerichtskosten, einen Gro\u00dfteil unsrer Anwaltskosten, sowie seine eigenen Kosten zu bezahlen, d\u00fcrfte er f\u00fcr sein &laquo;Hobby&raquo;, die &laquo;Norweger&raquo; \u00fcberall in den Schmutz zu ziehen, bereits eine halbe Million Schilling investiert haben.<\/p>\n<p>Im Einzelnen musste sich Herr Griess im Zuge von vier gerichtlichen Verfahren (drei in \u00d6sterreich, eines in Deutschland) den Norwegern gegen\u00fcber verpflichten, es<\/p>\n<p><strong>ab sofort zu unterlassen zu behaupten:<\/strong><\/p>\n<ol>\n<li><em>Dr. Katrin Espegard (geb<br \/>\n. K\u00f6berl) sei von ihrem Lehrer, Mag. Dieter Huemer, im Alter von 16 Jahren, unter Ausn\u00fctzung des Abh\u00e4ngigkeitsverh\u00e4ltnisses unter den Einfluss der Norweger-Bewegung geraten und verwahrloste psychisch,<\/em><\/li>\n<li><em>Dr. Koller habe durch &laquo;flirty-fishing&raquo; die Tochter des Beklagten und andere M\u00e4dchen f\u00fcr die &laquo;Norweger&raquo; geworben.<\/em><\/li>\n<li><em>die Norweger-Bewegung w\u00fcrde behaupten, moralisch weit \u00fcber den Mitgliedern aller sonstigen christlichen Konfessionen zu stehen; tats\u00e4chlich kommen bei ihnen Inzest, Ehebruch, Betrug, L\u00fcge h\u00e4ufig vor,<\/em><\/li>\n<li><em>Vertreter oder Mitglieder der Norweger-Bewegung haben der Tochter des Beklagten mehrmals hom\u00f6opathische Mittel verabreicht oder \u00e4hnliche Substanzen zugef\u00fchrt, um sie zum Zwecke unredlicher Einflussnahme gef\u00fcgig zu machen; oder einen inhaltsgleichen Vorwurf zu verbreiten,<\/em><\/li>\n<li><em>bei den Norwegern sei es vor etlichen Jahren zu einem dramatischen Selbstmord in der Form gekommen, dass eine junge Frau sich mit einer Schere die Augen ausgestochen hat und verblutet ist, dies in w\u00f6rtlicher Befolgung der Bibelstelle: &laquo;Wenn Dir dein Auge zum \u00c4rgernis wird, rei\u00dfe es aus, denn es ist besser, Du gehst mit einem Auge ins Himmelreich ein, als Du wirst mit 2 Augen in die H\u00f6lle geworfen&raquo;; und verpflichtet sich gleichzeitig bei Schilderung des Selbstmordes der jungen Frau darauf hinzuweisen, dass diese schon einige Jahre vor ihrem Selbstmord nicht bei den Norwegern war und der Beklagte nicht wisse, ob die fr\u00fchere Mitgliedschaft urs\u00e4chlich f\u00fcr den Selbstmord gewesen ist,<\/em><\/li>\n<li><em>bei den Norwegern herrsche ein derartiger Terror, dass zwei M\u00e4dchen von zu Hause weglaufen mussten, weil sie offensichtlich diesen Terror nicht mehr ausgehalten haben,<\/em><\/li>\n<li><em>bei den \u00f6sterreichischen Mitgliedern der Norweger herrsche eine \u00fcberdurchschnittliche Selbstmordrate und<\/em><\/li>\n<li><em>die Norweger h\u00e4tten in voller Absicht die Tochter des Beklagten zu psychischem Schaden bis hin zum Selbstmord gef\u00fchrt und dies sei kriminell.<\/em><\/li>\n<\/ol>\n","protected":false},"excerpt":{"rendered":"<p>Prozesse Griess vor dem Handelsgericht Wien In zahlreichen Gerichtsverfahren vor dem HG Wien musste sich Herr Griess wiederholt dazu verpflichten: seine unwahren Behauptungen \u00fcber unsere Gemeinschaft in Zukunft zu unterlassen. s\u00e4mtliche Gerichtskosten zu bezahlen. einen erheblichen Teil unserer Anwaltskosten zu bezahlen. seine eigenen Anwaltskosten zur G\u00e4nze zu bezahlen. Trotz seiner Beteuerungen vor den jeweiligen Richtern, [&hellip;]<\/p>\n","protected":false},"author":1,"featured_media":0,"parent":804,"menu_order":6,"comment_status":"open","ping_status":"closed","template":"","meta":{"footnotes":""},"translation":{"provider":"WPGlobus","version":"2.12.2","language":"no","enabled_languages":["de","no","en"],"languages":{"de":{"title":true,"content":true,"excerpt":false},"no":{"title":false,"content":false,"excerpt":false},"en":{"title":false,"content":false,"excerpt":false}}},"_links":{"self":[{"href":"http:\/\/www.norweger.at\/no\/wp-json\/wp\/v2\/pages\/923"}],"collection":[{"href":"http:\/\/www.norweger.at\/no\/wp-json\/wp\/v2\/pages"}],"about":[{"href":"http:\/\/www.norweger.at\/no\/wp-json\/wp\/v2\/types\/page"}],"author":[{"embeddable":true,"href":"http:\/\/www.norweger.at\/no\/wp-json\/wp\/v2\/users\/1"}],"replies":[{"embeddable":true,"href":"http:\/\/www.norweger.at\/no\/wp-json\/wp\/v2\/comments?post=923"}],"version-history":[{"count":10,"href":"http:\/\/www.norweger.at\/no\/wp-json\/wp\/v2\/pages\/923\/revisions"}],"predecessor-version":[{"id":2274,"href":"http:\/\/www.norweger.at\/no\/wp-json\/wp\/v2\/pages\/923\/revisions\/2274"}],"up":[{"embeddable":true,"href":"http:\/\/www.norweger.at\/no\/wp-json\/wp\/v2\/pages\/804"}],"wp:attachment":[{"href":"http:\/\/www.norweger.at\/no\/wp-json\/wp\/v2\/media?parent=923"}],"curies":[{"name":"wp","href":"https:\/\/api.w.org\/{rel}","templated":true}]}}