{"id":956,"date":"2013-01-27T17:31:53","date_gmt":"2013-01-27T16:31:53","guid":{"rendered":"http:\/\/www.norweger.at\/?page_id=956"},"modified":"2013-03-23T11:47:54","modified_gmt":"2013-03-23T10:47:54","slug":"unterlassungs-und-exekutionstitel-hg-wien","status":"publish","type":"page","link":"http:\/\/www.norweger.at\/no\/causa-griess-6\/griess-vor-gericht\/unterlassungs-und-exekutionstitel-hg-wien\/","title":{"rendered":"Unterlassungs- und Exekutionstitel"},"content":{"rendered":"<p><a href=\"http:\/\/www.norweger.at\/wp-content\/uploads\/2013\/01\/paragraph.png\"><img decoding=\"async\" loading=\"lazy\" class=\"alignright size-full wp-image-1272\" alt=\"paragraph\" src=\"http:\/\/www.norweger.at\/wp-content\/uploads\/2013\/01\/paragraph.png\" width=\"150\" height=\"150\" \/><\/a>In zahlreichen Gerichtsverfahren vor dem HG Wien musste sich Herr Griess wiederholt dazu verpflichten:<\/p>\n<ul>\n<li>seine unwahren Behauptungen \u00fcber unsere Gemeinschaft in Zukunft zu unterlassen<\/li>\n<li>s\u00e4mtliche Gerichtskosten zu bezahlen<\/li>\n<li>einen erheblichen Teil unserer Anwaltskosten zu bezahlen<\/li>\n<li>seine eigenen Anwaltskosten zur G\u00e4nze zu bezahlen<\/li>\n<\/ul>\n<p>Trotz seiner Beteuerungen vor den jeweiligen Richtern, sich an die gerichtlichen Auflagen zu halten, bricht Herr Griess st\u00e4ndig sein Wort und zwingt uns damit zu immer neuen rechtlichen Schritten gegen ihn.<\/p>\n<p>Anstatt sein Unrecht einzusehen und mit seinen Verleumdungen \u00fcber die &laquo;Norweger&raquo; aufzuh\u00f6ren, klagt er schriftlich und m\u00fcndlich \u00fcber seine hohen Unkosten, \u00fcber die Justiz im Allgemeinen, er beschimpft den Gerichtspr\u00e4sidenten des HG Wien als &laquo;naiv&raquo; und das Landesgericht f\u00fcr Strafsachen Graz als &laquo;bl\u00f6d&raquo; usw.<\/p>\n<hr \/>\n<p><strong>Die Urteile im Detail:<\/strong><br \/>\n<strong>Vergleichsurteil des Handelsgerichts Wien vom 1. M\u00e4rz 2000<\/strong><br \/>\n<a href=\"http:\/\/www.norweger.at\/wp-content\/uploads\/2013\/02\/hgw_2000_bild.jpg\"><br \/>\n<img decoding=\"async\" class=\"alignleft urteil\" alt=\"Urteil des Landesgerichts Korneuburg vom 26 \n. Juli 2004\" src=\"http:\/\/www.norweger.at\/wp-content\/uploads\/2013\/02\/hgw_2000_bild.jpg\" \/><\/a><\/p>\n<blockquote><p><a title=\"Urteil des Landesgerichts Korneuburg vom 26. Juli 2004\" href=\"http:\/\/www.norweger.at\/wp-content\/uploads\/2013\/01\/hgw_2000.pdf\" target=\"_blank\"><i class=\"icon-file-alt\"><\/i> Vergleichsurteil des Handelsgerichts Wien vom 1. M\u00e4rz 2000 [PDF]<\/a><\/p><\/blockquote>\n<div class=\"clearfix\"><\/div>\n<p><strong>Exekutions-Bewilligung des Bezirksgerichts Klosterneuburg vom 4. Dezember 2000<\/strong><br \/>\nIn dem Verfahren vom 1. M\u00e4rz 2000 hatte sich Griess u.a. vor Gericht verpflichtet, eine objektive Stellungnahme der Norweger-Bewegung auf seiner Internetseite zu ver\u00f6ffentlichen. Dem kam er letztlich nicht nach und deshalb sah sich die Norweger-Bewegung gezwungen, Exekution zu f\u00fchren.<br \/>\n<a href=\"http:\/\/www.norweger.at\/wp-content\/uploads\/2013\/02\/exek_2000_bild.jpg\"><br \/>\n<img decoding=\"async\" class=\"alignright urteil\" alt=\"Exekutions-Bewilligung des Bezirksgerichts Klosterneuburg vom 4. Dezember 2000\" src=\"http:\/\/www.norweger.at\/wp-content\/uploads\/2013\/02\/exek_2000_bild.jpg\" \/><\/a><\/p>\n<blockquote><p><a title=\"Exekutions-Bewilligung des Bezirksgerichts Klosterneuburg vom 4. Dezember 2000\" href=\"http:\/\/www.norweger.at\/wp-content\/uploads\/2013\/01\/exek_2000.pdf\" target=\"_blank\"><i class=\"icon-file-alt\"><\/i> Exekutions-Bewilligung des Bezirksgerichts Klosterneuburg vom 4 <\/p>\n<hr \/>\n<p>\n<strong>Vergleichsurteil des Handelsgerichts Wien vom 01. Oktober 1996<\/strong><\/p>\n<p>Gleich in einem der ersten Verfahren, das sich die Norweger-Bewegung gen\u00f6tigt sah, gegen Herrn Griess anzustrengen, musste er sich gerichtlich dazu verpflichten, eine ganze Reihe an Behauptungen \u00fcber die Glaubensgemeinschaft nicht mehr aufzustellen. Der Grund: sie stimmen ganz einfach nicht. Darunter fallen etwa folgende b\u00f6sartigen Unterstellungen: <\/p>\n<ul>\n<li>die Norweger-Bewegung behaupte, moralisch weit \u00fcber den Mitgliedern aller sonstigen christlichen Konfessionen zu stehen, tats\u00e4chlich k\u00e4men aber Inzest, Ehebruch, Betrug und L\u00fcge h\u00e4ufig vor<\/li>\n<li>seine Tochter sei, so wie viele andere Menschen, von der Norweger-Bewegung psychisch schwer gesch\u00e4digt, zerst\u00f6rt und verr\u00fcckt gemacht worden<\/li>\n<li>seine Tochter sei, so wie andere M\u00e4dchen, durch &laquo;flirty fishing&raquo; von den Norwegern geworben worden<\/li>\n<li>seine Tochter sei von der Norweger-Bewegung instruiert worden, Vater und Mutter zu attackieren<br \/>\n  und psychisch fertig zu machen<\/li>\n<\/ul>\n<p><a href=\"http:\/\/www.norweger.at\/wp-content\/uploads\/2013\/02\/hg_vgl_ut_011096_bild.jpg\"><br \/>\n<img decoding=\"async\" class=\"alignleft urteil\" alt=\"Vergleichsurteil des Handelsgerichts Wien vom 01. Oktober 1996\" src=\"http:\/\/www.norweger.at\/wp-content\/uploads\/2013\/02\/hg_vgl_ut_011096_bild.jpg\" \/><\/a><\/p>\n<blockquote><p><a title=\"Vergleichsurteil des Handelsgerichts Wien vom 01. Oktober 1996\" href=\"http:\/\/www.norweger.at\/wp-content\/uploads\/2013\/01\/hg_vgl_ut_011096.pdf\" target=\"_blank\"><i class=\"icon-file-alt\"><\/i> Vergleichsurteil des Handelsgerichts Wien vom 01. Oktober 1996 [PDF]<\/a><\/p><\/blockquote>\n","protected":false},"excerpt":{"rendered":"<p>In zahlreichen Gerichtsverfahren vor dem HG Wien musste sich Herr Griess wiederholt dazu verpflichten: seine unwahren Behauptungen \u00fcber unsere Gemeinschaft in Zukunft zu unterlassen s\u00e4mtliche Gerichtskosten zu bezahlen einen erheblichen Teil unserer Anwaltskosten zu bezahlen seine eigenen Anwaltskosten zur G\u00e4nze zu bezahlen Trotz seiner Beteuerungen vor den jeweiligen Richtern, sich an die gerichtlichen Auflagen zu [&hellip;]<\/p>\n","protected":false},"author":1,"featured_media":0,"parent":923,"menu_order":8,"comment_status":"open","ping_status":"closed","template":"","meta":{"footnotes":""},"translation":{"provider":"WPGlobus","version":"2.12.2","language":"no","enabled_languages":["de","no","en"],"languages":{"de":{"title":true,"content":true,"excerpt":false},"no":{"title":false,"content":false,"excerpt":false},"en":{"title":false,"content":false,"excerpt":false}}},"_links":{"self":[{"href":"http:\/\/www.norweger.at\/no\/wp-json\/wp\/v2\/pages\/956"}],"collection":[{"href":"http:\/\/www.norweger.at\/no\/wp-json\/wp\/v2\/pages"}],"about":[{"href":"http:\/\/www.norweger.at\/no\/wp-json\/wp\/v2\/types\/page"}],"author":[{"embeddable":true,"href":"http:\/\/www.norweger.at\/no\/wp-json\/wp\/v2\/users\/1"}],"replies":[{"embeddable":true,"href":"http:\/\/www.norweger.at\/no\/wp-json\/wp\/v2\/comments?post=956"}],"version-history":[{"count":10,"href":"http:\/\/www.norweger.at\/no\/wp-json\/wp\/v2\/pages\/956\/revisions"}],"predecessor-version":[{"id":962,"href":"http:\/\/www.norweger.at\/no\/wp-json\/wp\/v2\/pages\/956\/revisions\/962"}],"up":[{"embeddable":true,"href":"http:\/\/www.norweger.at\/no\/wp-json\/wp\/v2\/pages\/923"}],"wp:attachment":[{"href":"http:\/\/www.norweger.at\/no\/wp-json\/wp\/v2\/media?parent=956"}],"curies":[{"name":"wp","href":"https:\/\/api.w.org\/{rel}","templated":true}]}}