{"id":958,"date":"2013-01-27T17:34:09","date_gmt":"2013-01-27T16:34:09","guid":{"rendered":"http:\/\/www.norweger.at\/?page_id=958"},"modified":"2020-05-21T13:40:48","modified_gmt":"2020-05-21T11:40:48","slug":"urheberrechtsprozess","status":"publish","type":"page","link":"http:\/\/www.norweger.at\/no\/causa-griess-6\/griess-vor-gericht\/urheberrechtsprozess\/","title":{"rendered":"Urheberrechtsprozess"},"content":{"rendered":"<p><img decoding=\"async\" loading=\"lazy\" class=\"alignleft size-medium wp-image-2304\" src=\"http:\/\/www.norweger.at\/wp-content\/uploads\/2013\/01\/justizia_png-259x300.png\" alt=\"justizia_png\" width=\"259\" height=\"300\" srcset=\"http:\/\/www.norweger.at\/wp-content\/uploads\/2013\/01\/justizia_png-259x300.png 259w, http:\/\/www.norweger.at\/wp-content\/uploads\/2013\/01\/justizia_png.png 589w\" sizes=\"(max-width: 259px) 100vw, 259px\" \/><\/p>\n<p>Wie Sie dieser Homepage entnehmen k\u00f6nnen, musste sich Herr Griess in zahlreichen Gerichtsverfahren, u. a. beim Handelsgericht Wien, verpflichten, seine ehrenbeleidigenden, unwahren Behauptungen \u00fcber unsere Glaubensgemeinschaft zu unterlassen (vgl. dazu den Punkt <a title=\"Kurzinformation\" href=\"\/?page_id=1303\" target=\"_blank\" rel=\"noopener noreferrer\">Kurzinformation<\/a> sowie die <a title=\"Brosch\u00fcre zum Thema\" href=\"\/?page_id=1032\" target=\"_blank\" rel=\"noopener noreferrer\">umfassende Brosch\u00fcre<\/a>)<br \/>\n. Da er sich mehrmals \u00fcber diese gerichtlichen Auflagen hinweggesetzt hat, sahen wir uns gen\u00f6tigt, Exekution zu f\u00fchren (vgl. Exekutionsprozess Handelsgericht Wien, April 2004, in dem er zu einer Beugestrafe verurteilt wurde). Neben den st\u00e4ndigen Diffamierungen in Wort und Schrift, verbreitet Herr Griess \u00fcber seine Internetseite ohne Zustimmung unseres Verlages Textfragmente, Zitate und Ausz\u00fcge aus verschiedenen Werken und kommentiert sie in einer diffamierenden und unsachlichen Weise. Viele von diese Textstellen stammen aus alten Schriften, die Griess offensichtlich mit b\u00f6ser Absicht aus dem Zusammenhang rei\u00dft, um unsere Bewegung in ein autorit\u00e4res, gesellschafts- und frauenfeindliches Licht zu r\u00fccken.<\/p>\n<p>Auffallend und typisch ist, dass er einige wenige Textfragmente, meist aus alten Schriften ausw\u00e4hlt, obwohl, sowohl unsere Lehre, als auch Zielsetzung seit 1912 in mehr als 1116 Monatsheften, jeweils acht Seiten, mit dem Namen &laquo;Skjulte Skatter&raquo; (Verborgene Sch\u00e4tze) herausgegeben wird. Weiters existieren unz\u00e4hlige B\u00fccher, Traktate und Brosch\u00fcren, neben einer F\u00fclle von religionswissenschaftlichen und popul\u00e4rwissenschaftlichen B\u00fcchern von au\u00dfenstehenden Verfassern, Theologen und Journalisten.<\/p>\n<p>Aus all diesen Gr\u00fcnden sah man sich gezwungen, eine Klage beim Bezirksgericht Korneuburg auf &laquo;Unterlassung, Beseitigung, Urteilsverk\u00fcndgung, Wiedergutmachtung und Schadenersatz&raquo; einzubringen.<\/p>\n<hr \/>\n<p><strong>Die Urteile im Detail:<\/strong><\/p>\n<p><a href=\"http:\/\/www.norweger.at\/wp-content\/uploads\/2013\/01\/LG_Korneuburg_14082006.jpg\"><img decoding=\"async\" class=\"alignleft urteil\" src=\"http:\/\/www.norweger.at\/wp-content\/uploads\/2013\/01\/LG_Korneuburg_14082006.jpg\" alt=\"Urteil des Landesgerichts Korneuburg vom 14.08.2006\" width=\"100\" \/><\/a><\/p>\n<blockquote><p><a title=\"Urteil LG Korneuburg 14082006\" href=\"http:\/\/www.norweger.at\/wp-content\/uploads\/2013\/01\/LG_Korneuburg_14082006.jpg\" target=\"_blank\" rel=\"noopener noreferrer\"><i class=\"icon-file-alt\"><\/i> Urteil des Landesgerichts Korneuburg vom 14.08.2006<\/a><\/p><\/blockquote>\n<div class=\"clearfix\"><\/div>\n<hr \/>\n<p><a href=\"http:\/\/www.norweger.at\/wp-content\/uploads\/2013\/02\/OGH_11082005.jpg\"><br \/>\n<img decoding=\"async\" class=\"alignright urteil\" src=\"http:\/\/www.norweger.at\/wp-content\/uploads\/2013\/02\/OGH_11082005.jpg\" alt=\"Urteil des Landesgerichts Korneuburg vom 14.08.2006\" width=\"100\" \/><\/a><\/p>\n<blockquote>\n<p>Urteil des Obersten Gerichtshofs vom 11. August 2005<\/p><\/blockquote>\n<div class=\"clearfix\"><\/div>\n<hr \/>\n<p><a href=\"http:\/\/www.norweger.at\/wp-content\/uploads\/2013\/02\/olg_24062005_bild.jpg\"><br \/>\n<img decoding=\"async\" class=\"alignleft urteil\" src=\"http:\/\/www.norweger.at\/wp-content\/uploads\/2013\/02\/olg_24062005_bild.jpg\" alt=\"Urteil des Oberlandesgerichts Wien vom 24.06.2005\" width=\"100\" \/><\/a><\/p>\n<blockquote><p><a title=\"Urteil des Oberlandesgerichts Wien vom 24.06.2005\" href=\"http:\/\/www.norweger.at\/wp-content\/uploads\/2013\/01\/olg.pdf\" target=\"_blank\" rel=\"noopener noreferrer\"><i class=\"icon-file-alt\"><\/i> Urteil des Oberlandesgerichts Wien vom 24.06.2005 [PDF]<\/a><\/p><\/blockquote>\n<div class=\"clearfix\"><\/div>\n<hr \/>\n<p><a href=\"http:\/\/www.norweger.at\/wp-content\/uploads\/2013\/02\/urtklnbg_26072004.jpg\"><br \/>\n<img decoding=\"async\" class=\"alignright urteil\" src=\"http:\/\/www.norweger.at\/wp-content\/uploads\/2013\/02\/urtklnbg_26072004.jpg\" alt=\"Urteil des Landesgerichts Korneuburg vom 26. Juli 2004\" width=\"100\" \/><\/a><\/p>\n<blockquote><p><a title=\"Urteil des Landesgerichts Korneuburg vom 26. Juli 2004\" href=\"http:\/\/www.norweger.at\/wp-content\/uploads\/2013\/01\/urtklnbg.pdf\" target=\"_blank\" rel=\"noopener noreferrer\"><i class=\"icon-file-alt\"><\/i> Urteil des Landesgerichts Korneuburg vom 26. Juli 2004 [PDF]<\/a><\/p><\/blockquote>\n","protected":false},"excerpt":{"rendered":"<p>Wie Sie dieser Homepage entnehmen k\u00f6nnen, musste sich Herr Griess in zahlreichen Gerichtsverfahren, u. a. beim Handelsgericht Wien, verpflichten, seine ehrenbeleidigenden, unwahren Behauptungen \u00fcber unsere Glaubensgemeinschaft zu unterlassen (vgl. dazu den Punkt Kurzinformation sowie die umfassende Brosch\u00fcre) . Da er sich mehrmals \u00fcber diese gerichtlichen Auflagen hinweggesetzt hat, sahen wir uns gen\u00f6tigt, Exekution zu f\u00fchren [&hellip;]<\/p>\n","protected":false},"author":1,"featured_media":0,"parent":923,"menu_order":7,"comment_status":"open","ping_status":"closed","template":"","meta":{"footnotes":""},"translation":{"provider":"WPGlobus","version":"2.12.2","language":"no","enabled_languages":["de","no","en"],"languages":{"de":{"title":true,"content":true,"excerpt":false},"no":{"title":false,"content":false,"excerpt":false},"en":{"title":false,"content":false,"excerpt":false}}},"_links":{"self":[{"href":"http:\/\/www.norweger.at\/no\/wp-json\/wp\/v2\/pages\/958"}],"collection":[{"href":"http:\/\/www.norweger.at\/no\/wp-json\/wp\/v2\/pages"}],"about":[{"href":"http:\/\/www.norweger.at\/no\/wp-json\/wp\/v2\/types\/page"}],"author":[{"embeddable":true,"href":"http:\/\/www.norweger.at\/no\/wp-json\/wp\/v2\/users\/1"}],"replies":[{"embeddable":true,"href":"http:\/\/www.norweger.at\/no\/wp-json\/wp\/v2\/comments?post=958"}],"version-history":[{"count":10,"href":"http:\/\/www.norweger.at\/no\/wp-json\/wp\/v2\/pages\/958\/revisions"}],"predecessor-version":[{"id":2604,"href":"http:\/\/www.norweger.at\/no\/wp-json\/wp\/v2\/pages\/958\/revisions\/2604"}],"up":[{"embeddable":true,"href":"http:\/\/www.norweger.at\/no\/wp-json\/wp\/v2\/pages\/923"}],"wp:attachment":[{"href":"http:\/\/www.norweger.at\/no\/wp-json\/wp\/v2\/media?parent=958"}],"curies":[{"name":"wp","href":"https:\/\/api.w.org\/{rel}","templated":true}]}}